{"id":6219,"date":"2023-05-30T02:29:34","date_gmt":"2023-05-29T20:29:34","guid":{"rendered":"https:\/\/r2-toys.com\/?post_type=product&#038;p=6219"},"modified":"2025-12-09T04:23:08","modified_gmt":"2025-12-08T22:23:08","slug":"boba-fett-4","status":"publish","type":"product","link":"https:\/\/r2-toys.com\/index.php\/product\/boba-fett-4\/","title":{"rendered":"Boba Fett\u00a0"},"content":{"rendered":"<p>Una vez considerado como uno de los cazarrecompensas m\u00e1s temibles y capaces de la galaxia, Boba Fett aparentemente muri\u00f3 en el pozo Sarlacc en Tatooine y cinco a\u00f1os despu\u00e9s de la ca\u00edda del Imperio, reaparece de las sombras en Tatooine para reclamar su lugar en la galaxia.<\/p>\n<p>Figura de acci\u00f3n de 9.5 cm, cuenta con m\u00faltiples puntos de articulaci\u00f3n y accesorios de combate.<\/p>\n<p>Edad recomendada: 4 a\u00f1os en adelante<\/p>\n<p>\u26a0\ufe0fADVERTENCIA: PELIGRO DE ASFIXIA &#8211; Piezas peque\u00f1as. No apto para ni\u00f1os menores de 4 a\u00f1os.<\/p>\n<p>Los productos Star Wars son producidos por Hasbro bajo licencia de Lucasfilm Ltd.<\/p>\n<p>Hasbro y todos los t\u00e9rminos relacionados son marcas registradas de Hasbro.<\/p>\n","protected":false},"excerpt":{"rendered":"<p>Una vez considerado como uno de los cazarrecompensas m\u00e1s temibles y capaces de la galaxia, Boba Fett aparentemente muri\u00f3 en el pozo Sarlacc en Tatooine y cinco a\u00f1os despu\u00e9s de la ca\u00edda del Imperio, reaparece de las sombras en Tatooine para reclamar su lugar en la galaxia.<\/p>\n","protected":false},"featured_media":6232,"comment_status":"open","ping_status":"closed","template":"","meta":[],"product_brand":[],"product_cat":[29],"product_tag":[],"class_list":{"0":"post-6219","1":"product","2":"type-product","3":"status-publish","4":"has-post-thumbnail","6":"product_cat-vintage","8":"first","9":"instock","10":"taxable","11":"shipping-taxable","12":"purchasable","13":"product-type-simple"},"_links":{"self":[{"href":"https:\/\/r2-toys.com\/index.php\/wp-json\/wp\/v2\/product\/6219","targetHints":{"allow":["GET"]}}],"collection":[{"href":"https:\/\/r2-toys.com\/index.php\/wp-json\/wp\/v2\/product"}],"about":[{"href":"https:\/\/r2-toys.com\/index.php\/wp-json\/wp\/v2\/types\/product"}],"replies":[{"embeddable":true,"href":"https:\/\/r2-toys.com\/index.php\/wp-json\/wp\/v2\/comments?post=6219"}],"wp:featuredmedia":[{"embeddable":true,"href":"https:\/\/r2-toys.com\/index.php\/wp-json\/wp\/v2\/media\/6232"}],"wp:attachment":[{"href":"https:\/\/r2-toys.com\/index.php\/wp-json\/wp\/v2\/media?parent=6219"}],"wp:term":[{"taxonomy":"product_brand","embeddable":true,"href":"https:\/\/r2-toys.com\/index.php\/wp-json\/wp\/v2\/product_brand?post=6219"},{"taxonomy":"product_cat","embeddable":true,"href":"https:\/\/r2-toys.com\/index.php\/wp-json\/wp\/v2\/product_cat?post=6219"},{"taxonomy":"product_tag","embeddable":true,"href":"https:\/\/r2-toys.com\/index.php\/wp-json\/wp\/v2\/product_tag?post=6219"}],"curies":[{"name":"wp","href":"https:\/\/api.w.org\/{rel}","templated":true}]}}