{"id":6220,"date":"2023-05-30T02:27:59","date_gmt":"2023-05-29T20:27:59","guid":{"rendered":"https:\/\/r2-toys.com\/?post_type=product&#038;p=6220"},"modified":"2023-05-30T02:27:59","modified_gmt":"2023-05-29T20:27:59","slug":"droid-factory-figure-set-star-wars-pride-collection","status":"publish","type":"product","link":"https:\/\/r2-toys.com\/index.php\/product\/droid-factory-figure-set-star-wars-pride-collection\/","title":{"rendered":"Droid Factory Figure Set \u2013 Star Wars Pride Collection"},"content":{"rendered":"<p>Conoce la colorida colecci\u00f3n de droides de Star Wars Pride Collection. Cada una de las seis figuras detalladas de la Unidad R acaba de salir de la l\u00ednea de producci\u00f3n de Droid Factory y cuenta con un dise\u00f1o diferente, creando un conjunto especial con todos los colores del arco\u00edris.<\/p>\n<p>Estas figuras de 9,5 cm cuenta con un excelente<span class=\"Apple-converted-space\">\u00a0 <\/span>dise\u00f1o, en empaques inspirados en la l\u00ednea original e incluye la unidad R2, la unidad R4, la unidad R5, la unidad R6, la unidad R7 y la unidad R8 provenientes de Droid Factory.<\/p>\n<p>Edad recomendada: 4 a\u00f1os en adelante<\/p>\n<p>\u26a0\ufe0fADVERTENCIA: PELIGRO DE ASFIXIA &#8211; Piezas peque\u00f1as. No apto para ni\u00f1os menores de 4 a\u00f1os.<\/p>\n<p>Los productos Star Wars son producidos por Hasbro bajo licencia de Lucasfilm Ltd.<\/p>\n<p>Hasbro y todos los t\u00e9rminos relacionados son marcas registradas de Hasbro.<\/p>\n","protected":false},"excerpt":{"rendered":"<p>Conoce la colorida colecci\u00f3n de droides de Star Wars Pride Collection. Cada una de las seis figuras detalladas de la Unidad R acaba de salir de la l\u00ednea de producci\u00f3n de Droid Factory y cuenta con un dise\u00f1o diferente, creando un conjunto especial con todos los colores del arco\u00edris.<\/p>\n","protected":false},"featured_media":6224,"comment_status":"open","ping_status":"closed","template":"","meta":[],"product_brand":[],"product_cat":[29],"product_tag":[],"class_list":{"0":"post-6220","1":"product","2":"type-product","3":"status-publish","4":"has-post-thumbnail","6":"product_cat-vintage","8":"first","9":"instock","10":"taxable","11":"shipping-taxable","12":"purchasable","13":"product-type-simple"},"_links":{"self":[{"href":"https:\/\/r2-toys.com\/index.php\/wp-json\/wp\/v2\/product\/6220","targetHints":{"allow":["GET"]}}],"collection":[{"href":"https:\/\/r2-toys.com\/index.php\/wp-json\/wp\/v2\/product"}],"about":[{"href":"https:\/\/r2-toys.com\/index.php\/wp-json\/wp\/v2\/types\/product"}],"replies":[{"embeddable":true,"href":"https:\/\/r2-toys.com\/index.php\/wp-json\/wp\/v2\/comments?post=6220"}],"wp:featuredmedia":[{"embeddable":true,"href":"https:\/\/r2-toys.com\/index.php\/wp-json\/wp\/v2\/media\/6224"}],"wp:attachment":[{"href":"https:\/\/r2-toys.com\/index.php\/wp-json\/wp\/v2\/media?parent=6220"}],"wp:term":[{"taxonomy":"product_brand","embeddable":true,"href":"https:\/\/r2-toys.com\/index.php\/wp-json\/wp\/v2\/product_brand?post=6220"},{"taxonomy":"product_cat","embeddable":true,"href":"https:\/\/r2-toys.com\/index.php\/wp-json\/wp\/v2\/product_cat?post=6220"},{"taxonomy":"product_tag","embeddable":true,"href":"https:\/\/r2-toys.com\/index.php\/wp-json\/wp\/v2\/product_tag?post=6220"}],"curies":[{"name":"wp","href":"https:\/\/api.w.org\/{rel}","templated":true}]}}