{"id":6244,"date":"2023-06-30T11:46:09","date_gmt":"2023-06-30T05:46:09","guid":{"rendered":"https:\/\/r2-toys.com\/?post_type=product&#038;p=6244"},"modified":"2026-03-22T04:48:57","modified_gmt":"2026-03-21T22:48:57","slug":"arc-commander-havoc","status":"publish","type":"product","link":"https:\/\/r2-toys.com\/index.php\/product\/arc-commander-havoc\/","title":{"rendered":"Arc Commander Havoc"},"content":{"rendered":"<p>Es el apodo de un\u00a0Comandante Clon CAR\u00a0que sirvi\u00f3 en el\u00a0Gran Ej\u00e9rcito de la Rep\u00fablica\u00a0durante las\u00a0Guerras Clon\u00a0como miembro del\u00a0Batall\u00f3n Rancor. \u00c9l sirvi\u00f3 como parte de las fuerzas armadas de la\u00a0Rep\u00fablica Gal\u00e1ctica\u00a0durante la\u00a0Batalla de Kamino, en la que\u00a0pereci\u00f3.<\/p>\n<p>Esta figura de 9,5 cm cuenta con un excelente<span class=\"Apple-converted-space\">\u00a0 <\/span>dise\u00f1o, en empaques inspirados en la l\u00ednea original e incluye 4 accesorios.<\/p>\n<p>Edad recomendada: 4 a\u00f1os en adelante<\/p>\n<p>\u26a0\ufe0fADVERTENCIA: PELIGRO DE ASFIXIA &#8211; Piezas peque\u00f1as. No apto para ni\u00f1os menores de 4 a\u00f1os.<\/p>\n<p>Los productos Star Wars son producidos por Hasbro bajo licencia de Lucasfilm Ltd.<\/p>\n<p>Hasbro y todos los t\u00e9rminos relacionados son marcas registradas de Hasbro.<\/p>\n","protected":false},"excerpt":{"rendered":"<p>Es el apodo de un\u00a0Comandante Clon CAR\u00a0que sirvi\u00f3 en el\u00a0Gran Ej\u00e9rcito de la Rep\u00fablica\u00a0durante las\u00a0Guerras Clon\u00a0como miembro del\u00a0Batall\u00f3n Rancor. \u00c9l sirvi\u00f3 como parte de las fuerzas armadas de la\u00a0Rep\u00fablica Gal\u00e1ctica\u00a0durante la\u00a0Batalla de Kamino, en la que\u00a0pereci\u00f3.<\/p>\n<p>&nbsp;<\/p>\n","protected":false},"featured_media":6307,"comment_status":"open","ping_status":"closed","template":"","meta":[],"product_brand":[],"product_cat":[29],"product_tag":[],"class_list":{"0":"post-6244","1":"product","2":"type-product","3":"status-publish","4":"has-post-thumbnail","6":"product_cat-vintage","8":"first","9":"instock","10":"taxable","11":"shipping-taxable","12":"purchasable","13":"product-type-simple"},"_links":{"self":[{"href":"https:\/\/r2-toys.com\/index.php\/wp-json\/wp\/v2\/product\/6244","targetHints":{"allow":["GET"]}}],"collection":[{"href":"https:\/\/r2-toys.com\/index.php\/wp-json\/wp\/v2\/product"}],"about":[{"href":"https:\/\/r2-toys.com\/index.php\/wp-json\/wp\/v2\/types\/product"}],"replies":[{"embeddable":true,"href":"https:\/\/r2-toys.com\/index.php\/wp-json\/wp\/v2\/comments?post=6244"}],"wp:featuredmedia":[{"embeddable":true,"href":"https:\/\/r2-toys.com\/index.php\/wp-json\/wp\/v2\/media\/6307"}],"wp:attachment":[{"href":"https:\/\/r2-toys.com\/index.php\/wp-json\/wp\/v2\/media?parent=6244"}],"wp:term":[{"taxonomy":"product_brand","embeddable":true,"href":"https:\/\/r2-toys.com\/index.php\/wp-json\/wp\/v2\/product_brand?post=6244"},{"taxonomy":"product_cat","embeddable":true,"href":"https:\/\/r2-toys.com\/index.php\/wp-json\/wp\/v2\/product_cat?post=6244"},{"taxonomy":"product_tag","embeddable":true,"href":"https:\/\/r2-toys.com\/index.php\/wp-json\/wp\/v2\/product_tag?post=6244"}],"curies":[{"name":"wp","href":"https:\/\/api.w.org\/{rel}","templated":true}]}}