{"id":6271,"date":"2023-06-14T07:11:07","date_gmt":"2023-06-14T01:11:07","guid":{"rendered":"https:\/\/r2-toys.com\/?post_type=product&#038;p=6271"},"modified":"2023-06-14T07:11:08","modified_gmt":"2023-06-14T01:11:08","slug":"luke-skywalker-605","status":"publish","type":"product","link":"https:\/\/r2-toys.com\/index.php\/product\/luke-skywalker-605\/","title":{"rendered":"Luke Skywalker (605)"},"content":{"rendered":"<p>Luke Skywalker era un granjero de Tatooine que se levant\u00f3 desde un comienzo humilde para convertirse en uno de los Jedi m\u00e1s grandes que la galaxia haya conocido. Junto con sus amigos, la princesa Leia y Han Solo, Luke luch\u00f3 contra el malvado Imperio, descubri\u00f3 la verdad sobre su ascendencia y puso fin a la tiran\u00eda de los Sith.<\/p>\n<p>Desde 1977 la saga de Star Wars ha sido un movimiento revolucionario de la cultura pop generaci\u00f3n tras generaci\u00f3n, reclutando fans y seguidores, creando para ellos diversas producciones del amplio universo. Gracias a FunkoPop podemos tener incre\u00edbles figuras de tus personajes favoritos con incre\u00edbles dise\u00f1os.<\/p>\n<p>Altura aproximada de 11 cm<\/p>\n<p>Empaque con ventana para su exhibici\u00f3n<span class=\"Apple-converted-space\">\u00a0<\/span><\/p>\n<p>Fabricados en Vinyl y brilla en la oscuridad<\/p>\n<p>Edad recomendada: 4 a\u00f1os en adelante<\/p>\n<p>\u26a0\ufe0fADVERTENCIA: PELIGRO DE ASFIXIA &#8211; Piezas peque\u00f1as. No apto para ni\u00f1os menores de 4 a\u00f1os.<\/p>\n<p>Los productos Star Wars son producidos por FUNKO bajo licencia de Lucasfilm Ltd. y Disney<\/p>\n<p>FUNKO y todos los t\u00e9rminos relacionados son marcas registradas.<\/p>\n","protected":false},"excerpt":{"rendered":"<p>Luke Skywalker era un granjero de Tatooine que se levant\u00f3 desde un comienzo humilde para convertirse en uno de los Jedi m\u00e1s grandes que la galaxia haya conocido. Junto con sus amigos, la princesa Leia y Han Solo, Luke luch\u00f3 contra el malvado Imperio, descubri\u00f3 la verdad sobre su ascendencia y puso fin a la tiran\u00eda de los Sith.<\/p>\n<p>&nbsp;<\/p>\n","protected":false},"featured_media":6256,"comment_status":"open","ping_status":"closed","template":"","meta":[],"product_brand":[],"product_cat":[20],"product_tag":[],"class_list":{"0":"post-6271","1":"product","2":"type-product","3":"status-publish","4":"has-post-thumbnail","6":"product_cat-funko1","8":"first","9":"instock","10":"taxable","11":"shipping-taxable","12":"purchasable","13":"product-type-simple"},"_links":{"self":[{"href":"https:\/\/r2-toys.com\/index.php\/wp-json\/wp\/v2\/product\/6271","targetHints":{"allow":["GET"]}}],"collection":[{"href":"https:\/\/r2-toys.com\/index.php\/wp-json\/wp\/v2\/product"}],"about":[{"href":"https:\/\/r2-toys.com\/index.php\/wp-json\/wp\/v2\/types\/product"}],"replies":[{"embeddable":true,"href":"https:\/\/r2-toys.com\/index.php\/wp-json\/wp\/v2\/comments?post=6271"}],"wp:featuredmedia":[{"embeddable":true,"href":"https:\/\/r2-toys.com\/index.php\/wp-json\/wp\/v2\/media\/6256"}],"wp:attachment":[{"href":"https:\/\/r2-toys.com\/index.php\/wp-json\/wp\/v2\/media?parent=6271"}],"wp:term":[{"taxonomy":"product_brand","embeddable":true,"href":"https:\/\/r2-toys.com\/index.php\/wp-json\/wp\/v2\/product_brand?post=6271"},{"taxonomy":"product_cat","embeddable":true,"href":"https:\/\/r2-toys.com\/index.php\/wp-json\/wp\/v2\/product_cat?post=6271"},{"taxonomy":"product_tag","embeddable":true,"href":"https:\/\/r2-toys.com\/index.php\/wp-json\/wp\/v2\/product_tag?post=6271"}],"curies":[{"name":"wp","href":"https:\/\/api.w.org\/{rel}","templated":true}]}}