{"id":6273,"date":"2023-06-14T07:34:25","date_gmt":"2023-06-14T01:34:25","guid":{"rendered":"https:\/\/r2-toys.com\/?post_type=product&#038;p=6273"},"modified":"2023-06-14T07:34:25","modified_gmt":"2023-06-14T01:34:25","slug":"bag-clip-surtido-the-mandalorian","status":"publish","type":"product","link":"https:\/\/r2-toys.com\/index.php\/product\/bag-clip-surtido-the-mandalorian\/","title":{"rendered":"BAG CLIP\u00a0 Surtido The Mandalorian"},"content":{"rendered":"<p>Llaveros 3D de tus personajes favoritos de la incre\u00edble saga. Con un adorable tama\u00f1o de 5CM aproximadamente de alto, no pierdas esta oportunidad y coleccionalos<\/p>\n<p>Edad recomendada: 14 a\u00f1os en adelante<\/p>\n<p>\u26a0\ufe0fADVERTENCIA: PELIGRO DE ASFIXIA &#8211; Piezas peque\u00f1as. No apto para ni\u00f1os menores de 14 a\u00f1os.<\/p>\n<p>Los productos Star Wars son producidos por Monogram bajo licencia de Lucasfilm Ltd y Disney.<\/p>\n<p>Disney, Monogram, Lucasfilm Ltd<span class=\"Apple-converted-space\">\u00a0 <\/span>y todos los t\u00e9rminos relacionados son marcas registradas de Monogram, Lucasfilm Ltd y Disney.<\/p>\n","protected":false},"excerpt":{"rendered":"<p>Llaveros 3D de tus personajes favoritos de la incre\u00edble saga. Con un adorable tama\u00f1o de 5CM aproximadamente de alto, no pierdas esta oportunidad y coleccionalos<\/p>\n<p>&nbsp;<\/p>\n","protected":false},"featured_media":6266,"comment_status":"open","ping_status":"closed","template":"","meta":[],"product_brand":[],"product_cat":[34],"product_tag":[],"class_list":{"0":"post-6273","1":"product","2":"type-product","3":"status-publish","4":"has-post-thumbnail","6":"product_cat-accesorios","8":"first","9":"instock","10":"taxable","11":"shipping-taxable","12":"purchasable","13":"product-type-simple"},"_links":{"self":[{"href":"https:\/\/r2-toys.com\/index.php\/wp-json\/wp\/v2\/product\/6273","targetHints":{"allow":["GET"]}}],"collection":[{"href":"https:\/\/r2-toys.com\/index.php\/wp-json\/wp\/v2\/product"}],"about":[{"href":"https:\/\/r2-toys.com\/index.php\/wp-json\/wp\/v2\/types\/product"}],"replies":[{"embeddable":true,"href":"https:\/\/r2-toys.com\/index.php\/wp-json\/wp\/v2\/comments?post=6273"}],"wp:featuredmedia":[{"embeddable":true,"href":"https:\/\/r2-toys.com\/index.php\/wp-json\/wp\/v2\/media\/6266"}],"wp:attachment":[{"href":"https:\/\/r2-toys.com\/index.php\/wp-json\/wp\/v2\/media?parent=6273"}],"wp:term":[{"taxonomy":"product_brand","embeddable":true,"href":"https:\/\/r2-toys.com\/index.php\/wp-json\/wp\/v2\/product_brand?post=6273"},{"taxonomy":"product_cat","embeddable":true,"href":"https:\/\/r2-toys.com\/index.php\/wp-json\/wp\/v2\/product_cat?post=6273"},{"taxonomy":"product_tag","embeddable":true,"href":"https:\/\/r2-toys.com\/index.php\/wp-json\/wp\/v2\/product_tag?post=6273"}],"curies":[{"name":"wp","href":"https:\/\/api.w.org\/{rel}","templated":true}]}}