{"id":6277,"date":"2023-06-14T09:09:46","date_gmt":"2023-06-14T03:09:46","guid":{"rendered":"https:\/\/r2-toys.com\/?post_type=product&#038;p=6277"},"modified":"2023-06-14T09:09:46","modified_gmt":"2023-06-14T03:09:46","slug":"reys-speeder-jakku-micro-force","status":"publish","type":"product","link":"https:\/\/r2-toys.com\/index.php\/product\/reys-speeder-jakku-micro-force\/","title":{"rendered":"Rey\u2019s Speeder (Jakku) Micro Force"},"content":{"rendered":"<p>El deslizador de Rey estaba propulsado por potentes motores turborreactores gemelos recuperados de un viejo carguero. Rey opt\u00f3 por montar el motor en una configuraci\u00f3n apilada en lugar de uno al lado del otro y los atornill\u00f3 a las entradas del amplificador alimentado desde una ca\u00f1onera imperial.<\/p>\n<p>Esta figura de 9,5 cm es blando y esta lista para la acci\u00f3n<span class=\"Apple-converted-space\">\u00a0<\/span><\/p>\n<p>Edad recomendada: 4 a\u00f1os en adelante<\/p>\n<p>\u26a0\ufe0fADVERTENCIA: PELIGRO DE ASFIXIA &#8211; Piezas peque\u00f1as. No apto para ni\u00f1os menores de 4 a\u00f1os.<\/p>\n<p>Los productos Star Wars son producidos por Hasbro bajo licencia de Lucasfilm Ltd.<\/p>\n<p>Hasbro y todos los t\u00e9rminos relacionados son marcas registradas de Hasbro.<\/p>\n","protected":false},"excerpt":{"rendered":"<p>El deslizador de Rey estaba propulsado por potentes motores turborreactores gemelos recuperados de un viejo carguero. Rey opt\u00f3 por montar el motor en una configuraci\u00f3n apilada en lugar de uno al lado del otro y los atornill\u00f3 a las entradas del amplificador alimentado desde una ca\u00f1onera imperial.<\/p>\n<p>&nbsp;<\/p>\n","protected":false},"featured_media":6249,"comment_status":"open","ping_status":"closed","template":"","meta":[],"product_brand":[],"product_cat":[21],"product_tag":[],"class_list":{"0":"post-6277","1":"product","2":"type-product","3":"status-publish","4":"has-post-thumbnail","6":"product_cat-retro","8":"first","9":"instock","10":"taxable","11":"shipping-taxable","12":"purchasable","13":"product-type-simple"},"_links":{"self":[{"href":"https:\/\/r2-toys.com\/index.php\/wp-json\/wp\/v2\/product\/6277","targetHints":{"allow":["GET"]}}],"collection":[{"href":"https:\/\/r2-toys.com\/index.php\/wp-json\/wp\/v2\/product"}],"about":[{"href":"https:\/\/r2-toys.com\/index.php\/wp-json\/wp\/v2\/types\/product"}],"replies":[{"embeddable":true,"href":"https:\/\/r2-toys.com\/index.php\/wp-json\/wp\/v2\/comments?post=6277"}],"wp:featuredmedia":[{"embeddable":true,"href":"https:\/\/r2-toys.com\/index.php\/wp-json\/wp\/v2\/media\/6249"}],"wp:attachment":[{"href":"https:\/\/r2-toys.com\/index.php\/wp-json\/wp\/v2\/media?parent=6277"}],"wp:term":[{"taxonomy":"product_brand","embeddable":true,"href":"https:\/\/r2-toys.com\/index.php\/wp-json\/wp\/v2\/product_brand?post=6277"},{"taxonomy":"product_cat","embeddable":true,"href":"https:\/\/r2-toys.com\/index.php\/wp-json\/wp\/v2\/product_cat?post=6277"},{"taxonomy":"product_tag","embeddable":true,"href":"https:\/\/r2-toys.com\/index.php\/wp-json\/wp\/v2\/product_tag?post=6277"}],"curies":[{"name":"wp","href":"https:\/\/api.w.org\/{rel}","templated":true}]}}