{"id":6300,"date":"2023-06-23T12:40:33","date_gmt":"2023-06-23T06:40:33","guid":{"rendered":"https:\/\/r2-toys.com\/?post_type=product&#038;p=6300"},"modified":"2023-06-23T12:40:58","modified_gmt":"2023-06-23T06:40:58","slug":"indiana-jones-professor","status":"publish","type":"product","link":"https:\/\/r2-toys.com\/index.php\/product\/indiana-jones-professor\/","title":{"rendered":"Indiana Jones (Professor)"},"content":{"rendered":"<p>Despu\u00e9s de reunirse con Walter Donovan, Indiana Jones acepta embarcarse en una misi\u00f3n para encontrar a su padre desaparecido y, en \u00faltima instancia, la ubicaci\u00f3n del Santo Grial.<\/p>\n<p>Figura de acci\u00f3n de 15cm, cuenta con m\u00faltiples puntos de articulaci\u00f3n, incluye 3 accesorios.<\/p>\n<p>Edad recomendada: 4 a\u00f1os en adelante<\/p>\n<p>\u26a0\ufe0fADVERTENCIA: PELIGRO DE ASFIXIA &#8211; Piezas peque\u00f1as. No apto para ni\u00f1os menores de 4 a\u00f1os.<\/p>\n<p>Los productos Indiana Jones Adventure son producidos por Hasbro bajo licencia de Lucasfilm Ltd.<\/p>\n<p>Hasbro y todos los t\u00e9rminos relacionados son marcas registradas de Hasbro y Lucasfilm Ltd.<\/p>\n","protected":false},"excerpt":{"rendered":"<p>Despu\u00e9s de reunirse con Walter Donovan, Indiana Jones acepta embarcarse en una misi\u00f3n para encontrar a su padre desaparecido y, en \u00faltima instancia, la ubicaci\u00f3n del Santo Grial.<\/p>\n<p>&nbsp;<\/p>\n","protected":false},"featured_media":6296,"comment_status":"open","ping_status":"closed","template":"","meta":[],"product_brand":[],"product_cat":[21],"product_tag":[],"class_list":{"0":"post-6300","1":"product","2":"type-product","3":"status-publish","4":"has-post-thumbnail","6":"product_cat-retro","8":"first","9":"instock","10":"taxable","11":"shipping-taxable","12":"purchasable","13":"product-type-simple"},"_links":{"self":[{"href":"https:\/\/r2-toys.com\/index.php\/wp-json\/wp\/v2\/product\/6300","targetHints":{"allow":["GET"]}}],"collection":[{"href":"https:\/\/r2-toys.com\/index.php\/wp-json\/wp\/v2\/product"}],"about":[{"href":"https:\/\/r2-toys.com\/index.php\/wp-json\/wp\/v2\/types\/product"}],"replies":[{"embeddable":true,"href":"https:\/\/r2-toys.com\/index.php\/wp-json\/wp\/v2\/comments?post=6300"}],"wp:featuredmedia":[{"embeddable":true,"href":"https:\/\/r2-toys.com\/index.php\/wp-json\/wp\/v2\/media\/6296"}],"wp:attachment":[{"href":"https:\/\/r2-toys.com\/index.php\/wp-json\/wp\/v2\/media?parent=6300"}],"wp:term":[{"taxonomy":"product_brand","embeddable":true,"href":"https:\/\/r2-toys.com\/index.php\/wp-json\/wp\/v2\/product_brand?post=6300"},{"taxonomy":"product_cat","embeddable":true,"href":"https:\/\/r2-toys.com\/index.php\/wp-json\/wp\/v2\/product_cat?post=6300"},{"taxonomy":"product_tag","embeddable":true,"href":"https:\/\/r2-toys.com\/index.php\/wp-json\/wp\/v2\/product_tag?post=6300"}],"curies":[{"name":"wp","href":"https:\/\/api.w.org\/{rel}","templated":true}]}}