{"id":6301,"date":"2023-06-23T12:45:10","date_gmt":"2023-06-23T06:45:10","guid":{"rendered":"https:\/\/r2-toys.com\/?post_type=product&#038;p=6301"},"modified":"2025-12-10T12:04:10","modified_gmt":"2025-12-10T06:04:10","slug":"han-solo-50th-anniversary","status":"publish","type":"product","link":"https:\/\/r2-toys.com\/index.php\/product\/han-solo-50th-anniversary\/","title":{"rendered":"Han Solo 50th Anniversary"},"content":{"rendered":"<p>Las haza\u00f1as de Han Solo son legendarias: ha sido un famoso contrabandista, capit\u00e1n del Halc\u00f3n Milenario y h\u00e9roe de la Alianza Rebelde.<span class=\"Apple-converted-space\">\u00a0<\/span><\/p>\n<p>Esta figura de 15 cm cuidadosamente presenta detalles premium y m\u00faltiples puntos de articulaci\u00f3n.<\/p>\n<p>Incluye figura y 2 accesorios.<\/p>\n<p>Edad recomendada: 4 a\u00f1os en adelante<\/p>\n<p>\u26a0\ufe0f ADVERTENCIA: PELIGRO DE ASFIXIA \u2013 Piezas peque\u00f1as. No apto para ni\u00f1os menores de 4 a\u00f1os.<\/p>\n<p>Los productos Star Wars son producidos por Hasbro bajo licencia de Lucasfilm Ltd.<\/p>\n<p>Hasbro y todos los t\u00e9rminos relacionados son marcas registradas de Hasbro.<\/p>\n","protected":false},"excerpt":{"rendered":"<p>Las haza\u00f1as de Han Solo son legendarias: ha sido un famoso contrabandista, capit\u00e1n del Halc\u00f3n Milenario y h\u00e9roe de la Alianza Rebelde.<\/p>\n","protected":false},"featured_media":6286,"comment_status":"open","ping_status":"closed","template":"","meta":[],"product_brand":[],"product_cat":[29],"product_tag":[],"class_list":{"0":"post-6301","1":"product","2":"type-product","3":"status-publish","4":"has-post-thumbnail","6":"product_cat-vintage","8":"first","9":"instock","10":"taxable","11":"shipping-taxable","12":"purchasable","13":"product-type-simple"},"_links":{"self":[{"href":"https:\/\/r2-toys.com\/index.php\/wp-json\/wp\/v2\/product\/6301","targetHints":{"allow":["GET"]}}],"collection":[{"href":"https:\/\/r2-toys.com\/index.php\/wp-json\/wp\/v2\/product"}],"about":[{"href":"https:\/\/r2-toys.com\/index.php\/wp-json\/wp\/v2\/types\/product"}],"replies":[{"embeddable":true,"href":"https:\/\/r2-toys.com\/index.php\/wp-json\/wp\/v2\/comments?post=6301"}],"wp:featuredmedia":[{"embeddable":true,"href":"https:\/\/r2-toys.com\/index.php\/wp-json\/wp\/v2\/media\/6286"}],"wp:attachment":[{"href":"https:\/\/r2-toys.com\/index.php\/wp-json\/wp\/v2\/media?parent=6301"}],"wp:term":[{"taxonomy":"product_brand","embeddable":true,"href":"https:\/\/r2-toys.com\/index.php\/wp-json\/wp\/v2\/product_brand?post=6301"},{"taxonomy":"product_cat","embeddable":true,"href":"https:\/\/r2-toys.com\/index.php\/wp-json\/wp\/v2\/product_cat?post=6301"},{"taxonomy":"product_tag","embeddable":true,"href":"https:\/\/r2-toys.com\/index.php\/wp-json\/wp\/v2\/product_tag?post=6301"}],"curies":[{"name":"wp","href":"https:\/\/api.w.org\/{rel}","templated":true}]}}