{"id":633,"date":"2022-03-30T04:42:49","date_gmt":"2022-03-29T22:42:49","guid":{"rendered":"https:\/\/r2-toys.com\/?post_type=product&#038;p=633"},"modified":"2025-12-11T01:44:47","modified_gmt":"2025-12-10T19:44:47","slug":"emperors-royal-guard","status":"publish","type":"product","link":"https:\/\/r2-toys.com\/index.php\/product\/emperors-royal-guard\/","title":{"rendered":"EMPEROR\u00b4S ROYAL GUARD"},"content":{"rendered":"<p>La Guardia Real Imperial protegi\u00f3 al Emperador. El secreto envolvi\u00f3 a la Guardia, con abundantes rumores sobre los antecedentes y las capacidades de combate de los centinelas.<\/p>\n<p>Con detalles y dise\u00f1o premium en m\u00faltiples puntos de articulaci\u00f3n inspirados en Star Wars: El retorno del Jedi, esta figura coleccionable de escala de 9.5 cm aproximadamente de Star Wars The Vintage Collection es un gran regalo para los fan\u00e1ticos y coleccionistas de Star Wars.<\/p>\n<p>Incluye: figura y 7 accesorios.<\/p>\n<p>Resplandeciente con t\u00fanicas y armaduras carmes\u00ed, la Guardia Real Imperial protegi\u00f3 al Emperador. El secreto envolvi\u00f3 a la Guardia, con abundantes rumores sobre los antecedentes y las capacidades de combate de los centinelas.<\/p>\n<p>Altamente posable con detalles realistas, la figura de la Guardia Real del Emperador de Star Wars se puede mostrar en colecciones de figuras de acci\u00f3n y veh\u00edculos.<\/p>\n<div>\n<p>Edad recomendada: 4 a\u00f1os en adelante<\/p>\n<\/div>\n<div>\n<p>\u26a0\ufe0f ADVERTENCIA: PELIGRO DE ASFIXIA &#8211; Piezas peque\u00f1as. No apto para ni\u00f1os menores de 4 a\u00f1os.<\/p>\n<\/div>\n<div>\n<p>Los productos Star Wars son producidos por Hasbro bajo licencia de Lucasfilm Ltd.<\/p>\n<\/div>\n<div>\n<p>Hasbro y todos los t\u00e9rminos relacionados son marcas de comercio de Hasbro.<\/p>\n<\/div>\n","protected":false},"excerpt":{"rendered":"<p>La Guardia Real Imperial protegi\u00f3 al Emperador. El secreto envolvi\u00f3 a la Guardia, con abundantes rumores sobre los antecedentes y las capacidades de combate de los centinelas.<\/p>\n","protected":false},"featured_media":3019,"comment_status":"open","ping_status":"closed","template":"","meta":[],"product_brand":[],"product_cat":[29],"product_tag":[],"class_list":{"0":"post-633","1":"product","2":"type-product","3":"status-publish","4":"has-post-thumbnail","6":"product_cat-vintage","8":"first","9":"instock","10":"taxable","11":"shipping-taxable","12":"purchasable","13":"product-type-simple"},"_links":{"self":[{"href":"https:\/\/r2-toys.com\/index.php\/wp-json\/wp\/v2\/product\/633","targetHints":{"allow":["GET"]}}],"collection":[{"href":"https:\/\/r2-toys.com\/index.php\/wp-json\/wp\/v2\/product"}],"about":[{"href":"https:\/\/r2-toys.com\/index.php\/wp-json\/wp\/v2\/types\/product"}],"replies":[{"embeddable":true,"href":"https:\/\/r2-toys.com\/index.php\/wp-json\/wp\/v2\/comments?post=633"}],"wp:featuredmedia":[{"embeddable":true,"href":"https:\/\/r2-toys.com\/index.php\/wp-json\/wp\/v2\/media\/3019"}],"wp:attachment":[{"href":"https:\/\/r2-toys.com\/index.php\/wp-json\/wp\/v2\/media?parent=633"}],"wp:term":[{"taxonomy":"product_brand","embeddable":true,"href":"https:\/\/r2-toys.com\/index.php\/wp-json\/wp\/v2\/product_brand?post=633"},{"taxonomy":"product_cat","embeddable":true,"href":"https:\/\/r2-toys.com\/index.php\/wp-json\/wp\/v2\/product_cat?post=633"},{"taxonomy":"product_tag","embeddable":true,"href":"https:\/\/r2-toys.com\/index.php\/wp-json\/wp\/v2\/product_tag?post=633"}],"curies":[{"name":"wp","href":"https:\/\/api.w.org\/{rel}","templated":true}]}}