{"id":6332,"date":"2023-07-04T06:11:02","date_gmt":"2023-07-04T00:11:02","guid":{"rendered":"https:\/\/r2-toys.com\/?post_type=product&#038;p=6332"},"modified":"2023-09-12T21:08:35","modified_gmt":"2023-09-12T15:08:35","slug":"jean-grey-90s-animated-series","status":"publish","type":"product","link":"https:\/\/r2-toys.com\/index.php\/product\/jean-grey-90s-animated-series\/","title":{"rendered":"Jean Grey 90s Animated Series"},"content":{"rendered":"<p>Con un potencial ps\u00edquico casi ilimitado, Jean Grey es la primera alumna de Charles Xavier y alg\u00fan d\u00eda podr\u00eda convertirse en la mejor ps\u00edquica de la tierra y m\u00e1s all\u00e1.<\/p>\n<p>La figura animada de Jean Grey de los a\u00f1os 90 a escala de 15cm presenta una decoraci\u00f3n \u00fanica recreando el traje cl\u00e1sico y el cabello rojo ardiente de X-Woman.<\/p>\n<p>La figura de Jean Grey incluye manos alternas y una cabeza alternativa que muestra a la poderosa ps\u00edquica con cabello suelto para simular su levitaci\u00f3n telequin\u00e9tica, en un empaque coleccionable, inspirado en las cl\u00e1sicas cajas de casetes de VHS. Incluye Figura y 3 accesorios<\/p>\n<p>Con m\u00e1s de 80 a\u00f1os de historia del entretenimiento, Marvel se ha convertido en la piedra angular de las colecciones de fans de todo el mundo.<span class=\"Apple-converted-space\">\u00a0<\/span><\/p>\n<p>Edad recomendada: 4 a\u00f1os en adelante<\/p>\n<p>\u26a0\ufe0f ADVERTENCIA: PELIGRO DE ASFIXIA \u2013 Piezas peque\u00f1as. No apto para ni\u00f1os menores de 4 a\u00f1os.<\/p>\n<p>Los productos Star Wars son producidos por Hasbro bajo licencia de Marvel<\/p>\n<p>Hasbro, Marvel y<span class=\"Apple-converted-space\">\u00a0 <\/span>todos los t\u00e9rminos relacionados son marcas registradas de Hasbro y Marvel.<\/p>\n","protected":false},"excerpt":{"rendered":"<p>Con un potencial ps\u00edquico casi ilimitado, Jean Grey es la primera alumna de Charles Xavier y alg\u00fan d\u00eda podr\u00eda convertirse en la mejor ps\u00edquica de la tierra y m\u00e1s all\u00e1.<\/p>\n","protected":false},"featured_media":6325,"comment_status":"open","ping_status":"closed","template":"","meta":[],"product_brand":[],"product_cat":[21],"product_tag":[],"class_list":{"0":"post-6332","1":"product","2":"type-product","3":"status-publish","4":"has-post-thumbnail","6":"product_cat-retro","8":"first","9":"instock","10":"taxable","11":"shipping-taxable","12":"purchasable","13":"product-type-simple"},"_links":{"self":[{"href":"https:\/\/r2-toys.com\/index.php\/wp-json\/wp\/v2\/product\/6332","targetHints":{"allow":["GET"]}}],"collection":[{"href":"https:\/\/r2-toys.com\/index.php\/wp-json\/wp\/v2\/product"}],"about":[{"href":"https:\/\/r2-toys.com\/index.php\/wp-json\/wp\/v2\/types\/product"}],"replies":[{"embeddable":true,"href":"https:\/\/r2-toys.com\/index.php\/wp-json\/wp\/v2\/comments?post=6332"}],"wp:featuredmedia":[{"embeddable":true,"href":"https:\/\/r2-toys.com\/index.php\/wp-json\/wp\/v2\/media\/6325"}],"wp:attachment":[{"href":"https:\/\/r2-toys.com\/index.php\/wp-json\/wp\/v2\/media?parent=6332"}],"wp:term":[{"taxonomy":"product_brand","embeddable":true,"href":"https:\/\/r2-toys.com\/index.php\/wp-json\/wp\/v2\/product_brand?post=6332"},{"taxonomy":"product_cat","embeddable":true,"href":"https:\/\/r2-toys.com\/index.php\/wp-json\/wp\/v2\/product_cat?post=6332"},{"taxonomy":"product_tag","embeddable":true,"href":"https:\/\/r2-toys.com\/index.php\/wp-json\/wp\/v2\/product_tag?post=6332"}],"curies":[{"name":"wp","href":"https:\/\/api.w.org\/{rel}","templated":true}]}}