{"id":6333,"date":"2023-07-04T06:12:24","date_gmt":"2023-07-04T00:12:24","guid":{"rendered":"https:\/\/r2-toys.com\/?post_type=product&#038;p=6333"},"modified":"2024-05-27T07:11:02","modified_gmt":"2024-05-27T01:11:02","slug":"storm-90s-animated-series","status":"publish","type":"product","link":"https:\/\/r2-toys.com\/index.php\/product\/storm-90s-animated-series\/","title":{"rendered":"Storm 90s Animated Series"},"content":{"rendered":"<p>Con sus poderes de manipulaci\u00f3n del clima, Storm puede invocar rel\u00e1mpagos en el cielo o lluvia suave sobre una tierra reseca.<\/p>\n<p>La figura Storm animada de los a\u00f1os 90 a escala de 15cm<span class=\"Apple-converted-space\">\u00a0 <\/span>presenta una escultura y una decoraci\u00f3n \u00fanicas para recrear el cl\u00e1sico traje blanco y la majestuosa presencia animada de X-Woman.<\/p>\n<p>La figura Storm incluye manos alternas envueltas en crepitantes efectos especiales de energ\u00eda el\u00e9ctrica, en un empaque coleccionable, inspirado en las cl\u00e1sicas cajas de casetes de VHS. Incluye Figura y 2 accesorios<\/p>\n<p>Con m\u00e1s de 80 a\u00f1os de historia del entretenimiento, Marvel se ha convertido en la piedra angular de las colecciones de fans de todo el mundo.<span class=\"Apple-converted-space\">\u00a0<\/span><\/p>\n<p>Edad recomendada: 4 a\u00f1os en adelante<\/p>\n<p>\u26a0\ufe0f ADVERTENCIA: PELIGRO DE ASFIXIA \u2013 Piezas peque\u00f1as. No apto para ni\u00f1os menores de 4 a\u00f1os.<\/p>\n<p>Los productos Star Wars son producidos por Hasbro bajo licencia de Marvel<\/p>\n<p>Hasbro, Marvel y<span class=\"Apple-converted-space\">\u00a0 <\/span>todos los t\u00e9rminos relacionados son marcas registradas de Hasbro y Marvel.<\/p>\n","protected":false},"excerpt":{"rendered":"<p>Con sus poderes de manipulaci\u00f3n del clima, Storm puede invocar rel\u00e1mpagos en el cielo o lluvia suave sobre una tierra reseca.<\/p>\n","protected":false},"featured_media":6322,"comment_status":"open","ping_status":"closed","template":"","meta":[],"product_brand":[],"product_cat":[21],"product_tag":[],"class_list":{"0":"post-6333","1":"product","2":"type-product","3":"status-publish","4":"has-post-thumbnail","6":"product_cat-retro","8":"first","9":"outofstock","10":"taxable","11":"shipping-taxable","12":"purchasable","13":"product-type-simple"},"_links":{"self":[{"href":"https:\/\/r2-toys.com\/index.php\/wp-json\/wp\/v2\/product\/6333","targetHints":{"allow":["GET"]}}],"collection":[{"href":"https:\/\/r2-toys.com\/index.php\/wp-json\/wp\/v2\/product"}],"about":[{"href":"https:\/\/r2-toys.com\/index.php\/wp-json\/wp\/v2\/types\/product"}],"replies":[{"embeddable":true,"href":"https:\/\/r2-toys.com\/index.php\/wp-json\/wp\/v2\/comments?post=6333"}],"wp:featuredmedia":[{"embeddable":true,"href":"https:\/\/r2-toys.com\/index.php\/wp-json\/wp\/v2\/media\/6322"}],"wp:attachment":[{"href":"https:\/\/r2-toys.com\/index.php\/wp-json\/wp\/v2\/media?parent=6333"}],"wp:term":[{"taxonomy":"product_brand","embeddable":true,"href":"https:\/\/r2-toys.com\/index.php\/wp-json\/wp\/v2\/product_brand?post=6333"},{"taxonomy":"product_cat","embeddable":true,"href":"https:\/\/r2-toys.com\/index.php\/wp-json\/wp\/v2\/product_cat?post=6333"},{"taxonomy":"product_tag","embeddable":true,"href":"https:\/\/r2-toys.com\/index.php\/wp-json\/wp\/v2\/product_tag?post=6333"}],"curies":[{"name":"wp","href":"https:\/\/api.w.org\/{rel}","templated":true}]}}