{"id":636,"date":"2022-03-30T04:45:04","date_gmt":"2022-03-29T22:45:04","guid":{"rendered":"https:\/\/r2-toys.com\/?post_type=product&#038;p=636"},"modified":"2025-12-11T01:26:35","modified_gmt":"2025-12-10T19:26:35","slug":"ewok-wicket","status":"publish","type":"product","link":"https:\/\/r2-toys.com\/index.php\/product\/ewok-wicket\/","title":{"rendered":"WICKET"},"content":{"rendered":"<p>&nbsp;<\/p>\n<p>Esta figura en concreto representa al peque\u00f1o ewok Wicket W. Warrick, sin duda uno de los personajes m\u00e1s entra\u00f1ables y queridos de la gal\u00e1ctica saga, que aqu\u00ed aparece perfectamente caracterizado tal y como lo recordamos en el Episodio VI: &#8220;el retorno del Jedi&#8221;.<\/p>\n<p>Se trata de una figura premium de aproximadamente 9,5 cm. de altura y con un cuidado acabado, lo que le confiere un aspecto muy real.<\/p>\n<p>Esta genial figura dispone adem\u00e1s de varios puntos de articulaci\u00f3n, lo que la hace perfecta para su exposici\u00f3n en la colecci\u00f3n de cualquier buen fan de Star Wars que se precie, as\u00ed como para la recreaci\u00f3n de escenas de esta gal\u00e1ctica saga. Viene presentada en embalaje con dise\u00f1o vintage bajo el sello de Kenner, la emblem\u00e1tica marca mundialmente conocida por su l\u00ednea de productos de Star Wars.<\/p>\n<div>\n<p>Edad recomendada: 4 a\u00f1os en adelante<\/p>\n<\/div>\n<div>\n<p>\u26a0\ufe0f ADVERTENCIA: PELIGRO DE ASFIXIA &#8211; Piezas peque\u00f1as. No apto para ni\u00f1os menores de 4 a\u00f1os.<\/p>\n<\/div>\n<div>\n<p>Los productos Star Wars son producidos por Hasbro bajo licencia de Lucasfilm Ltd.<\/p>\n<\/div>\n<div>\n<p>Hasbro y todos los t\u00e9rminos relacionados son marcas de comercio de Hasbro.<\/p>\n<\/div>\n","protected":false},"excerpt":{"rendered":"<p>Esta figura en concreto representa al peque\u00f1o ewok Wicket W. Warrick, sin duda uno de los personajes m\u00e1s entra\u00f1ables y queridos de la gal\u00e1ctica saga, que aqu\u00ed aparece perfectamente caracterizado tal y como lo recordamos en el Episodio VI: &#8220;el retorno del Jedi&#8221;.<\/p>\n","protected":false},"featured_media":3024,"comment_status":"open","ping_status":"closed","template":"","meta":[],"product_brand":[],"product_cat":[29],"product_tag":[],"class_list":{"0":"post-636","1":"product","2":"type-product","3":"status-publish","4":"has-post-thumbnail","6":"product_cat-vintage","8":"first","9":"outofstock","10":"taxable","11":"shipping-taxable","12":"purchasable","13":"product-type-simple"},"_links":{"self":[{"href":"https:\/\/r2-toys.com\/index.php\/wp-json\/wp\/v2\/product\/636","targetHints":{"allow":["GET"]}}],"collection":[{"href":"https:\/\/r2-toys.com\/index.php\/wp-json\/wp\/v2\/product"}],"about":[{"href":"https:\/\/r2-toys.com\/index.php\/wp-json\/wp\/v2\/types\/product"}],"replies":[{"embeddable":true,"href":"https:\/\/r2-toys.com\/index.php\/wp-json\/wp\/v2\/comments?post=636"}],"wp:featuredmedia":[{"embeddable":true,"href":"https:\/\/r2-toys.com\/index.php\/wp-json\/wp\/v2\/media\/3024"}],"wp:attachment":[{"href":"https:\/\/r2-toys.com\/index.php\/wp-json\/wp\/v2\/media?parent=636"}],"wp:term":[{"taxonomy":"product_brand","embeddable":true,"href":"https:\/\/r2-toys.com\/index.php\/wp-json\/wp\/v2\/product_brand?post=636"},{"taxonomy":"product_cat","embeddable":true,"href":"https:\/\/r2-toys.com\/index.php\/wp-json\/wp\/v2\/product_cat?post=636"},{"taxonomy":"product_tag","embeddable":true,"href":"https:\/\/r2-toys.com\/index.php\/wp-json\/wp\/v2\/product_tag?post=636"}],"curies":[{"name":"wp","href":"https:\/\/api.w.org\/{rel}","templated":true}]}}