{"id":6366,"date":"2023-07-09T11:39:41","date_gmt":"2023-07-09T05:39:41","guid":{"rendered":"https:\/\/r2-toys.com\/?post_type=product&#038;p=6366"},"modified":"2025-04-25T11:48:57","modified_gmt":"2025-04-25T05:48:57","slug":"mcfarlane-dc-direct-page-punchers-green-lantern-rebirth-num-1","status":"publish","type":"product","link":"https:\/\/r2-toys.com\/index.php\/product\/mcfarlane-dc-direct-page-punchers-green-lantern-rebirth-num-1\/","title":{"rendered":"McFarlane Dc Direct Page Punchers: Green Lantern Rebirth Num 1"},"content":{"rendered":"<p>En el Sector 3599, Kyle Rayner salva a un grupo de peque\u00f1os alien\u00edgenas de ser asesinado por un insecto gigante. Los alien\u00edgenas se convierten en clamores a su alrededor, pero Kyle no entiende su idioma. De repente, su anillo traduce su idioma al ingl\u00e9s, y se entera de que no le est\u00e1n dando las gracias, est\u00e1n tratando de advertirle: &#8220;Parallax est\u00e1 llegando &#8230;&#8221;<\/p>\n<p>Basada en el c\u00f3mic\u00a0Green Lantern Rebirth\u00a0#1\u00a0de\u00a0DC Comics\u00a0viene una Figura\u00a0Page Punchers\u00a0de\u00a0Hal Jordan\u00a0como\u00a0Linterna Verde\u00a0a\u00a0una escala de 8cm que presenta 5 puntos de articulaci\u00f3n y adem\u00e1s cuenta con un c\u00f3mic de\u00a0DC\u00a0Green Lantern Rebirth\u00a0Num 1,\u00a0empaquetado y sellado en un blister de concha, ideal para coleccionistas.<\/p>\n<p>Edad recomendada: 12 a\u00f1os en adelante<\/p>\n<p>\u26a0\ufe0fADVERTENCIA: PELIGRO DE ASFIXIA &#8211; Piezas peque\u00f1as. No apto para ni\u00f1os menores de 12 a\u00f1os.<\/p>\n<p>Los productos son producidos por McFarlane bajo licencia de DC comics.<\/p>\n<p>McFarlane, DC Comics y<span class=\"Apple-converted-space\">\u00a0 <\/span>todos los t\u00e9rminos relacionados son marcas registradas de Mc Farlane y DC Comics.<\/p>\n","protected":false},"excerpt":{"rendered":"<p>En el Sector 3599, Kyle Rayner salva a un grupo de peque\u00f1os alien\u00edgenas de ser asesinado por un insecto gigante. Los alien\u00edgenas se convierten en clamores a su alrededor, pero Kyle no entiende su idioma. De repente, su anillo traduce su idioma al ingl\u00e9s, y se entera de que no le est\u00e1n dando las gracias, est\u00e1n tratando de advertirle: &#8220;Parallax est\u00e1 llegando &#8230;&#8221;<\/p>\n","protected":false},"featured_media":6352,"comment_status":"open","ping_status":"closed","template":"","meta":[],"product_brand":[],"product_cat":[21],"product_tag":[],"class_list":{"0":"post-6366","1":"product","2":"type-product","3":"status-publish","4":"has-post-thumbnail","6":"product_cat-retro","8":"first","9":"outofstock","10":"taxable","11":"shipping-taxable","12":"purchasable","13":"product-type-simple"},"_links":{"self":[{"href":"https:\/\/r2-toys.com\/index.php\/wp-json\/wp\/v2\/product\/6366","targetHints":{"allow":["GET"]}}],"collection":[{"href":"https:\/\/r2-toys.com\/index.php\/wp-json\/wp\/v2\/product"}],"about":[{"href":"https:\/\/r2-toys.com\/index.php\/wp-json\/wp\/v2\/types\/product"}],"replies":[{"embeddable":true,"href":"https:\/\/r2-toys.com\/index.php\/wp-json\/wp\/v2\/comments?post=6366"}],"wp:featuredmedia":[{"embeddable":true,"href":"https:\/\/r2-toys.com\/index.php\/wp-json\/wp\/v2\/media\/6352"}],"wp:attachment":[{"href":"https:\/\/r2-toys.com\/index.php\/wp-json\/wp\/v2\/media?parent=6366"}],"wp:term":[{"taxonomy":"product_brand","embeddable":true,"href":"https:\/\/r2-toys.com\/index.php\/wp-json\/wp\/v2\/product_brand?post=6366"},{"taxonomy":"product_cat","embeddable":true,"href":"https:\/\/r2-toys.com\/index.php\/wp-json\/wp\/v2\/product_cat?post=6366"},{"taxonomy":"product_tag","embeddable":true,"href":"https:\/\/r2-toys.com\/index.php\/wp-json\/wp\/v2\/product_tag?post=6366"}],"curies":[{"name":"wp","href":"https:\/\/api.w.org\/{rel}","templated":true}]}}