{"id":6367,"date":"2023-07-09T11:41:05","date_gmt":"2023-07-09T05:41:05","guid":{"rendered":"https:\/\/r2-toys.com\/?post_type=product&#038;p=6367"},"modified":"2023-07-09T11:51:02","modified_gmt":"2023-07-09T05:51:02","slug":"mcfarlane-dc-direct-page-punchers-flashpoint-num-2-batman-thomas-wayne","status":"publish","type":"product","link":"https:\/\/r2-toys.com\/index.php\/product\/mcfarlane-dc-direct-page-punchers-flashpoint-num-2-batman-thomas-wayne\/","title":{"rendered":"McFarlane Dc Direct Page Punchers: Flashpoint Num 2 &#8211; Batman Thomas Wayne"},"content":{"rendered":"<p>Thomas Wayne\u00a0(&#8220;Tom\u00e1s D\u00edaz&#8221; en hispanoam\u00e9rica) es un talentoso cirujano y fil\u00e1ntropo que en el universo Flashpoint se convirti\u00f3 en\u00a0Batman\u00a0tras el asesinato de su hijo Bruce Wayne.<\/p>\n<p>Basada en el c\u00f3mic\u00a0Flashpoint\u00a0#2\u00a0de\u00a0DC Comics\u00a0viene una Figura\u00a0Page Punchers\u00a0de\u00a0Batman\u00a0a una escala de 3 pulgadas que presenta 5 puntos de articulaci\u00f3n y adem\u00e1s cuenta con un c\u00f3mic\u00a0Flashpoint Num 2.\u00a0empaquetado y sellado en un blister de concha, ideal para coleccionistas.<\/p>\n<p>Edad recomendada: 12 a\u00f1os en adelante<\/p>\n<p>\u26a0\ufe0fADVERTENCIA: PELIGRO DE ASFIXIA &#8211; Piezas peque\u00f1as. No apto para ni\u00f1os menores de 12 a\u00f1os.<\/p>\n<p>Los productos son producidos por McFarlane bajo licencia de DC comics.<\/p>\n<p>McFarlane, DC Comics y<span class=\"Apple-converted-space\">\u00a0 <\/span>todos los t\u00e9rminos relacionados son marcas registradas de Mc Farlane y DC Comics.<\/p>\n","protected":false},"excerpt":{"rendered":"<p>Thomas Wayne\u00a0(&#8220;Tom\u00e1s D\u00edaz&#8221; en hispanoam\u00e9rica) es un talentoso cirujano y fil\u00e1ntropo que en el universo Flashpoint se convirti\u00f3 en\u00a0Batman\u00a0tras el asesinato de su hijo Bruce Wayne.<\/p>\n","protected":false},"featured_media":6353,"comment_status":"open","ping_status":"closed","template":"","meta":[],"product_brand":[],"product_cat":[21],"product_tag":[],"class_list":{"0":"post-6367","1":"product","2":"type-product","3":"status-publish","4":"has-post-thumbnail","6":"product_cat-retro","8":"first","9":"instock","10":"taxable","11":"shipping-taxable","12":"purchasable","13":"product-type-simple"},"_links":{"self":[{"href":"https:\/\/r2-toys.com\/index.php\/wp-json\/wp\/v2\/product\/6367","targetHints":{"allow":["GET"]}}],"collection":[{"href":"https:\/\/r2-toys.com\/index.php\/wp-json\/wp\/v2\/product"}],"about":[{"href":"https:\/\/r2-toys.com\/index.php\/wp-json\/wp\/v2\/types\/product"}],"replies":[{"embeddable":true,"href":"https:\/\/r2-toys.com\/index.php\/wp-json\/wp\/v2\/comments?post=6367"}],"wp:featuredmedia":[{"embeddable":true,"href":"https:\/\/r2-toys.com\/index.php\/wp-json\/wp\/v2\/media\/6353"}],"wp:attachment":[{"href":"https:\/\/r2-toys.com\/index.php\/wp-json\/wp\/v2\/media?parent=6367"}],"wp:term":[{"taxonomy":"product_brand","embeddable":true,"href":"https:\/\/r2-toys.com\/index.php\/wp-json\/wp\/v2\/product_brand?post=6367"},{"taxonomy":"product_cat","embeddable":true,"href":"https:\/\/r2-toys.com\/index.php\/wp-json\/wp\/v2\/product_cat?post=6367"},{"taxonomy":"product_tag","embeddable":true,"href":"https:\/\/r2-toys.com\/index.php\/wp-json\/wp\/v2\/product_tag?post=6367"}],"curies":[{"name":"wp","href":"https:\/\/api.w.org\/{rel}","templated":true}]}}