{"id":6368,"date":"2023-07-09T11:42:07","date_gmt":"2023-07-09T05:42:07","guid":{"rendered":"https:\/\/r2-toys.com\/?post_type=product&#038;p=6368"},"modified":"2023-10-31T23:53:01","modified_gmt":"2023-10-31T17:53:01","slug":"mcfarlane-dc-direct-page-punchers-nightwing-rebirth-num-1","status":"publish","type":"product","link":"https:\/\/r2-toys.com\/index.php\/product\/mcfarlane-dc-direct-page-punchers-nightwing-rebirth-num-1\/","title":{"rendered":"McFarlane Dc Direct Page Punchers: Nightwing Rebirth Num 1\u00a0"},"content":{"rendered":"<p>Dick se establece como el l\u00edder de los\u00a0J\u00f3venes Titanes, un equipo de superh\u00e9roes adolescentes. De joven, se retira como Robin y adopta su propia identidad de superh\u00e9roe para afirmar su independencia, convirti\u00e9ndose en Nightwing. Como Nightwing, contin\u00faa liderando a los Teen Titans y luego a los\u00a0Outsiders.<\/p>\n<p>Basada en el c\u00f3mic\u00a0Nightwing Rebirth\u00a0#1\u00a0de\u00a0DC Comics\u00a0viene una Figura\u00a0Page Punchers\u00a0de\u00a0Nightwing\u00a0a una escala de 3 pulgadas que presenta 5 puntos de articulaci\u00f3n y adem\u00e1s cuenta con un c\u00f3mic de\u00a0DC Nightwing\u00a0Rebirth Num 1,\u00a0empaquetado y sellado en un blister de concha, ideal para coleccionistas.<\/p>\n<p>Edad recomendada: 12 a\u00f1os en adelante.<\/p>\n<p>\u26a0\ufe0fADVERTENCIA: PELIGRO DE ASFIXIA &#8211; Piezas peque\u00f1as. No apto para ni\u00f1os menores de 12 a\u00f1os.<\/p>\n<p>Los productos son producidos por McFarlane bajo licencia de DC comics.<\/p>\n<p>McFarlane, DC Comics y<span class=\"Apple-converted-space\">\u00a0 <\/span>todos los t\u00e9rminos relacionados son marcas registradas de Mc Farlane y DC Comics.<\/p>\n","protected":false},"excerpt":{"rendered":"<p>Dick se establece como el l\u00edder de los\u00a0J\u00f3venes Titanes, un equipo de superh\u00e9roes adolescentes. De joven, se retira como Robin y adopta su propia identidad de superh\u00e9roe para afirmar su independencia, convirti\u00e9ndose en Nightwing. Como Nightwing, contin\u00faa liderando a los Teen Titans y luego a los\u00a0Outsiders.<\/p>\n","protected":false},"featured_media":6354,"comment_status":"open","ping_status":"closed","template":"","meta":[],"product_brand":[],"product_cat":[21],"product_tag":[],"class_list":{"0":"post-6368","1":"product","2":"type-product","3":"status-publish","4":"has-post-thumbnail","6":"product_cat-retro","8":"first","9":"instock","10":"taxable","11":"shipping-taxable","12":"purchasable","13":"product-type-simple"},"_links":{"self":[{"href":"https:\/\/r2-toys.com\/index.php\/wp-json\/wp\/v2\/product\/6368","targetHints":{"allow":["GET"]}}],"collection":[{"href":"https:\/\/r2-toys.com\/index.php\/wp-json\/wp\/v2\/product"}],"about":[{"href":"https:\/\/r2-toys.com\/index.php\/wp-json\/wp\/v2\/types\/product"}],"replies":[{"embeddable":true,"href":"https:\/\/r2-toys.com\/index.php\/wp-json\/wp\/v2\/comments?post=6368"}],"wp:featuredmedia":[{"embeddable":true,"href":"https:\/\/r2-toys.com\/index.php\/wp-json\/wp\/v2\/media\/6354"}],"wp:attachment":[{"href":"https:\/\/r2-toys.com\/index.php\/wp-json\/wp\/v2\/media?parent=6368"}],"wp:term":[{"taxonomy":"product_brand","embeddable":true,"href":"https:\/\/r2-toys.com\/index.php\/wp-json\/wp\/v2\/product_brand?post=6368"},{"taxonomy":"product_cat","embeddable":true,"href":"https:\/\/r2-toys.com\/index.php\/wp-json\/wp\/v2\/product_cat?post=6368"},{"taxonomy":"product_tag","embeddable":true,"href":"https:\/\/r2-toys.com\/index.php\/wp-json\/wp\/v2\/product_tag?post=6368"}],"curies":[{"name":"wp","href":"https:\/\/api.w.org\/{rel}","templated":true}]}}