{"id":6370,"date":"2023-07-09T11:43:39","date_gmt":"2023-07-09T05:43:39","guid":{"rendered":"https:\/\/r2-toys.com\/?post_type=product&#038;p=6370"},"modified":"2023-07-09T11:51:26","modified_gmt":"2023-07-09T05:51:26","slug":"batman-with-oxygen-mask","status":"publish","type":"product","link":"https:\/\/r2-toys.com\/index.php\/product\/batman-with-oxygen-mask\/","title":{"rendered":"BATMAN WITH OXYGEN MASK"},"content":{"rendered":"<p>\u00a1Kapow! El elegante millonario Bruce Wayne puede parecer promedio, \u00a1pero estar\u00edas equivocado! Con el giro de un busto de cabeza de Shakespeare y&#8230; \u00a1a la Baticueva\u2122! Gotham City est\u00e1 llena de una galer\u00eda de delincuentes p\u00edcaros ansiosos por desenmascarar a Batman\u2122, pero se ven frustrados.<span class=\"Apple-converted-space\">\u00a0<\/span><\/p>\n<p>Esta figura de 15cm aproximadamente, basado en el cl\u00e1sico programa de televisi\u00f3n de 1960, dise\u00f1ado con articulaci\u00f3n para posar y jugar, la figura incluye la Sonic Bat-Zooka<span class=\"Apple-converted-space\">\u00a0<\/span><\/p>\n<p>Edad recomendada: 12 a\u00f1os en adelante<\/p>\n<p>\u26a0\ufe0fADVERTENCIA: PELIGRO DE ASFIXIA &#8211; Piezas peque\u00f1as. No apto para ni\u00f1os menores de 12 a\u00f1os.<\/p>\n<p>Los productos son producidos por McFarlane bajo licencia de DC comics.<\/p>\n<p>McFarlane, DC Comics y<span class=\"Apple-converted-space\">\u00a0 <\/span>todos los t\u00e9rminos relacionados son marcas registradas de Mc Farlane y DC Comics.<\/p>\n","protected":false},"excerpt":{"rendered":"<p>\u00a1Kapow! El elegante millonario Bruce Wayne puede parecer promedio, \u00a1pero estar\u00edas equivocado! Con el giro de un busto de cabeza de Shakespeare y&#8230; \u00a1a la Baticueva\u2122! Gotham City est\u00e1 llena de una galer\u00eda de delincuentes p\u00edcaros ansiosos por desenmascarar a Batman\u2122, pero se ven frustrados.<\/p>\n","protected":false},"featured_media":6359,"comment_status":"open","ping_status":"closed","template":"","meta":[],"product_brand":[],"product_cat":[21],"product_tag":[],"class_list":{"0":"post-6370","1":"product","2":"type-product","3":"status-publish","4":"has-post-thumbnail","6":"product_cat-retro","8":"first","9":"instock","10":"taxable","11":"shipping-taxable","12":"purchasable","13":"product-type-simple"},"_links":{"self":[{"href":"https:\/\/r2-toys.com\/index.php\/wp-json\/wp\/v2\/product\/6370","targetHints":{"allow":["GET"]}}],"collection":[{"href":"https:\/\/r2-toys.com\/index.php\/wp-json\/wp\/v2\/product"}],"about":[{"href":"https:\/\/r2-toys.com\/index.php\/wp-json\/wp\/v2\/types\/product"}],"replies":[{"embeddable":true,"href":"https:\/\/r2-toys.com\/index.php\/wp-json\/wp\/v2\/comments?post=6370"}],"wp:featuredmedia":[{"embeddable":true,"href":"https:\/\/r2-toys.com\/index.php\/wp-json\/wp\/v2\/media\/6359"}],"wp:attachment":[{"href":"https:\/\/r2-toys.com\/index.php\/wp-json\/wp\/v2\/media?parent=6370"}],"wp:term":[{"taxonomy":"product_brand","embeddable":true,"href":"https:\/\/r2-toys.com\/index.php\/wp-json\/wp\/v2\/product_brand?post=6370"},{"taxonomy":"product_cat","embeddable":true,"href":"https:\/\/r2-toys.com\/index.php\/wp-json\/wp\/v2\/product_cat?post=6370"},{"taxonomy":"product_tag","embeddable":true,"href":"https:\/\/r2-toys.com\/index.php\/wp-json\/wp\/v2\/product_tag?post=6370"}],"curies":[{"name":"wp","href":"https:\/\/api.w.org\/{rel}","templated":true}]}}