{"id":6372,"date":"2023-07-09T11:46:49","date_gmt":"2023-07-09T05:46:49","guid":{"rendered":"https:\/\/r2-toys.com\/?post_type=product&#038;p=6372"},"modified":"2026-01-16T23:06:08","modified_gmt":"2026-01-16T17:06:08","slug":"bandai-evolve-dragon-ball-super-beerus","status":"publish","type":"product","link":"https:\/\/r2-toys.com\/index.php\/product\/bandai-evolve-dragon-ball-super-beerus\/","title":{"rendered":"Bandai Evolve: Dragon Ball Super Beerus"},"content":{"rendered":"<p>Posee una relaci\u00f3n muy tensa con su hermano\u00a0Champa\u00a0(Dios de la Destrucci\u00f3n\u00a0del\u00a0Universo 6) ya que est\u00e1n muy acostumbrados a competir y a llegar a luchar en ocasiones siendo capaces\u00a0de generar una enorme destrucci\u00f3n en el Universo si no fuera por sus asistentes\u00a0Vados\u00a0y\u00a0Whis\u00a0que los detienen. A pesar de esto, Beerus aparentemente siente cierta empat\u00eda hacia\u00a0Champa, ya que el deseo que le exigi\u00f3 a\u00a0Super Shen Long\u00a0que la\u00a0Tierra\u00a0del Universo 6 tuviera el mismo avance cultural que la Tierra del 7.<\/p>\n<p>Figura de 12.7cm articulada de la serie<span class=\"Apple-converted-space\">\u00a0 <\/span>Dragon Ball Envolve<\/p>\n<p>Edad recomendada: 4 a\u00f1os en adelante<\/p>\n<p>\u26a0\ufe0f ADVERTENCIA: PELIGRO DE ASFIXIA \u2013 Piezas peque\u00f1as. No apto para ni\u00f1os menores de 4 a\u00f1os.<\/p>\n<p>Los productos son producidos por Bandas bajo licencias autorizadas.<\/p>\n<p>Bandai y<span class=\"Apple-converted-space\">\u00a0 <\/span>todos los t\u00e9rminos relacionados son marcas registradas NamcoBandai.<\/p>\n","protected":false},"excerpt":{"rendered":"<p>Posee una relaci\u00f3n muy tensa con su hermano\u00a0Champa\u00a0(Dios de la Destrucci\u00f3n\u00a0del\u00a0Universo 6) ya que est\u00e1n muy acostumbrados a competir y a llegar a luchar en ocasiones siendo capaces\u00a0de generar una enorme destrucci\u00f3n en el Universo<\/p>\n","protected":false},"featured_media":6345,"comment_status":"open","ping_status":"closed","template":"","meta":[],"product_brand":[],"product_cat":[21],"product_tag":[],"class_list":{"0":"post-6372","1":"product","2":"type-product","3":"status-publish","4":"has-post-thumbnail","6":"product_cat-retro","8":"first","9":"instock","10":"taxable","11":"shipping-taxable","12":"purchasable","13":"product-type-simple"},"_links":{"self":[{"href":"https:\/\/r2-toys.com\/index.php\/wp-json\/wp\/v2\/product\/6372","targetHints":{"allow":["GET"]}}],"collection":[{"href":"https:\/\/r2-toys.com\/index.php\/wp-json\/wp\/v2\/product"}],"about":[{"href":"https:\/\/r2-toys.com\/index.php\/wp-json\/wp\/v2\/types\/product"}],"replies":[{"embeddable":true,"href":"https:\/\/r2-toys.com\/index.php\/wp-json\/wp\/v2\/comments?post=6372"}],"wp:featuredmedia":[{"embeddable":true,"href":"https:\/\/r2-toys.com\/index.php\/wp-json\/wp\/v2\/media\/6345"}],"wp:attachment":[{"href":"https:\/\/r2-toys.com\/index.php\/wp-json\/wp\/v2\/media?parent=6372"}],"wp:term":[{"taxonomy":"product_brand","embeddable":true,"href":"https:\/\/r2-toys.com\/index.php\/wp-json\/wp\/v2\/product_brand?post=6372"},{"taxonomy":"product_cat","embeddable":true,"href":"https:\/\/r2-toys.com\/index.php\/wp-json\/wp\/v2\/product_cat?post=6372"},{"taxonomy":"product_tag","embeddable":true,"href":"https:\/\/r2-toys.com\/index.php\/wp-json\/wp\/v2\/product_tag?post=6372"}],"curies":[{"name":"wp","href":"https:\/\/api.w.org\/{rel}","templated":true}]}}