{"id":6374,"date":"2023-07-09T11:48:35","date_gmt":"2023-07-09T05:48:35","guid":{"rendered":"https:\/\/r2-toys.com\/?post_type=product&#038;p=6374"},"modified":"2026-01-16T23:02:26","modified_gmt":"2026-01-16T17:02:26","slug":"bandai-evolve-dragon-ball-super-super-saiyan-son-goku","status":"publish","type":"product","link":"https:\/\/r2-toys.com\/index.php\/product\/bandai-evolve-dragon-ball-super-super-saiyan-son-goku\/","title":{"rendered":"Bandai Evolve: Dragon Ball Super , Super Saiyan Son Goku"},"content":{"rendered":"<p>Es el protagonista principal del manga y anime de Dragon Ball creado por Akira Toriyama. Su nombre real y de nacimiento es Kakarotto y es uno de los pocos saiyanos que lograron sobrevivir a la destrucci\u00f3n total del Planeta Vegeta del Universo 7. Es el segundo hijo de Bardock y Gine, hermano menor de Raditz, nieto adoptivo de Son Gohan, esposo de Chi-Chi, padre de Son Gohan y Son Goten, a su vez tambi\u00e9n es el abuelo de Pan y ancestro de Son Goku Jr.<\/p>\n<p>Figura de 12.7cm articulada de la serie<span class=\"Apple-converted-space\">\u00a0 <\/span>Dragon Ball Envolve<\/p>\n<p>Edad recomendada: 4 a\u00f1os en adelante<\/p>\n<p>\u26a0\ufe0f ADVERTENCIA: PELIGRO DE ASFIXIA \u2013 Piezas peque\u00f1as. No apto para ni\u00f1os menores de 4 a\u00f1os.<\/p>\n<p>Los productos son producidos por Bandas bajo licencias autorizadas.<\/p>\n<p>Bandai y<span class=\"Apple-converted-space\">\u00a0 <\/span>todos los t\u00e9rminos relacionados son marcas registradas NamcoBandai.<\/p>\n","protected":false},"excerpt":{"rendered":"<p>Es el protagonista principal del manga y anime de Dragon Ball creado por Akira Toriyama. Su nombre real y de nacimiento es Kakarotto y es uno de los pocos saiyanos que lograron sobrevivir a la destrucci\u00f3n total del Planeta Vegeta del Universo 7. Es el segundo hijo de Bardock y Gine, hermano menor de Raditz, nieto adoptivo de Son Gohan, esposo de Chi-Chi, padre de Son Gohan y Son Goten, a su vez tambi\u00e9n es el abuelo de Pan y ancestro de Son Goku Jr.<\/p>\n","protected":false},"featured_media":6343,"comment_status":"open","ping_status":"closed","template":"","meta":[],"product_brand":[],"product_cat":[21],"product_tag":[],"class_list":{"0":"post-6374","1":"product","2":"type-product","3":"status-publish","4":"has-post-thumbnail","6":"product_cat-retro","8":"first","9":"instock","10":"taxable","11":"shipping-taxable","12":"purchasable","13":"product-type-simple"},"_links":{"self":[{"href":"https:\/\/r2-toys.com\/index.php\/wp-json\/wp\/v2\/product\/6374","targetHints":{"allow":["GET"]}}],"collection":[{"href":"https:\/\/r2-toys.com\/index.php\/wp-json\/wp\/v2\/product"}],"about":[{"href":"https:\/\/r2-toys.com\/index.php\/wp-json\/wp\/v2\/types\/product"}],"replies":[{"embeddable":true,"href":"https:\/\/r2-toys.com\/index.php\/wp-json\/wp\/v2\/comments?post=6374"}],"wp:featuredmedia":[{"embeddable":true,"href":"https:\/\/r2-toys.com\/index.php\/wp-json\/wp\/v2\/media\/6343"}],"wp:attachment":[{"href":"https:\/\/r2-toys.com\/index.php\/wp-json\/wp\/v2\/media?parent=6374"}],"wp:term":[{"taxonomy":"product_brand","embeddable":true,"href":"https:\/\/r2-toys.com\/index.php\/wp-json\/wp\/v2\/product_brand?post=6374"},{"taxonomy":"product_cat","embeddable":true,"href":"https:\/\/r2-toys.com\/index.php\/wp-json\/wp\/v2\/product_cat?post=6374"},{"taxonomy":"product_tag","embeddable":true,"href":"https:\/\/r2-toys.com\/index.php\/wp-json\/wp\/v2\/product_tag?post=6374"}],"curies":[{"name":"wp","href":"https:\/\/api.w.org\/{rel}","templated":true}]}}