{"id":6375,"date":"2023-07-09T11:49:59","date_gmt":"2023-07-09T05:49:59","guid":{"rendered":"https:\/\/r2-toys.com\/?post_type=product&#038;p=6375"},"modified":"2026-01-16T22:52:04","modified_gmt":"2026-01-16T16:52:04","slug":"bandai-evolve-dragon-ball-super-super-saiyan-god-super-saiyan-vegito","status":"publish","type":"product","link":"https:\/\/r2-toys.com\/index.php\/product\/bandai-evolve-dragon-ball-super-super-saiyan-god-super-saiyan-vegito\/","title":{"rendered":"Dragon Ball Super, Super Saiyan God Super Saiyan Vegito Evolve"},"content":{"rendered":"<p>La personalidad de Vegito es una mezcla de las caracter\u00edsticas de Goku y Vegeta. Exhibe la arrogancia y la inclinaci\u00f3n de Vegeta para burlarse de los dem\u00e1s, y disfruta jugando con los enemigos, pero no es tan serio, ya que hered\u00f3 la naturaleza tranquila y alegre de Goku. Posee la mente estrat\u00e9gica y las habilidades t\u00e1cticas de Vegeta junto con el ingenio y la creatividad de Goku, lo que lo hace mucho m\u00e1s eficiente.<\/p>\n<p>Figura de 12.7cm articulada de la serie<span class=\"Apple-converted-space\">\u00a0 <\/span>Dragon Ball Envolve<\/p>\n<p>Edad recomendada: 4 a\u00f1os en adelante<\/p>\n<p>\u26a0\ufe0f ADVERTENCIA: PELIGRO DE ASFIXIA \u2013 Piezas peque\u00f1as. No apto para ni\u00f1os menores de 4 a\u00f1os.<\/p>\n<p>Los productos son producidos por Bandas bajo licencias autorizadas.<\/p>\n<p>Bandai y<span class=\"Apple-converted-space\">\u00a0 <\/span>todos los t\u00e9rminos relacionados son marcas registradas NamcoBandai.<\/p>\n","protected":false},"excerpt":{"rendered":"<p>La personalidad de Vegito es una mezcla de las caracter\u00edsticas de Goku y Vegeta. Exhibe la arrogancia y la inclinaci\u00f3n de Vegeta para burlarse de los dem\u00e1s, y disfruta jugando con los enemigos, pero no es tan serio, ya que hered\u00f3 la naturaleza tranquila y alegre de Goku. Posee la mente estrat\u00e9gica y las habilidades t\u00e1cticas de Vegeta junto con el ingenio y la creatividad de Goku, lo que lo hace mucho m\u00e1s eficiente.<\/p>\n","protected":false},"featured_media":6341,"comment_status":"open","ping_status":"closed","template":"","meta":[],"product_brand":[],"product_cat":[21],"product_tag":[],"class_list":{"0":"post-6375","1":"product","2":"type-product","3":"status-publish","4":"has-post-thumbnail","6":"product_cat-retro","8":"first","9":"instock","10":"taxable","11":"shipping-taxable","12":"purchasable","13":"product-type-simple"},"_links":{"self":[{"href":"https:\/\/r2-toys.com\/index.php\/wp-json\/wp\/v2\/product\/6375","targetHints":{"allow":["GET"]}}],"collection":[{"href":"https:\/\/r2-toys.com\/index.php\/wp-json\/wp\/v2\/product"}],"about":[{"href":"https:\/\/r2-toys.com\/index.php\/wp-json\/wp\/v2\/types\/product"}],"replies":[{"embeddable":true,"href":"https:\/\/r2-toys.com\/index.php\/wp-json\/wp\/v2\/comments?post=6375"}],"wp:featuredmedia":[{"embeddable":true,"href":"https:\/\/r2-toys.com\/index.php\/wp-json\/wp\/v2\/media\/6341"}],"wp:attachment":[{"href":"https:\/\/r2-toys.com\/index.php\/wp-json\/wp\/v2\/media?parent=6375"}],"wp:term":[{"taxonomy":"product_brand","embeddable":true,"href":"https:\/\/r2-toys.com\/index.php\/wp-json\/wp\/v2\/product_brand?post=6375"},{"taxonomy":"product_cat","embeddable":true,"href":"https:\/\/r2-toys.com\/index.php\/wp-json\/wp\/v2\/product_cat?post=6375"},{"taxonomy":"product_tag","embeddable":true,"href":"https:\/\/r2-toys.com\/index.php\/wp-json\/wp\/v2\/product_tag?post=6375"}],"curies":[{"name":"wp","href":"https:\/\/api.w.org\/{rel}","templated":true}]}}