{"id":639,"date":"2022-03-30T04:46:00","date_gmt":"2022-03-29T22:46:00","guid":{"rendered":"https:\/\/r2-toys.com\/?post_type=product&#038;p=639"},"modified":"2024-04-05T07:04:51","modified_gmt":"2024-04-05T01:04:51","slug":"general-lando-calrissian-2","status":"publish","type":"product","link":"https:\/\/r2-toys.com\/index.php\/product\/general-lando-calrissian-2\/","title":{"rendered":"GENERAL LANDO CALRISSIAN"},"content":{"rendered":"<p>El general Lando Calrissian gui\u00f3 al Halc\u00f3n Milenario hacia la superestructura de la Estrella de la Muerte para llegar al reactor principal!<\/p>\n<p>Despu\u00e9s de haber ayudado a salvar a Han SoIlo de Jabba el Hutt, Lando Calrissian permaneci\u00f3 en las filas rebeldes, sirviendo como general en el ataque de cazas estelares a la segunda Estrella de la Muerte.<\/p>\n<p>Con detalles y dise\u00f1o premium en m\u00faltiples puntos de articulaci\u00f3n inspirados en Star Wars: El retorno del Jedi, esta figura coleccionable de escala de 9.5 cm aproximadamente de Star Wars The Vintage Collection es un gran regalo para los fan\u00e1ticos y coleccionistas de Star Wars.<\/p>\n<p>Los productos de Star Wars son producidos por Hasbro bajo licencia de Lucasfilm Ltd<\/p>\n<p>Hasbro y todos los t\u00e9rminos relacionados son marcas comerciales de Hasbro.<\/p>\n<p>Altamente posable con detalles realistas, la figura del General Lando Calrissian de Star Wars se puede mostrar en colecciones de figuras de acci\u00f3n y veh\u00edculos.<\/p>\n<p>Incluye: figura y accesorio.<\/p>\n<div>\n<p>Edad recomendada: 4 a\u00f1os en adelante<\/p>\n<\/div>\n<div>\n<p>\u26a0\ufe0f ADVERTENCIA: PELIGRO DE ASFIXIA &#8211; Piezas peque\u00f1as. No apto para ni\u00f1os menores de 4 a\u00f1os.<\/p>\n<\/div>\n<div>\n<p>Los productos Star Wars son producidos por Hasbro bajo licencia de Lucasfilm Ltd.<\/p>\n<\/div>\n<div>\n<p>Hasbro y todos los t\u00e9rminos relacionados son marcas de comercio de Hasbro.<\/p>\n<\/div>\n","protected":false},"excerpt":{"rendered":"<p>El general Lando Calrissian gui\u00f3 al Halc\u00f3n Milenario hacia la superestructura de la Estrella de la Muerte para llegar al reactor principal!<\/p>\n<p>Despu\u00e9s de haber ayudado a salvar a Han SoIlo de Jabba el Hutt, Lando Calrissian permaneci\u00f3 en las filas rebeldes, sirviendo como general en el ataque de cazas estelares a la segunda Estrella de la Muerte.<\/p>\n","protected":false},"featured_media":3027,"comment_status":"open","ping_status":"closed","template":"","meta":[],"product_brand":[],"product_cat":[29],"product_tag":[],"class_list":{"0":"post-639","1":"product","2":"type-product","3":"status-publish","4":"has-post-thumbnail","6":"product_cat-vintage","8":"first","9":"outofstock","10":"taxable","11":"shipping-taxable","12":"purchasable","13":"product-type-simple"},"_links":{"self":[{"href":"https:\/\/r2-toys.com\/index.php\/wp-json\/wp\/v2\/product\/639","targetHints":{"allow":["GET"]}}],"collection":[{"href":"https:\/\/r2-toys.com\/index.php\/wp-json\/wp\/v2\/product"}],"about":[{"href":"https:\/\/r2-toys.com\/index.php\/wp-json\/wp\/v2\/types\/product"}],"replies":[{"embeddable":true,"href":"https:\/\/r2-toys.com\/index.php\/wp-json\/wp\/v2\/comments?post=639"}],"wp:featuredmedia":[{"embeddable":true,"href":"https:\/\/r2-toys.com\/index.php\/wp-json\/wp\/v2\/media\/3027"}],"wp:attachment":[{"href":"https:\/\/r2-toys.com\/index.php\/wp-json\/wp\/v2\/media?parent=639"}],"wp:term":[{"taxonomy":"product_brand","embeddable":true,"href":"https:\/\/r2-toys.com\/index.php\/wp-json\/wp\/v2\/product_brand?post=639"},{"taxonomy":"product_cat","embeddable":true,"href":"https:\/\/r2-toys.com\/index.php\/wp-json\/wp\/v2\/product_cat?post=639"},{"taxonomy":"product_tag","embeddable":true,"href":"https:\/\/r2-toys.com\/index.php\/wp-json\/wp\/v2\/product_tag?post=639"}],"curies":[{"name":"wp","href":"https:\/\/api.w.org\/{rel}","templated":true}]}}