{"id":6422,"date":"2023-07-29T10:10:04","date_gmt":"2023-07-29T04:10:04","guid":{"rendered":"https:\/\/r2-toys.com\/?post_type=product&#038;p=6422"},"modified":"2026-01-16T00:12:12","modified_gmt":"2026-01-15T18:12:12","slug":"dc-rebirth-dc-multiverse-the-flash-exclusive-limited-edition-figure","status":"publish","type":"product","link":"https:\/\/r2-toys.com\/index.php\/product\/dc-rebirth-dc-multiverse-the-flash-exclusive-limited-edition-figure\/","title":{"rendered":"DC Rebirth DC Multiverse The Flash  Exclusive Limited Edition Figure"},"content":{"rendered":"<p>Flash tiene dominio no solo sobre la velocidad, sino tambi\u00e9n sobre el tiempo mismo. Como a menudo ha usado sus poderes para viajar a trav\u00e9s de diferentes \u00e9pocas, e incluso a otras dimensiones. Aunque Flash no siempre ha sido lo suficientemente r\u00e1pido como para dejar atr\u00e1s la tragedia personal cuando se le presenta, siempre hace todo lo posible para evitar que le suceda lo mismo a la gente de Central City y Keystone City.<span class=\"Apple-converted-space\">\u00a0<\/span><\/p>\n<p>Esta figura de 17cm cuenta con m\u00e1s de 22 articulaciones, escultura y pintura premium. Incluye accesorios ic\u00f3nicos del personaje. Edici\u00f3n Limitada a 3000 piezas<\/p>\n<p>Edad recomendada: 12 a\u00f1os en adelante<\/p>\n<p>\u26a0\ufe0fADVERTENCIA: PELIGRO DE ASFIXIA &#8211; Piezas peque\u00f1as. No apto para ni\u00f1os menores de 12 a\u00f1os.<\/p>\n<p>Los productos son producidos por McFarlane bajo licencia de DC comics.<\/p>\n<p>McFarlane, DC Comics y<span class=\"Apple-converted-space\">\u00a0 <\/span>todos los t\u00e9rminos relacionados son marcas registradas de Mc Farlane y DC Comics.<\/p>\n","protected":false},"excerpt":{"rendered":"<p>Flash tiene dominio no solo sobre la velocidad, sino tambi\u00e9n sobre el tiempo mismo. Como a menudo ha usado sus poderes para viajar a trav\u00e9s de diferentes \u00e9pocas, e incluso a otras dimensiones.<\/p>\n","protected":false},"featured_media":6387,"comment_status":"open","ping_status":"closed","template":"","meta":[],"product_brand":[],"product_cat":[21],"product_tag":[],"class_list":{"0":"post-6422","1":"product","2":"type-product","3":"status-publish","4":"has-post-thumbnail","6":"product_cat-retro","8":"first","9":"instock","10":"taxable","11":"shipping-taxable","12":"purchasable","13":"product-type-simple"},"_links":{"self":[{"href":"https:\/\/r2-toys.com\/index.php\/wp-json\/wp\/v2\/product\/6422","targetHints":{"allow":["GET"]}}],"collection":[{"href":"https:\/\/r2-toys.com\/index.php\/wp-json\/wp\/v2\/product"}],"about":[{"href":"https:\/\/r2-toys.com\/index.php\/wp-json\/wp\/v2\/types\/product"}],"replies":[{"embeddable":true,"href":"https:\/\/r2-toys.com\/index.php\/wp-json\/wp\/v2\/comments?post=6422"}],"wp:featuredmedia":[{"embeddable":true,"href":"https:\/\/r2-toys.com\/index.php\/wp-json\/wp\/v2\/media\/6387"}],"wp:attachment":[{"href":"https:\/\/r2-toys.com\/index.php\/wp-json\/wp\/v2\/media?parent=6422"}],"wp:term":[{"taxonomy":"product_brand","embeddable":true,"href":"https:\/\/r2-toys.com\/index.php\/wp-json\/wp\/v2\/product_brand?post=6422"},{"taxonomy":"product_cat","embeddable":true,"href":"https:\/\/r2-toys.com\/index.php\/wp-json\/wp\/v2\/product_cat?post=6422"},{"taxonomy":"product_tag","embeddable":true,"href":"https:\/\/r2-toys.com\/index.php\/wp-json\/wp\/v2\/product_tag?post=6422"}],"curies":[{"name":"wp","href":"https:\/\/api.w.org\/{rel}","templated":true}]}}