{"id":6424,"date":"2023-07-29T10:23:25","date_gmt":"2023-07-29T04:23:25","guid":{"rendered":"https:\/\/r2-toys.com\/?post_type=product&#038;p=6424"},"modified":"2025-12-13T06:50:10","modified_gmt":"2025-12-13T00:50:10","slug":"indiana-jones-temple-of-doom-retro-collection","status":"publish","type":"product","link":"https:\/\/r2-toys.com\/index.php\/product\/indiana-jones-temple-of-doom-retro-collection\/","title":{"rendered":"Indiana Jones (Temple of Doom)\u00a0 Retro Collection"},"content":{"rendered":"<p>Indiana Jones se enfrenta a un antiguo culto que adora al dios Kali a trav\u00e9s del sacrificio humano.<\/p>\n<p>Figura de acci\u00f3n de 9.5cm, cuenta con m\u00faltiples puntos de articulaci\u00f3n e incluye 2 accesorios.<\/p>\n<p>Edad recomendada: 4 a\u00f1os en adelante<\/p>\n<p>\u26a0\ufe0fADVERTENCIA: PELIGRO DE ASFIXIA &#8211; Piezas peque\u00f1as. No apto para ni\u00f1os menores de 4 a\u00f1os.<\/p>\n<p>Los productos Indiana Jones Adventure son producidos por Hasbro bajo licencia de Lucasfilm Ltd.<\/p>\n<p>Hasbro y todos los t\u00e9rminos relacionados son marcas registradas de Hasbro y Lucasfilm Ltd.<\/p>\n","protected":false},"excerpt":{"rendered":"<p>Indiana Jones se enfrenta a un antiguo culto que adora al dios Kali a trav\u00e9s del sacrificio humano.<\/p>\n","protected":false},"featured_media":6378,"comment_status":"open","ping_status":"closed","template":"","meta":[],"product_brand":[],"product_cat":[21],"product_tag":[],"class_list":{"0":"post-6424","1":"product","2":"type-product","3":"status-publish","4":"has-post-thumbnail","6":"product_cat-retro","8":"first","9":"instock","10":"taxable","11":"shipping-taxable","12":"purchasable","13":"product-type-simple"},"_links":{"self":[{"href":"https:\/\/r2-toys.com\/index.php\/wp-json\/wp\/v2\/product\/6424","targetHints":{"allow":["GET"]}}],"collection":[{"href":"https:\/\/r2-toys.com\/index.php\/wp-json\/wp\/v2\/product"}],"about":[{"href":"https:\/\/r2-toys.com\/index.php\/wp-json\/wp\/v2\/types\/product"}],"replies":[{"embeddable":true,"href":"https:\/\/r2-toys.com\/index.php\/wp-json\/wp\/v2\/comments?post=6424"}],"wp:featuredmedia":[{"embeddable":true,"href":"https:\/\/r2-toys.com\/index.php\/wp-json\/wp\/v2\/media\/6378"}],"wp:attachment":[{"href":"https:\/\/r2-toys.com\/index.php\/wp-json\/wp\/v2\/media?parent=6424"}],"wp:term":[{"taxonomy":"product_brand","embeddable":true,"href":"https:\/\/r2-toys.com\/index.php\/wp-json\/wp\/v2\/product_brand?post=6424"},{"taxonomy":"product_cat","embeddable":true,"href":"https:\/\/r2-toys.com\/index.php\/wp-json\/wp\/v2\/product_cat?post=6424"},{"taxonomy":"product_tag","embeddable":true,"href":"https:\/\/r2-toys.com\/index.php\/wp-json\/wp\/v2\/product_tag?post=6424"}],"curies":[{"name":"wp","href":"https:\/\/api.w.org\/{rel}","templated":true}]}}