{"id":6426,"date":"2023-07-29T10:33:31","date_gmt":"2023-07-29T04:33:31","guid":{"rendered":"https:\/\/r2-toys.com\/?post_type=product&#038;p=6426"},"modified":"2023-11-10T01:34:50","modified_gmt":"2023-11-09T19:34:50","slug":"star-wars-the-vintage-collection-phase-ii-clone-trooper-212th-4-pack","status":"publish","type":"product","link":"https:\/\/r2-toys.com\/index.php\/product\/star-wars-the-vintage-collection-phase-ii-clone-trooper-212th-4-pack\/","title":{"rendered":"Star Wars The Vintage Collection Phase II Clone Trooper (212th) 4-Pack"},"content":{"rendered":"<p>Eran tan simb\u00f3licos de la \u00e9poca que el conflicto gal\u00e1ctico que vio su debut tom\u00f3 su nombre de sus filas: las Guerras Clones<\/p>\n<p>Estas figuras de 9,5 cm cuentan con un excelente<span class=\"Apple-converted-space\">\u00a0 <\/span>dise\u00f1o, en empaques inspirados en la l\u00ednea original, incluye 4 figuras (Capit\u00e1n y 4 Soldados) y 6 accesorios.<span class=\"Apple-converted-space\">\u00a0<\/span><\/p>\n<p>Edad recomendada: 4 a\u00f1os en adelante<\/p>\n<p>\u26a0\ufe0fADVERTENCIA: PELIGRO DE ASFIXIA &#8211; Piezas peque\u00f1as. No apto para ni\u00f1os menores de 4 a\u00f1os.<\/p>\n<p>Los productos Star Wars son producidos por Hasbro bajo licencia de Lucasfilm Ltd.<\/p>\n<p>Hasbro y todos los t\u00e9rminos relacionados son marcas registradas de Hasbro<\/p>\n","protected":false},"excerpt":{"rendered":"<p>Eran tan simb\u00f3licos de la \u00e9poca que el conflicto gal\u00e1ctico que vio su debut tom\u00f3 su nombre de sus filas: las Guerras Clones<\/p>\n","protected":false},"featured_media":6411,"comment_status":"open","ping_status":"closed","template":"","meta":[],"product_brand":[],"product_cat":[29],"product_tag":[],"class_list":{"0":"post-6426","1":"product","2":"type-product","3":"status-publish","4":"has-post-thumbnail","6":"product_cat-vintage","8":"first","9":"outofstock","10":"taxable","11":"shipping-taxable","12":"purchasable","13":"product-type-simple"},"_links":{"self":[{"href":"https:\/\/r2-toys.com\/index.php\/wp-json\/wp\/v2\/product\/6426","targetHints":{"allow":["GET"]}}],"collection":[{"href":"https:\/\/r2-toys.com\/index.php\/wp-json\/wp\/v2\/product"}],"about":[{"href":"https:\/\/r2-toys.com\/index.php\/wp-json\/wp\/v2\/types\/product"}],"replies":[{"embeddable":true,"href":"https:\/\/r2-toys.com\/index.php\/wp-json\/wp\/v2\/comments?post=6426"}],"wp:featuredmedia":[{"embeddable":true,"href":"https:\/\/r2-toys.com\/index.php\/wp-json\/wp\/v2\/media\/6411"}],"wp:attachment":[{"href":"https:\/\/r2-toys.com\/index.php\/wp-json\/wp\/v2\/media?parent=6426"}],"wp:term":[{"taxonomy":"product_brand","embeddable":true,"href":"https:\/\/r2-toys.com\/index.php\/wp-json\/wp\/v2\/product_brand?post=6426"},{"taxonomy":"product_cat","embeddable":true,"href":"https:\/\/r2-toys.com\/index.php\/wp-json\/wp\/v2\/product_cat?post=6426"},{"taxonomy":"product_tag","embeddable":true,"href":"https:\/\/r2-toys.com\/index.php\/wp-json\/wp\/v2\/product_tag?post=6426"}],"curies":[{"name":"wp","href":"https:\/\/api.w.org\/{rel}","templated":true}]}}