{"id":6427,"date":"2023-09-07T07:57:23","date_gmt":"2023-09-07T01:57:23","guid":{"rendered":"https:\/\/r2-toys.com\/?post_type=product&#038;p=6427"},"modified":"2026-01-14T23:26:08","modified_gmt":"2026-01-14T17:26:08","slug":"superman-unchained-armor-patina-edition-gold-label","status":"publish","type":"product","link":"https:\/\/r2-toys.com\/index.php\/product\/superman-unchained-armor-patina-edition-gold-label\/","title":{"rendered":"SUPERMAN (UNCHAINED ARMOR) PATINA EDITION (GOLD LABEL)"},"content":{"rendered":"<p>Cuando el alien\u00edgena armado llamado Wraith emprende un alboroto destructivo en la Baticueva y tanto Batman como Wonder Woman no pueden detenerlo, Superman se pone una armadura que presenta un escudo y un hacha de batalla para enfrentarse al adversario electromagn\u00e9tico. Su batalla contin\u00faa hasta el centro de la Tierra, donde Superman finalmente puede derrotarlo, dej\u00e1ndolo flotando en la lava en el centro de la Tierra.<\/p>\n<p>Esta figura de 17cm cuenta con m\u00e1s de 22 articulaciones, incluye alas y una base de soporte de vuelo.<\/p>\n<p>Incluye tarjeta de arte coleccionable con fotograf\u00eda de<span class=\"Apple-converted-space\">\u00a0 <\/span>la figura en el frente y biograf\u00eda del personaje en el reverso.<\/p>\n<p>Edad recomendada: 12 a\u00f1os en adelante<\/p>\n<p>\u26a0\ufe0fADVERTENCIA: PELIGRO DE ASFIXIA &#8211; Piezas peque\u00f1as. No apto para ni\u00f1os menores de 12 a\u00f1os.<\/p>\n<p>Los productos son producidos por McFarlane bajo licencia de DC comics.<\/p>\n<p>McFarlane, DC Comics y<span class=\"Apple-converted-space\">\u00a0 <\/span>todos los t\u00e9rminos relacionados son marcas registradas de Mc Farlane y DC Comics.<\/p>\n","protected":false},"excerpt":{"rendered":"<p>Cuando el alien\u00edgena armado llamado Wraith emprende un alboroto destructivo en la Baticueva y tanto Batman como Wonder Woman no pueden detenerlo, Superman se pone una armadura que presenta un escudo y un hacha de batalla para enfrentarse al adversario electromagn\u00e9tico. Su batalla contin\u00faa hasta el centro de la Tierra, donde Superman finalmente puede derrotarlo, dej\u00e1ndolo flotando en la lava en el centro de la Tierra.<\/p>\n","protected":false},"featured_media":6602,"comment_status":"open","ping_status":"closed","template":"","meta":[],"product_brand":[],"product_cat":[21],"product_tag":[],"class_list":{"0":"post-6427","1":"product","2":"type-product","3":"status-publish","4":"has-post-thumbnail","6":"product_cat-retro","8":"first","9":"instock","10":"taxable","11":"shipping-taxable","12":"purchasable","13":"product-type-simple"},"_links":{"self":[{"href":"https:\/\/r2-toys.com\/index.php\/wp-json\/wp\/v2\/product\/6427","targetHints":{"allow":["GET"]}}],"collection":[{"href":"https:\/\/r2-toys.com\/index.php\/wp-json\/wp\/v2\/product"}],"about":[{"href":"https:\/\/r2-toys.com\/index.php\/wp-json\/wp\/v2\/types\/product"}],"replies":[{"embeddable":true,"href":"https:\/\/r2-toys.com\/index.php\/wp-json\/wp\/v2\/comments?post=6427"}],"wp:featuredmedia":[{"embeddable":true,"href":"https:\/\/r2-toys.com\/index.php\/wp-json\/wp\/v2\/media\/6602"}],"wp:attachment":[{"href":"https:\/\/r2-toys.com\/index.php\/wp-json\/wp\/v2\/media?parent=6427"}],"wp:term":[{"taxonomy":"product_brand","embeddable":true,"href":"https:\/\/r2-toys.com\/index.php\/wp-json\/wp\/v2\/product_brand?post=6427"},{"taxonomy":"product_cat","embeddable":true,"href":"https:\/\/r2-toys.com\/index.php\/wp-json\/wp\/v2\/product_cat?post=6427"},{"taxonomy":"product_tag","embeddable":true,"href":"https:\/\/r2-toys.com\/index.php\/wp-json\/wp\/v2\/product_tag?post=6427"}],"curies":[{"name":"wp","href":"https:\/\/api.w.org\/{rel}","templated":true}]}}