{"id":643,"date":"2022-03-30T04:52:15","date_gmt":"2022-03-29T22:52:15","guid":{"rendered":"https:\/\/r2-toys.com\/?post_type=product&#038;p=643"},"modified":"2025-12-11T01:28:09","modified_gmt":"2025-12-10T19:28:09","slug":"greef-karga-2","status":"publish","type":"product","link":"https:\/\/r2-toys.com\/index.php\/product\/greef-karga-2\/","title":{"rendered":"GREEF KARGA"},"content":{"rendered":"<p>Como agente del Gremio de cazarrecompensas, Greef Karga asegura cazarrecompensas en busca de valiosas y raras canteras en la galaxia.<\/p>\n<p>Con detalles y dise\u00f1o de primera calidad inspirados en la serie de acci\u00f3n en vivo Disney Plus de The Mandalorian, esta figura de acci\u00f3n de colecci\u00f3n de Star Wars The Vintage Collection de 9.5 cm aproximadamente, de Greef Karga es un gran regalo para Star. Fans y coleccionistas de Wars. Los productos de Star Wars son producidos por Hasbro bajo licencia de Lucasfilm Ltd Hasbro y todos los t\u00e9rminos relacionados son marcas comerciales de Hasbro.<\/p>\n<p>Altamente posable con detalles realistas, incluida una cara fotorrealista, la figura de Star Wars Greef Karga se puede mostrar en colecciones de figuras de acci\u00f3n y veh\u00edculos.<\/p>\n<p>Incluye: figura y 2 accesorios.<\/p>\n<div>\n<p>Edad recomendada: 4 a\u00f1os en adelante<\/p>\n<\/div>\n<div>\n<p>\u26a0\ufe0f ADVERTENCIA: PELIGRO DE ASFIXIA &#8211; Piezas peque\u00f1as. No apto para ni\u00f1os menores de 4 a\u00f1os.<\/p>\n<\/div>\n<div>\n<p>Los productos Star Wars son producidos por Hasbro bajo licencia de Lucasfilm Ltd.<\/p>\n<\/div>\n<div>\n<p>Hasbro y todos los t\u00e9rminos relacionados son marcas de comercio de Hasbro.<\/p>\n<\/div>\n","protected":false},"excerpt":{"rendered":"<p>Como agente del Gremio de cazarrecompensas, Greef Karga asegura cazarrecompensas en busca de valiosas y raras canteras en la galaxia.<\/p>\n","protected":false},"featured_media":3038,"comment_status":"open","ping_status":"closed","template":"","meta":[],"product_brand":[],"product_cat":[29],"product_tag":[],"class_list":{"0":"post-643","1":"product","2":"type-product","3":"status-publish","4":"has-post-thumbnail","6":"product_cat-vintage","8":"first","9":"instock","10":"taxable","11":"shipping-taxable","12":"purchasable","13":"product-type-simple"},"_links":{"self":[{"href":"https:\/\/r2-toys.com\/index.php\/wp-json\/wp\/v2\/product\/643","targetHints":{"allow":["GET"]}}],"collection":[{"href":"https:\/\/r2-toys.com\/index.php\/wp-json\/wp\/v2\/product"}],"about":[{"href":"https:\/\/r2-toys.com\/index.php\/wp-json\/wp\/v2\/types\/product"}],"replies":[{"embeddable":true,"href":"https:\/\/r2-toys.com\/index.php\/wp-json\/wp\/v2\/comments?post=643"}],"wp:featuredmedia":[{"embeddable":true,"href":"https:\/\/r2-toys.com\/index.php\/wp-json\/wp\/v2\/media\/3038"}],"wp:attachment":[{"href":"https:\/\/r2-toys.com\/index.php\/wp-json\/wp\/v2\/media?parent=643"}],"wp:term":[{"taxonomy":"product_brand","embeddable":true,"href":"https:\/\/r2-toys.com\/index.php\/wp-json\/wp\/v2\/product_brand?post=643"},{"taxonomy":"product_cat","embeddable":true,"href":"https:\/\/r2-toys.com\/index.php\/wp-json\/wp\/v2\/product_cat?post=643"},{"taxonomy":"product_tag","embeddable":true,"href":"https:\/\/r2-toys.com\/index.php\/wp-json\/wp\/v2\/product_tag?post=643"}],"curies":[{"name":"wp","href":"https:\/\/api.w.org\/{rel}","templated":true}]}}