{"id":6445,"date":"2023-08-06T10:11:16","date_gmt":"2023-08-06T04:11:16","guid":{"rendered":"https:\/\/r2-toys.com\/?post_type=product&#038;p=6445"},"modified":"2023-08-06T10:13:53","modified_gmt":"2023-08-06T04:13:53","slug":"rebel-trooper-endor","status":"publish","type":"product","link":"https:\/\/r2-toys.com\/index.php\/product\/rebel-trooper-endor\/","title":{"rendered":"Rebel Trooper (Endor)"},"content":{"rendered":"<p>Los soldados rebeldes, tambi\u00e9n conocidos como soldados rebeldes o soldados de la Alianza, fueron los soldados de primera l\u00ednea tanto del primer movimiento rebelde como, m\u00e1s tarde, de la Alianza Rebelde contra el Imperio Gal\u00e1ctico durante la Guerra Civil Gal\u00e1ctica. Inicialmente formadas a partir de c\u00e9lulas de resistencia d\u00e9bilmente conectadas, el liderazgo de Mon Mothma las vio convertirse en una infanter\u00eda gal\u00e1ctica impresionantemente armada y entrenada.<\/p>\n<p>Esta figura de 15 cm cuenta con un excelente<span class=\"Apple-converted-space\">\u00a0 <\/span>dise\u00f1o, en empaques inspirados en la l\u00ednea original, conmemorando el 40.\u00ba aniversario del El retorno del Jedi. incluye 4 accesorios.<\/p>\n<p>Edad recomendada: 4 a\u00f1os en adelante<\/p>\n<p>\u26a0\ufe0fADVERTENCIA: PELIGRO DE ASFIXIA &#8211; Piezas peque\u00f1as. No apto para ni\u00f1os menores de 4 a\u00f1os.<\/p>\n<p>Los productos Star Wars son producidos por Hasbro bajo licencia de Lucasfilm Ltd.<\/p>\n<p>Hasbro y todos los t\u00e9rminos relacionados son marcas registradas de Hasbro.<\/p>\n","protected":false},"excerpt":{"rendered":"<p>Los soldados rebeldes, tambi\u00e9n conocidos como soldados rebeldes o soldados de la Alianza, fueron los soldados de primera l\u00ednea tanto del primer movimiento rebelde como, m\u00e1s tarde, de la Alianza Rebelde contra el Imperio Gal\u00e1ctico durante la Guerra Civil Gal\u00e1ctica. Inicialmente formadas a partir de c\u00e9lulas de resistencia d\u00e9bilmente conectadas, el liderazgo de Mon Mothma las vio convertirse en una infanter\u00eda gal\u00e1ctica impresionantemente armada y entrenada.<\/p>\n","protected":false},"featured_media":6434,"comment_status":"open","ping_status":"closed","template":"","meta":[],"product_brand":[],"product_cat":[29],"product_tag":[],"class_list":{"0":"post-6445","1":"product","2":"type-product","3":"status-publish","4":"has-post-thumbnail","6":"product_cat-vintage","8":"first","9":"instock","10":"taxable","11":"shipping-taxable","12":"purchasable","13":"product-type-simple"},"_links":{"self":[{"href":"https:\/\/r2-toys.com\/index.php\/wp-json\/wp\/v2\/product\/6445","targetHints":{"allow":["GET"]}}],"collection":[{"href":"https:\/\/r2-toys.com\/index.php\/wp-json\/wp\/v2\/product"}],"about":[{"href":"https:\/\/r2-toys.com\/index.php\/wp-json\/wp\/v2\/types\/product"}],"replies":[{"embeddable":true,"href":"https:\/\/r2-toys.com\/index.php\/wp-json\/wp\/v2\/comments?post=6445"}],"wp:featuredmedia":[{"embeddable":true,"href":"https:\/\/r2-toys.com\/index.php\/wp-json\/wp\/v2\/media\/6434"}],"wp:attachment":[{"href":"https:\/\/r2-toys.com\/index.php\/wp-json\/wp\/v2\/media?parent=6445"}],"wp:term":[{"taxonomy":"product_brand","embeddable":true,"href":"https:\/\/r2-toys.com\/index.php\/wp-json\/wp\/v2\/product_brand?post=6445"},{"taxonomy":"product_cat","embeddable":true,"href":"https:\/\/r2-toys.com\/index.php\/wp-json\/wp\/v2\/product_cat?post=6445"},{"taxonomy":"product_tag","embeddable":true,"href":"https:\/\/r2-toys.com\/index.php\/wp-json\/wp\/v2\/product_tag?post=6445"}],"curies":[{"name":"wp","href":"https:\/\/api.w.org\/{rel}","templated":true}]}}