{"id":6446,"date":"2023-08-06T10:34:27","date_gmt":"2023-08-06T04:34:27","guid":{"rendered":"https:\/\/r2-toys.com\/?post_type=product&#038;p=6446"},"modified":"2026-01-16T21:51:06","modified_gmt":"2026-01-16T15:51:06","slug":"han-solo-carbonita","status":"publish","type":"product","link":"https:\/\/r2-toys.com\/index.php\/product\/han-solo-carbonita\/","title":{"rendered":"Han Solo Carbonita"},"content":{"rendered":"<p><b>Han Solo Carbonita<\/b><\/p>\n<p>Darth Vader\u00a0orden\u00f3 la modificaci\u00f3n de una c\u00e1mara de congelaci\u00f3n en la\u00a0Ciudad de las Nubes\u00a0en\u00a0Bespin\u00a0para poder congelar a\u00a0Luke Skywalker\u00a0y llevarlo al\u00a0Emperador\u00a0sin que pudiera escapar. El proceso se prob\u00f3 en\u00a0Han Solo, que sobrevivi\u00f3[1]\u00a0y fue liberado\u00a0un a\u00f1o despu\u00e9s.<\/p>\n<p>Esta figura de 15 cm cuenta con un excelente<span class=\"Apple-converted-space\">\u00a0 <\/span>dise\u00f1o, en empaques inspirados en la l\u00ednea original, conmemorando el 40.\u00ba aniversario. incluye 1 accesorio.<\/p>\n<p>Edad recomendada: 4 a\u00f1os en adelante<\/p>\n<p>\u26a0\ufe0fADVERTENCIA: PELIGRO DE ASFIXIA &#8211; Piezas peque\u00f1as. No apto para ni\u00f1os menores de 4 a\u00f1os.<\/p>\n<p>Los productos Star Wars son producidos por Hasbro bajo licencia de Lucasfilm Ltd.<\/p>\n<p>Hasbro y todos los t\u00e9rminos relacionados son marcas registradas de Hasbro.<\/p>\n","protected":false},"excerpt":{"rendered":"<p>Darth Vader\u00a0orden\u00f3 la modificaci\u00f3n de una c\u00e1mara de congelaci\u00f3n en la\u00a0Ciudad de las Nubes\u00a0en\u00a0Bespin\u00a0para poder congelar a\u00a0Luke Skywalker\u00a0y llevarlo al\u00a0Emperador\u00a0sin que pudiera escapar. El proceso se prob\u00f3 en\u00a0Han Solo, que sobrevivi\u00f3[1]\u00a0y fue liberado\u00a0un a\u00f1o despu\u00e9s.<\/p>\n","protected":false},"featured_media":6435,"comment_status":"open","ping_status":"closed","template":"","meta":[],"product_brand":[],"product_cat":[29],"product_tag":[],"class_list":{"0":"post-6446","1":"product","2":"type-product","3":"status-publish","4":"has-post-thumbnail","6":"product_cat-vintage","8":"first","9":"outofstock","10":"taxable","11":"shipping-taxable","12":"purchasable","13":"product-type-simple"},"_links":{"self":[{"href":"https:\/\/r2-toys.com\/index.php\/wp-json\/wp\/v2\/product\/6446","targetHints":{"allow":["GET"]}}],"collection":[{"href":"https:\/\/r2-toys.com\/index.php\/wp-json\/wp\/v2\/product"}],"about":[{"href":"https:\/\/r2-toys.com\/index.php\/wp-json\/wp\/v2\/types\/product"}],"replies":[{"embeddable":true,"href":"https:\/\/r2-toys.com\/index.php\/wp-json\/wp\/v2\/comments?post=6446"}],"wp:featuredmedia":[{"embeddable":true,"href":"https:\/\/r2-toys.com\/index.php\/wp-json\/wp\/v2\/media\/6435"}],"wp:attachment":[{"href":"https:\/\/r2-toys.com\/index.php\/wp-json\/wp\/v2\/media?parent=6446"}],"wp:term":[{"taxonomy":"product_brand","embeddable":true,"href":"https:\/\/r2-toys.com\/index.php\/wp-json\/wp\/v2\/product_brand?post=6446"},{"taxonomy":"product_cat","embeddable":true,"href":"https:\/\/r2-toys.com\/index.php\/wp-json\/wp\/v2\/product_cat?post=6446"},{"taxonomy":"product_tag","embeddable":true,"href":"https:\/\/r2-toys.com\/index.php\/wp-json\/wp\/v2\/product_tag?post=6446"}],"curies":[{"name":"wp","href":"https:\/\/api.w.org\/{rel}","templated":true}]}}