{"id":6447,"date":"2023-08-06T11:20:03","date_gmt":"2023-08-06T05:20:03","guid":{"rendered":"https:\/\/r2-toys.com\/?post_type=product&#038;p=6447"},"modified":"2025-12-11T02:59:17","modified_gmt":"2025-12-10T20:59:17","slug":"dok-ondar","status":"publish","type":"product","link":"https:\/\/r2-toys.com\/index.php\/product\/dok-ondar\/","title":{"rendered":"Dok-Ondar\u00a0"},"content":{"rendered":"<p>Fue un coleccionista\u00a0ithoriano con una tienda de antig\u00fcedades\u00a0en el\u00a0Puesto de avanzada de la Aguja Negra\u00a0del\u00a0planeta\u00a0Batuu, en los l\u00edmites del\u00a0Espacio Salvaje\u00a0del\u00a0Borde Exterior. Seg\u00fan los rumores, estaba dispuesto a intercambiar cualquier tesoro por un precio justo.<\/p>\n<p>Esta figura de 15cm presenta m\u00faltiples puntos de articulaci\u00f3n y dise\u00f1o incre\u00edble. Incluye accesorios.<\/p>\n<p>Edad recomendada: 4 a\u00f1os en adelante<\/p>\n<p>\u26a0\ufe0fADVERTENCIA: PELIGRO DE ASFIXIA &#8211; Piezas peque\u00f1as. No apto para ni\u00f1os menores de 4 a\u00f1os.<\/p>\n<p>Los productos Star Wars son producidos por Hasbro bajo licencia de Lucasfilm Ltd.<\/p>\n<p>Hasbro y todos los t\u00e9rminos relacionados son marcas registradas de Hasbro.<\/p>\n","protected":false},"excerpt":{"rendered":"<p>Fue un coleccionista\u00a0ithoriano con una tienda de antig\u00fcedades\u00a0en el\u00a0Puesto de avanzada de la Aguja Negra\u00a0del\u00a0planeta\u00a0Batuu, en los l\u00edmites del\u00a0Espacio Salvaje\u00a0del\u00a0Borde Exterior. Seg\u00fan los rumores, estaba dispuesto a intercambiar cualquier tesoro por un precio justo.<\/p>\n","protected":false},"featured_media":6441,"comment_status":"open","ping_status":"closed","template":"","meta":[],"product_brand":[],"product_cat":[28],"product_tag":[],"class_list":{"0":"post-6447","1":"product","2":"type-product","3":"status-publish","4":"has-post-thumbnail","6":"product_cat-black-series","8":"first","9":"instock","10":"taxable","11":"shipping-taxable","12":"purchasable","13":"product-type-simple"},"_links":{"self":[{"href":"https:\/\/r2-toys.com\/index.php\/wp-json\/wp\/v2\/product\/6447","targetHints":{"allow":["GET"]}}],"collection":[{"href":"https:\/\/r2-toys.com\/index.php\/wp-json\/wp\/v2\/product"}],"about":[{"href":"https:\/\/r2-toys.com\/index.php\/wp-json\/wp\/v2\/types\/product"}],"replies":[{"embeddable":true,"href":"https:\/\/r2-toys.com\/index.php\/wp-json\/wp\/v2\/comments?post=6447"}],"wp:featuredmedia":[{"embeddable":true,"href":"https:\/\/r2-toys.com\/index.php\/wp-json\/wp\/v2\/media\/6441"}],"wp:attachment":[{"href":"https:\/\/r2-toys.com\/index.php\/wp-json\/wp\/v2\/media?parent=6447"}],"wp:term":[{"taxonomy":"product_brand","embeddable":true,"href":"https:\/\/r2-toys.com\/index.php\/wp-json\/wp\/v2\/product_brand?post=6447"},{"taxonomy":"product_cat","embeddable":true,"href":"https:\/\/r2-toys.com\/index.php\/wp-json\/wp\/v2\/product_cat?post=6447"},{"taxonomy":"product_tag","embeddable":true,"href":"https:\/\/r2-toys.com\/index.php\/wp-json\/wp\/v2\/product_tag?post=6447"}],"curies":[{"name":"wp","href":"https:\/\/api.w.org\/{rel}","templated":true}]}}