{"id":656,"date":"2022-03-30T05:00:08","date_gmt":"2022-03-29T23:00:08","guid":{"rendered":"https:\/\/r2-toys.com\/?post_type=product&#038;p=656"},"modified":"2025-12-14T22:36:13","modified_gmt":"2025-12-14T16:36:13","slug":"han-solo-endor","status":"publish","type":"product","link":"https:\/\/r2-toys.com\/index.php\/product\/han-solo-endor\/","title":{"rendered":"HAN SOLO (ENDOR)"},"content":{"rendered":"<p>Han Solo destruy\u00f3 el generador de escudos en Endor, permitiendo que las fuerzas rebeldes destruyeran la segunda Estrella de la Muerte, trayendo libertad a la galaxia una vez m\u00e1s.<\/p>\n<p>Han Solo y su equipo de ataque aterrizaron en la luna forestal de Endor, donde se encontraron con los soldados exploradores y fueron capturados por los ewoks.<\/p>\n<p>Esta figura de acci\u00f3n de Han Solo (Endor) de 9.5 cm est\u00e1 inspirada en el personaje de Star Wars: Return of the Jedi.<\/p>\n<p>Incluye: figura y 2 accesorios.<\/p>\n<div>\n<p>Edad recomendada: 4 a\u00f1os en adelante<\/p>\n<\/div>\n<div>\n<p>\u26a0\ufe0f ADVERTENCIA: PELIGRO DE ASFIXIA &#8211; Piezas peque\u00f1as. No apto para ni\u00f1os menores de 4 a\u00f1os.<\/p>\n<\/div>\n<div>\n<p>Los productos Star Wars son producidos por Hasbro bajo licencia de Lucasfilm Ltd.<\/p>\n<\/div>\n<div>\n<p>Hasbro y todos los t\u00e9rminos relacionados son marcas de comercio de Hasbro.<\/p>\n<\/div>\n","protected":false},"excerpt":{"rendered":"<p>Han Solo destruy\u00f3 el generador de escudos en Endor, permitiendo que las fuerzas rebeldes destruyeran la segunda Estrella de la Muerte, trayendo libertad a la galaxia una vez m\u00e1s.<\/p>\n","protected":false},"featured_media":3042,"comment_status":"open","ping_status":"closed","template":"","meta":[],"product_brand":[],"product_cat":[29],"product_tag":[],"class_list":{"0":"post-656","1":"product","2":"type-product","3":"status-publish","4":"has-post-thumbnail","6":"product_cat-vintage","8":"first","9":"instock","10":"taxable","11":"shipping-taxable","12":"purchasable","13":"product-type-simple"},"_links":{"self":[{"href":"https:\/\/r2-toys.com\/index.php\/wp-json\/wp\/v2\/product\/656","targetHints":{"allow":["GET"]}}],"collection":[{"href":"https:\/\/r2-toys.com\/index.php\/wp-json\/wp\/v2\/product"}],"about":[{"href":"https:\/\/r2-toys.com\/index.php\/wp-json\/wp\/v2\/types\/product"}],"replies":[{"embeddable":true,"href":"https:\/\/r2-toys.com\/index.php\/wp-json\/wp\/v2\/comments?post=656"}],"wp:featuredmedia":[{"embeddable":true,"href":"https:\/\/r2-toys.com\/index.php\/wp-json\/wp\/v2\/media\/3042"}],"wp:attachment":[{"href":"https:\/\/r2-toys.com\/index.php\/wp-json\/wp\/v2\/media?parent=656"}],"wp:term":[{"taxonomy":"product_brand","embeddable":true,"href":"https:\/\/r2-toys.com\/index.php\/wp-json\/wp\/v2\/product_brand?post=656"},{"taxonomy":"product_cat","embeddable":true,"href":"https:\/\/r2-toys.com\/index.php\/wp-json\/wp\/v2\/product_cat?post=656"},{"taxonomy":"product_tag","embeddable":true,"href":"https:\/\/r2-toys.com\/index.php\/wp-json\/wp\/v2\/product_tag?post=656"}],"curies":[{"name":"wp","href":"https:\/\/api.w.org\/{rel}","templated":true}]}}