{"id":6560,"date":"2023-09-06T10:22:14","date_gmt":"2023-09-06T04:22:14","guid":{"rendered":"https:\/\/r2-toys.com\/?post_type=product&#038;p=6560"},"modified":"2025-12-06T12:38:06","modified_gmt":"2025-12-06T06:38:06","slug":"darth-vader-death-star-ii","status":"publish","type":"product","link":"https:\/\/r2-toys.com\/index.php\/product\/darth-vader-death-star-ii\/","title":{"rendered":"Darth Vader (Death Star II)"},"content":{"rendered":"<p>Alguna vez heroico Caballero Jedi, Darth Vader fue encaminado al lado oscuro de la Fuerza, se convirti\u00f3 en un Se\u00f1or Sith y lider\u00f3 la erradicaci\u00f3n de la Orden Jedi por parte del Imperio. Permaneci\u00f3 al servicio del Emperador, el malvado Darth Sidious.<\/p>\n<p>Figura de acci\u00f3n de 15cm Conmemora el 40.\u00ba aniversario de El retorno del Jedi con dise\u00f1o y empaque cl\u00e1sicos, cuenta con m\u00faltiples puntos de articulaci\u00f3n la m\u00e1scara es extra\u00edble<span class=\"Apple-converted-space\">\u00a0<\/span><\/p>\n<p><span class=\"Apple-converted-space\">\u00a0<\/span>y cuenta con 4 accesorios de combate.<\/p>\n<p>Edad recomendada: 4 a\u00f1os en adelante<\/p>\n<p>\u26a0\ufe0fADVERTENCIA: PELIGRO DE ASFIXIA &#8211; Piezas peque\u00f1as. No apto para ni\u00f1os menores de 4 a\u00f1os.<\/p>\n<p>Los productos Star Wars son producidos por Hasbro bajo licencia de Lucasfilm Ltd.<\/p>\n<p>Hasbro y todos los t\u00e9rminos relacionados son marcas registradas de Hasbro.<\/p>\n","protected":false},"excerpt":{"rendered":"<p>Alguna vez heroico Caballero Jedi, Darth Vader fue encaminado al lado oscuro de la Fuerza, se convirti\u00f3 en un Se\u00f1or Sith y lider\u00f3 la erradicaci\u00f3n de la Orden Jedi por parte del Imperio. Permaneci\u00f3 al servicio del Emperador, el malvado Darth Sidious.<\/p>\n","protected":false},"featured_media":6557,"comment_status":"open","ping_status":"closed","template":"","meta":[],"product_brand":[],"product_cat":[29],"product_tag":[],"class_list":{"0":"post-6560","1":"product","2":"type-product","3":"status-publish","4":"has-post-thumbnail","6":"product_cat-vintage","8":"first","9":"outofstock","10":"taxable","11":"shipping-taxable","12":"purchasable","13":"product-type-simple"},"_links":{"self":[{"href":"https:\/\/r2-toys.com\/index.php\/wp-json\/wp\/v2\/product\/6560","targetHints":{"allow":["GET"]}}],"collection":[{"href":"https:\/\/r2-toys.com\/index.php\/wp-json\/wp\/v2\/product"}],"about":[{"href":"https:\/\/r2-toys.com\/index.php\/wp-json\/wp\/v2\/types\/product"}],"replies":[{"embeddable":true,"href":"https:\/\/r2-toys.com\/index.php\/wp-json\/wp\/v2\/comments?post=6560"}],"wp:featuredmedia":[{"embeddable":true,"href":"https:\/\/r2-toys.com\/index.php\/wp-json\/wp\/v2\/media\/6557"}],"wp:attachment":[{"href":"https:\/\/r2-toys.com\/index.php\/wp-json\/wp\/v2\/media?parent=6560"}],"wp:term":[{"taxonomy":"product_brand","embeddable":true,"href":"https:\/\/r2-toys.com\/index.php\/wp-json\/wp\/v2\/product_brand?post=6560"},{"taxonomy":"product_cat","embeddable":true,"href":"https:\/\/r2-toys.com\/index.php\/wp-json\/wp\/v2\/product_cat?post=6560"},{"taxonomy":"product_tag","embeddable":true,"href":"https:\/\/r2-toys.com\/index.php\/wp-json\/wp\/v2\/product_tag?post=6560"}],"curies":[{"name":"wp","href":"https:\/\/api.w.org\/{rel}","templated":true}]}}