{"id":6561,"date":"2023-09-06T10:33:00","date_gmt":"2023-09-06T04:33:00","guid":{"rendered":"https:\/\/r2-toys.com\/?post_type=product&#038;p=6561"},"modified":"2026-01-05T21:24:03","modified_gmt":"2026-01-05T15:24:03","slug":"scout-trooper-premium-electronic-helmet","status":"publish","type":"product","link":"https:\/\/r2-toys.com\/index.php\/product\/scout-trooper-premium-electronic-helmet\/","title":{"rendered":"Scout Trooper Premium Electronic Helmet"},"content":{"rendered":"<p class=\"p3\">Los soldados exploradores ten\u00edan una armadura ligera en comparaci\u00f3n con otros soldados de asalto, lo que les permit\u00eda moverse m\u00e1s r\u00e1pida y f\u00e1cilmente en una variedad de entornos. Tambi\u00e9n fueron entrenados para una mayor independencia y adaptabilidad que la mayor\u00eda de las tropas imperiales.<\/p>\n<p class=\"p3\">Presenta un cambiador de voz que la distorsiona para que suene como un Scout Trooper.<\/p>\n<p class=\"p3\">Con una decoraci\u00f3n muy detallada.<\/p>\n<p class=\"p3\">REQUIERE BATER\u00cdAS ALCALINAS AAA DE 1.5v. No incluidas.<\/p>\n<p class=\"p3\">Edad recomendada: 14 a\u00f1os en adelante<\/p>\n<p class=\"p3\"><span class=\"s1\">\u26a0\ufe0f<\/span>ADVERTENCIA: PELIGRO DE ASFIXIA &#8211; Piezas peque\u00f1as. No apto para ni\u00f1os menores de 14 a\u00f1os.<\/p>\n<p class=\"p3\">Los productos Star Wars son producidos por Hasbro bajo licencia de Lucasfilm Ltd.<\/p>\n<p class=\"p3\">Hasbro y todos los t\u00e9rminos relacionados son marcas registradas de Hasbro.<\/p>\n","protected":false},"excerpt":{"rendered":"<p>Los soldados exploradores ten\u00edan una armadura ligera en comparaci\u00f3n con otros soldados de asalto, lo que les permit\u00eda moverse m\u00e1s r\u00e1pida y f\u00e1cilmente en una variedad de entornos. Tambi\u00e9n fueron entrenados para una mayor independencia y adaptabilidad que la mayor\u00eda de las tropas imperiales.<\/p>\n","protected":false},"featured_media":6443,"comment_status":"open","ping_status":"closed","template":"","meta":[],"product_brand":[],"product_cat":[26],"product_tag":[],"class_list":{"0":"post-6561","1":"product","2":"type-product","3":"status-publish","4":"has-post-thumbnail","6":"product_cat-cascos","8":"first","9":"instock","10":"taxable","11":"shipping-taxable","12":"purchasable","13":"product-type-simple"},"_links":{"self":[{"href":"https:\/\/r2-toys.com\/index.php\/wp-json\/wp\/v2\/product\/6561","targetHints":{"allow":["GET"]}}],"collection":[{"href":"https:\/\/r2-toys.com\/index.php\/wp-json\/wp\/v2\/product"}],"about":[{"href":"https:\/\/r2-toys.com\/index.php\/wp-json\/wp\/v2\/types\/product"}],"replies":[{"embeddable":true,"href":"https:\/\/r2-toys.com\/index.php\/wp-json\/wp\/v2\/comments?post=6561"}],"wp:featuredmedia":[{"embeddable":true,"href":"https:\/\/r2-toys.com\/index.php\/wp-json\/wp\/v2\/media\/6443"}],"wp:attachment":[{"href":"https:\/\/r2-toys.com\/index.php\/wp-json\/wp\/v2\/media?parent=6561"}],"wp:term":[{"taxonomy":"product_brand","embeddable":true,"href":"https:\/\/r2-toys.com\/index.php\/wp-json\/wp\/v2\/product_brand?post=6561"},{"taxonomy":"product_cat","embeddable":true,"href":"https:\/\/r2-toys.com\/index.php\/wp-json\/wp\/v2\/product_cat?post=6561"},{"taxonomy":"product_tag","embeddable":true,"href":"https:\/\/r2-toys.com\/index.php\/wp-json\/wp\/v2\/product_tag?post=6561"}],"curies":[{"name":"wp","href":"https:\/\/api.w.org\/{rel}","templated":true}]}}