{"id":6564,"date":"2023-09-06T11:02:43","date_gmt":"2023-09-06T05:02:43","guid":{"rendered":"https:\/\/r2-toys.com\/?post_type=product&#038;p=6564"},"modified":"2026-01-16T00:28:26","modified_gmt":"2026-01-15T18:28:26","slug":"bo-katan-kryze-special-edition-doll","status":"publish","type":"product","link":"https:\/\/r2-toys.com\/index.php\/product\/bo-katan-kryze-special-edition-doll\/","title":{"rendered":"Bo-Katan Kryze Special Edition Doll"},"content":{"rendered":"<p class=\"p3\">Bo-Katan Kryze, un guerrero talentoso, es una figura legendaria. Ella se neg\u00f3 a alinearse con la ocupaci\u00f3n de Mandalore por parte del Imperio y ascendi\u00f3 hasta convertirse en la l\u00edder de la resistencia mandaloriana. Inspirada en su aclamada historia la mu\u00f1eca de edici\u00f3n especial da vida al h\u00e9roe ic\u00f3nico de aproximadamente 27cm con detalles incre\u00edbles e impresionantes.<\/p>\n<p class=\"p3\">Body de tela con armadura en hombros y pecho.<\/p>\n<p class=\"p3\">Casco<\/p>\n<p class=\"p3\">Mochila propulsora<\/p>\n<p class=\"p3\">Dos pistolas blaster con fundas.<\/p>\n<p class=\"p3\">Botas<\/p>\n<p class=\"p3\"><span class=\"s1\">\u26a0\ufe0f<\/span>ADVERTENCIA: PELIGRO DE ASFIXIA &#8211; Piezas peque\u00f1as. No apto para ni\u00f1os menores de 4 a\u00f1os.<\/p>\n<p class=\"p3\">Los productos Star Wars son producidos por Hasbro bajo licencia de Lucasfilm Ltd.<\/p>\n<p class=\"p3\">Hasbro y todos los t\u00e9rminos relacionados son marcas registradas de Hasbro.<\/p>\n","protected":false},"excerpt":{"rendered":"<p>Bo-Katan Kryze, un guerrero talentoso, es una figura legendaria. Ella se neg\u00f3 a alinearse con la ocupaci\u00f3n de Mandalore por parte del Imperio y ascendi\u00f3 hasta convertirse en la l\u00edder de la resistencia mandaloriana.<\/p>\n","protected":false},"featured_media":6466,"comment_status":"open","ping_status":"closed","template":"","meta":[],"product_brand":[],"product_cat":[33],"product_tag":[],"class_list":{"0":"post-6564","1":"product","2":"type-product","3":"status-publish","4":"has-post-thumbnail","6":"product_cat-otros","8":"first","9":"instock","10":"taxable","11":"shipping-taxable","12":"purchasable","13":"product-type-simple"},"_links":{"self":[{"href":"https:\/\/r2-toys.com\/index.php\/wp-json\/wp\/v2\/product\/6564","targetHints":{"allow":["GET"]}}],"collection":[{"href":"https:\/\/r2-toys.com\/index.php\/wp-json\/wp\/v2\/product"}],"about":[{"href":"https:\/\/r2-toys.com\/index.php\/wp-json\/wp\/v2\/types\/product"}],"replies":[{"embeddable":true,"href":"https:\/\/r2-toys.com\/index.php\/wp-json\/wp\/v2\/comments?post=6564"}],"wp:featuredmedia":[{"embeddable":true,"href":"https:\/\/r2-toys.com\/index.php\/wp-json\/wp\/v2\/media\/6466"}],"wp:attachment":[{"href":"https:\/\/r2-toys.com\/index.php\/wp-json\/wp\/v2\/media?parent=6564"}],"wp:term":[{"taxonomy":"product_brand","embeddable":true,"href":"https:\/\/r2-toys.com\/index.php\/wp-json\/wp\/v2\/product_brand?post=6564"},{"taxonomy":"product_cat","embeddable":true,"href":"https:\/\/r2-toys.com\/index.php\/wp-json\/wp\/v2\/product_cat?post=6564"},{"taxonomy":"product_tag","embeddable":true,"href":"https:\/\/r2-toys.com\/index.php\/wp-json\/wp\/v2\/product_tag?post=6564"}],"curies":[{"name":"wp","href":"https:\/\/api.w.org\/{rel}","templated":true}]}}