{"id":6569,"date":"2023-09-07T01:37:01","date_gmt":"2023-09-06T19:37:01","guid":{"rendered":"https:\/\/r2-toys.com\/?post_type=product&#038;p=6569"},"modified":"2026-01-13T05:26:56","modified_gmt":"2026-01-12T23:26:56","slug":"ned-b-634","status":"publish","type":"product","link":"https:\/\/r2-toys.com\/index.php\/product\/ned-b-634\/","title":{"rendered":"NED-B 634"},"content":{"rendered":"<p class=\"p3\">A\u00f1os despu\u00e9s de los dram\u00e1ticos eventos de La venganza de los Sith, donde Kenobi enfrent\u00f3 la corrupci\u00f3n de su amigo y aprendiz de Jedi, Anakin Skywalker, convertido en el Lord Sith Darth Vader.<\/p>\n<p class=\"p3\">Desde 1977 la saga de Star Wars ha sido un movimiento revolucionario de la cultura pop generaci\u00f3n tras generaci\u00f3n, reclutando fans y seguidores, creando para ellos diversas producciones del amplio universo. Gracias a FunkoPop podemos tener incre\u00edbles figuras de tus personajes favoritos con incre\u00edbles dise\u00f1os.<\/p>\n<p class=\"p3\">Altura aproximada de 11 cm<\/p>\n<p class=\"p3\">Empaque con ventana para su exhibici\u00f3n<\/p>\n<p class=\"p3\">Fabricados en Vinyl<\/p>\n<p class=\"p3\">Edad recomendada: 4 a\u00f1os en adelante<\/p>\n<p class=\"p3\"><span class=\"s1\">\u26a0\ufe0f<\/span>ADVERTENCIA: PELIGRO DE ASFIXIA &#8211; Piezas peque\u00f1as. No apto para ni\u00f1os menores de 4 a\u00f1os.<\/p>\n<p class=\"p3\">Los productos Star Wars son producidos por FUNKO bajo licencia de Lucasfilm Ltd. y Disney<\/p>\n<p class=\"p3\">FUNKO y todos los t\u00e9rminos relacionados son marcas registradas de Funko.<\/p>\n","protected":false},"excerpt":{"rendered":"<p>A\u00f1os despu\u00e9s de los dram\u00e1ticos eventos de La venganza de los Sith, donde Kenobi enfrent\u00f3 la corrupci\u00f3n de su amigo y aprendiz de Jedi, Anakin Skywalker, convertido en el Lord Sith Darth Vader.<\/p>\n","protected":false},"featured_media":6475,"comment_status":"open","ping_status":"closed","template":"","meta":[],"product_brand":[],"product_cat":[20],"product_tag":[],"class_list":{"0":"post-6569","1":"product","2":"type-product","3":"status-publish","4":"has-post-thumbnail","6":"product_cat-funko1","8":"first","9":"instock","10":"taxable","11":"shipping-taxable","12":"purchasable","13":"product-type-simple"},"_links":{"self":[{"href":"https:\/\/r2-toys.com\/index.php\/wp-json\/wp\/v2\/product\/6569","targetHints":{"allow":["GET"]}}],"collection":[{"href":"https:\/\/r2-toys.com\/index.php\/wp-json\/wp\/v2\/product"}],"about":[{"href":"https:\/\/r2-toys.com\/index.php\/wp-json\/wp\/v2\/types\/product"}],"replies":[{"embeddable":true,"href":"https:\/\/r2-toys.com\/index.php\/wp-json\/wp\/v2\/comments?post=6569"}],"wp:featuredmedia":[{"embeddable":true,"href":"https:\/\/r2-toys.com\/index.php\/wp-json\/wp\/v2\/media\/6475"}],"wp:attachment":[{"href":"https:\/\/r2-toys.com\/index.php\/wp-json\/wp\/v2\/media?parent=6569"}],"wp:term":[{"taxonomy":"product_brand","embeddable":true,"href":"https:\/\/r2-toys.com\/index.php\/wp-json\/wp\/v2\/product_brand?post=6569"},{"taxonomy":"product_cat","embeddable":true,"href":"https:\/\/r2-toys.com\/index.php\/wp-json\/wp\/v2\/product_cat?post=6569"},{"taxonomy":"product_tag","embeddable":true,"href":"https:\/\/r2-toys.com\/index.php\/wp-json\/wp\/v2\/product_tag?post=6569"}],"curies":[{"name":"wp","href":"https:\/\/api.w.org\/{rel}","templated":true}]}}