{"id":6570,"date":"2023-09-07T02:20:46","date_gmt":"2023-09-06T20:20:46","guid":{"rendered":"https:\/\/r2-toys.com\/?post_type=product&#038;p=6570"},"modified":"2026-01-13T05:50:23","modified_gmt":"2026-01-12T23:50:23","slug":"grand-inquisitor-631","status":"publish","type":"product","link":"https:\/\/r2-toys.com\/index.php\/product\/grand-inquisitor-631\/","title":{"rendered":"Grand Inquisitor 631"},"content":{"rendered":"<p class=\"p3\">No se sabe mucho sobre el Gran Inquisidor del Imperio. Un var\u00f3n pau&#8217;ano, Darth Vader le encarg\u00f3 que cazara a los Caballeros Jedi supervivientes. El Inquisidor era una figura intimidante, vestido completamente de negro y empu\u00f1ando un sable de luz rojo de doble hoja. Despu\u00e9s de varios encuentros con Kanan Jarrus y su Padawan Ezra Bridger, el Inquisidor muri\u00f3 en un duelo con sables de luz con Kanan, pero advirti\u00f3 al Jedi rebelde que su victoria hab\u00eda desatado algo terrible.<\/p>\n<p class=\"p3\">Desde 1977 la saga de Star Wars ha sido un movimiento revolucionario de la cultura pop generaci\u00f3n tras generaci\u00f3n, reclutando fans y seguidores, creando para ellos diversas producciones del amplio universo. Gracias a FunkoPop podemos tener incre\u00edbles figuras de tus personajes favoritos con incre\u00edbles dise\u00f1os.<\/p>\n<p class=\"p3\">Altura aproximada de 11 cm<\/p>\n<p class=\"p3\">Empaque con ventana para su exhibici\u00f3n<\/p>\n<p class=\"p3\">Fabricados en Vinyl<\/p>\n<p class=\"p3\">Edad recomendada: 4 a\u00f1os en adelante<\/p>\n<p class=\"p3\"><span class=\"s1\">\u26a0\ufe0f<\/span>ADVERTENCIA: PELIGRO DE ASFIXIA &#8211; Piezas peque\u00f1as. No apto para ni\u00f1os menores de 4 a\u00f1os.<\/p>\n<p class=\"p3\">Los productos Star Wars son producidos por FUNKO bajo licencia de Lucasfilm Ltd. y Disney<\/p>\n<p class=\"p3\">FUNKO y todos los t\u00e9rminos relacionados son marcas registradas de Funko.<\/p>\n","protected":false},"excerpt":{"rendered":"<p>No se sabe mucho sobre el Gran Inquisidor del Imperio. Un var\u00f3n pau&#8217;ano, Darth Vader le encarg\u00f3 que cazara a los Caballeros Jedi supervivientes. El Inquisidor era una figura intimidante, vestido completamente de negro y empu\u00f1ando un sable de luz rojo de doble hoja. Despu\u00e9s de varios encuentros con Kanan Jarrus y su Padawan Ezra Bridger, el Inquisidor muri\u00f3 en un duelo con sables de luz con Kanan, pero advirti\u00f3 al Jedi rebelde que su victoria hab\u00eda desatado algo terrible.<\/p>\n","protected":false},"featured_media":6478,"comment_status":"open","ping_status":"closed","template":"","meta":[],"product_brand":[],"product_cat":[20],"product_tag":[],"class_list":{"0":"post-6570","1":"product","2":"type-product","3":"status-publish","4":"has-post-thumbnail","6":"product_cat-funko1","8":"first","9":"instock","10":"taxable","11":"shipping-taxable","12":"purchasable","13":"product-type-simple"},"_links":{"self":[{"href":"https:\/\/r2-toys.com\/index.php\/wp-json\/wp\/v2\/product\/6570","targetHints":{"allow":["GET"]}}],"collection":[{"href":"https:\/\/r2-toys.com\/index.php\/wp-json\/wp\/v2\/product"}],"about":[{"href":"https:\/\/r2-toys.com\/index.php\/wp-json\/wp\/v2\/types\/product"}],"replies":[{"embeddable":true,"href":"https:\/\/r2-toys.com\/index.php\/wp-json\/wp\/v2\/comments?post=6570"}],"wp:featuredmedia":[{"embeddable":true,"href":"https:\/\/r2-toys.com\/index.php\/wp-json\/wp\/v2\/media\/6478"}],"wp:attachment":[{"href":"https:\/\/r2-toys.com\/index.php\/wp-json\/wp\/v2\/media?parent=6570"}],"wp:term":[{"taxonomy":"product_brand","embeddable":true,"href":"https:\/\/r2-toys.com\/index.php\/wp-json\/wp\/v2\/product_brand?post=6570"},{"taxonomy":"product_cat","embeddable":true,"href":"https:\/\/r2-toys.com\/index.php\/wp-json\/wp\/v2\/product_cat?post=6570"},{"taxonomy":"product_tag","embeddable":true,"href":"https:\/\/r2-toys.com\/index.php\/wp-json\/wp\/v2\/product_tag?post=6570"}],"curies":[{"name":"wp","href":"https:\/\/api.w.org\/{rel}","templated":true}]}}