{"id":6573,"date":"2023-09-07T02:32:51","date_gmt":"2023-09-06T20:32:51","guid":{"rendered":"https:\/\/r2-toys.com\/?post_type=product&#038;p=6573"},"modified":"2026-01-13T05:48:51","modified_gmt":"2026-01-12T23:48:51","slug":"funko-boxed-tee-stormtrooper-g","status":"publish","type":"product","link":"https:\/\/r2-toys.com\/index.php\/product\/funko-boxed-tee-stormtrooper-g\/","title":{"rendered":"Funko Boxed Tee: Stormtrooper (G)"},"content":{"rendered":"<p class=\"p3\">Son tropas de choque \u00e9lite, leales al Imperio y libran batallas entre las fuerzas imperiales y los rebeldes por toda la galaxia.<\/p>\n<p class=\"p3\">Desde 1977 la saga de Star Wars ha sido un movimiento revolucionario de la cultura pop generaci\u00f3n tras generaci\u00f3n, reclutando fans y seguidores, creando para ellos diversas producciones del amplio universo. Gracias a FunkoPop podemos tener incre\u00edbles figuras de tus personajes favoritos con incre\u00edbles dise\u00f1os.<\/p>\n<p class=\"p3\">La l\u00ednea de Playeras de Funko Boxed Tee\u00a0trae a tus personajes favoritos de Star Wars de una manera estilizada e incre\u00edble, impresos a detalle con la m\u00e1s alta calidad, para que lleves tu pasi\u00f3n a donde quieras.<\/p>\n<p class=\"p3\">Contenido Playera Talla<span class=\"Apple-converted-space\">\u00a0 <\/span>M, G<\/p>\n<p class=\"p3\">Fabricado en tela.<\/p>\n<p class=\"p3\">Basado en StarWars.<\/p>\n<p class=\"p3\">Empaque con incre\u00edble dise\u00f1o.<\/p>\n<p class=\"p3\"><span class=\"s1\">\u26a0\ufe0f<\/span>ADVERTENCIA: PELIGRO DE ASFIXIA &#8211; Piezas peque\u00f1as. No apto para ni\u00f1os menores de 4 a\u00f1os.<\/p>\n<p class=\"p3\">Las consideraciones de alergias a materiales son responsabilidad del comprador o consumidor.<\/p>\n<p class=\"p3\">Los productos Star Wars son producidos por FUNKO bajo licencia de Lucasfilm Ltd. y Disney<\/p>\n<p class=\"p3\">FUNKO y todos los t\u00e9rminos relacionados son marcas registradas Funko.<\/p>\n","protected":false},"excerpt":{"rendered":"<p>Son tropas de choque \u00e9lite, leales al Imperio y libran batallas entre las fuerzas imperiales y los rebeldes por toda la galaxia.<\/p>\n","protected":false},"featured_media":6483,"comment_status":"open","ping_status":"closed","template":"","meta":[],"product_brand":[],"product_cat":[20],"product_tag":[],"class_list":{"0":"post-6573","1":"product","2":"type-product","3":"status-publish","4":"has-post-thumbnail","6":"product_cat-funko1","8":"first","9":"instock","10":"taxable","11":"shipping-taxable","12":"purchasable","13":"product-type-simple"},"_links":{"self":[{"href":"https:\/\/r2-toys.com\/index.php\/wp-json\/wp\/v2\/product\/6573","targetHints":{"allow":["GET"]}}],"collection":[{"href":"https:\/\/r2-toys.com\/index.php\/wp-json\/wp\/v2\/product"}],"about":[{"href":"https:\/\/r2-toys.com\/index.php\/wp-json\/wp\/v2\/types\/product"}],"replies":[{"embeddable":true,"href":"https:\/\/r2-toys.com\/index.php\/wp-json\/wp\/v2\/comments?post=6573"}],"wp:featuredmedia":[{"embeddable":true,"href":"https:\/\/r2-toys.com\/index.php\/wp-json\/wp\/v2\/media\/6483"}],"wp:attachment":[{"href":"https:\/\/r2-toys.com\/index.php\/wp-json\/wp\/v2\/media?parent=6573"}],"wp:term":[{"taxonomy":"product_brand","embeddable":true,"href":"https:\/\/r2-toys.com\/index.php\/wp-json\/wp\/v2\/product_brand?post=6573"},{"taxonomy":"product_cat","embeddable":true,"href":"https:\/\/r2-toys.com\/index.php\/wp-json\/wp\/v2\/product_cat?post=6573"},{"taxonomy":"product_tag","embeddable":true,"href":"https:\/\/r2-toys.com\/index.php\/wp-json\/wp\/v2\/product_tag?post=6573"}],"curies":[{"name":"wp","href":"https:\/\/api.w.org\/{rel}","templated":true}]}}