{"id":6574,"date":"2023-09-07T03:40:58","date_gmt":"2023-09-06T21:40:58","guid":{"rendered":"https:\/\/r2-toys.com\/?post_type=product&#038;p=6574"},"modified":"2026-01-15T00:06:00","modified_gmt":"2026-01-14T18:06:00","slug":"superman-hush","status":"publish","type":"product","link":"https:\/\/r2-toys.com\/index.php\/product\/superman-hush\/","title":{"rendered":"Superman (Hush)"},"content":{"rendered":"<p class=\"p3\">Enviado a la Tierra desde el moribundo planeta Krypton cuando era un beb\u00e9, Kal-El fue encontrado por los granjeros Martha y Jonathan Kent y criado como su hijo, Clark. A medida que Clark crec\u00eda, la radiaci\u00f3n del sol amarillo de la Tierra le otorg\u00f3 poderes extraordinarios, que mantuvo ocultos. Ya adulto, usa sus poderes para proteger su mundo adoptivo como Superman.<\/p>\n<p class=\"p3\">Esta figura de 17cm cuenta con m\u00e1s de 22 articulaciones, Superman aparece con su cl\u00e1sico disfraz de Superman.<\/p>\n<p class=\"p3\">Superman incluye soporte de vuelo y manos extra. Incluye tarjeta de arte coleccionable con fotograf\u00eda de<span class=\"Apple-converted-space\">\u00a0 <\/span>la figura en el frente y biograf\u00eda del personaje en el reverso.<\/p>\n<p class=\"p3\">Edad recomendada: 12 a\u00f1os en adelante<\/p>\n<p class=\"p3\"><span class=\"s1\">\u26a0\ufe0f<\/span>ADVERTENCIA: PELIGRO DE ASFIXIA &#8211; Piezas peque\u00f1as. No apto para ni\u00f1os menores de 12 a\u00f1os.<\/p>\n<p class=\"p3\">Los productos son producidos por McFarlane bajo licencia de DC comics.<\/p>\n<p class=\"p3\">McFarlane, DC Comics y<span class=\"Apple-converted-space\">\u00a0 <\/span>todos los t\u00e9rminos relacionados son marcas registradas de Mc Farlane y DC Comics.<\/p>\n","protected":false},"excerpt":{"rendered":"<p>Enviado a la Tierra desde el moribundo planeta Krypton cuando era un beb\u00e9, Kal-El fue encontrado por los granjeros Martha y Jonathan Kent y criado como su hijo, Clark. A medida que Clark crec\u00eda, la radiaci\u00f3n del sol amarillo de la Tierra le otorg\u00f3 poderes extraordinarios, que mantuvo ocultos. Ya adulto, usa sus poderes para proteger su mundo adoptivo como Superman.<\/p>\n","protected":false},"featured_media":6486,"comment_status":"open","ping_status":"closed","template":"","meta":[],"product_brand":[],"product_cat":[21],"product_tag":[],"class_list":{"0":"post-6574","1":"product","2":"type-product","3":"status-publish","4":"has-post-thumbnail","6":"product_cat-retro","8":"first","9":"instock","10":"taxable","11":"shipping-taxable","12":"purchasable","13":"product-type-simple"},"_links":{"self":[{"href":"https:\/\/r2-toys.com\/index.php\/wp-json\/wp\/v2\/product\/6574","targetHints":{"allow":["GET"]}}],"collection":[{"href":"https:\/\/r2-toys.com\/index.php\/wp-json\/wp\/v2\/product"}],"about":[{"href":"https:\/\/r2-toys.com\/index.php\/wp-json\/wp\/v2\/types\/product"}],"replies":[{"embeddable":true,"href":"https:\/\/r2-toys.com\/index.php\/wp-json\/wp\/v2\/comments?post=6574"}],"wp:featuredmedia":[{"embeddable":true,"href":"https:\/\/r2-toys.com\/index.php\/wp-json\/wp\/v2\/media\/6486"}],"wp:attachment":[{"href":"https:\/\/r2-toys.com\/index.php\/wp-json\/wp\/v2\/media?parent=6574"}],"wp:term":[{"taxonomy":"product_brand","embeddable":true,"href":"https:\/\/r2-toys.com\/index.php\/wp-json\/wp\/v2\/product_brand?post=6574"},{"taxonomy":"product_cat","embeddable":true,"href":"https:\/\/r2-toys.com\/index.php\/wp-json\/wp\/v2\/product_cat?post=6574"},{"taxonomy":"product_tag","embeddable":true,"href":"https:\/\/r2-toys.com\/index.php\/wp-json\/wp\/v2\/product_tag?post=6574"}],"curies":[{"name":"wp","href":"https:\/\/api.w.org\/{rel}","templated":true}]}}