{"id":6577,"date":"2023-09-07T03:54:18","date_gmt":"2023-09-06T21:54:18","guid":{"rendered":"https:\/\/r2-toys.com\/?post_type=product&#038;p=6577"},"modified":"2023-09-07T03:54:18","modified_gmt":"2023-09-06T21:54:18","slug":"batman-spawn-based-on-comics-by-todd-mcfarlane","status":"publish","type":"product","link":"https:\/\/r2-toys.com\/index.php\/product\/batman-spawn-based-on-comics-by-todd-mcfarlane\/","title":{"rendered":"BATMAN &#038; SPAWN (BASED ON COMICS BY TODD MCFARLANE)"},"content":{"rendered":"<p class=\"p3\">BATMAN: Cuando era ni\u00f1o, Bruce Wayne vio c\u00f3mo sus padres eran brutalmente asesinados en Crime Alley de Gotham City. Traumatizado por sus muertes, dedic\u00f3 su vida a convertirse en el arma m\u00e1s grande del mundo contra el crimen: \u00a1Batman! Para convertirse en el justiciero definitivo, el Caballero Oscuro disciplin\u00f3 su mente y su cuerpo para alcanzar la cima de la superioridad f\u00edsica y mental en su incesante b\u00fasqueda de la justicia.<\/p>\n<p class=\"p3\">SPAWN: Al Simmons, un agente del gobierno, fue asesinado por sus propios hombres. Resucitado de las profundidades del infierno, regresa a la Tierra como el guerrero Spawn, custodiando los callejones olvidados de la ciudad de Nueva York. Mientras busca respuestas sobre su pasado, Spawn se enfrenta a las fuerzas oscuras que lo devolvieron a la Tierra, lucha contra enemigos y descubre aliados poco probables. A medida que aprende a aprovechar sus extraordinarios poderes, comienza a comprender todo el alcance de lo que lo trajo de regreso y de lo que dej\u00f3 atr\u00e1s.<\/p>\n<p class=\"p3\">Estas figuras de 17cm cuentan con m\u00e1s de 22 articulaciones, Incluye una base especializada con fondo y 2 bases de figuras.<\/p>\n<p class=\"p3\">Batman incluye manos extra y batarang. Spawn incluye una espada. Incluye 2 tarjetas de arte coleccionable con fotograf\u00eda de la figura en el frente y biograf\u00eda del personaje en el reverso.<\/p>\n<p class=\"p3\">Edad recomendada: 12 a\u00f1os en adelante<\/p>\n<p class=\"p3\"><span class=\"s1\">\u26a0\ufe0f<\/span>ADVERTENCIA: PELIGRO DE ASFIXIA &#8211; Piezas peque\u00f1as. No apto para ni\u00f1os menores de 12 a\u00f1os.<\/p>\n<p class=\"p3\">Los productos son producidos por McFarlane bajo licencia de DC comics.<\/p>\n<p class=\"p3\">McFarlane, DC Comics y<span class=\"Apple-converted-space\">\u00a0 <\/span>todos los t\u00e9rminos relacionados son marcas registradas de Mc Farlane y DC Comics.<\/p>\n","protected":false},"excerpt":{"rendered":"<p class=\"p3\">BATMAN: Cuando era ni\u00f1o, Bruce Wayne vio c\u00f3mo sus padres eran brutalmente asesinados en Crime Alley de Gotham City. Traumatizado por sus muertes, dedic\u00f3 su vida a convertirse en el arma m\u00e1s grande del mundo contra el crimen: \u00a1Batman! Para convertirse en el justiciero definitivo, el Caballero Oscuro disciplin\u00f3 su mente y su cuerpo para alcanzar la cima de la superioridad f\u00edsica y mental en su incesante b\u00fasqueda de la justicia.<\/p>\n<p class=\"p3\">SPAWN: Al Simmons, un agente del gobierno, fue asesinado por sus propios hombres. Resucitado de las profundidades del infierno, regresa a la Tierra como el guerrero Spawn, custodiando los callejones olvidados de la ciudad de Nueva York. Mientras busca respuestas sobre su pasado, Spawn se enfrenta a las fuerzas oscuras que lo devolvieron a la Tierra, lucha contra enemigos y descubre aliados poco probables. A medida que aprende a aprovechar sus extraordinarios poderes, comienza a comprender todo el alcance de lo que lo trajo de regreso y de lo que dej\u00f3 atr\u00e1s.<\/p>\n","protected":false},"featured_media":6489,"comment_status":"open","ping_status":"closed","template":"","meta":[],"product_brand":[],"product_cat":[21],"product_tag":[],"class_list":{"0":"post-6577","1":"product","2":"type-product","3":"status-publish","4":"has-post-thumbnail","6":"product_cat-retro","8":"first","9":"instock","10":"taxable","11":"shipping-taxable","12":"purchasable","13":"product-type-simple"},"_links":{"self":[{"href":"https:\/\/r2-toys.com\/index.php\/wp-json\/wp\/v2\/product\/6577","targetHints":{"allow":["GET"]}}],"collection":[{"href":"https:\/\/r2-toys.com\/index.php\/wp-json\/wp\/v2\/product"}],"about":[{"href":"https:\/\/r2-toys.com\/index.php\/wp-json\/wp\/v2\/types\/product"}],"replies":[{"embeddable":true,"href":"https:\/\/r2-toys.com\/index.php\/wp-json\/wp\/v2\/comments?post=6577"}],"wp:featuredmedia":[{"embeddable":true,"href":"https:\/\/r2-toys.com\/index.php\/wp-json\/wp\/v2\/media\/6489"}],"wp:attachment":[{"href":"https:\/\/r2-toys.com\/index.php\/wp-json\/wp\/v2\/media?parent=6577"}],"wp:term":[{"taxonomy":"product_brand","embeddable":true,"href":"https:\/\/r2-toys.com\/index.php\/wp-json\/wp\/v2\/product_brand?post=6577"},{"taxonomy":"product_cat","embeddable":true,"href":"https:\/\/r2-toys.com\/index.php\/wp-json\/wp\/v2\/product_cat?post=6577"},{"taxonomy":"product_tag","embeddable":true,"href":"https:\/\/r2-toys.com\/index.php\/wp-json\/wp\/v2\/product_tag?post=6577"}],"curies":[{"name":"wp","href":"https:\/\/api.w.org\/{rel}","templated":true}]}}