{"id":6579,"date":"2023-09-07T05:25:20","date_gmt":"2023-09-06T23:25:20","guid":{"rendered":"https:\/\/r2-toys.com\/?post_type=product&#038;p=6579"},"modified":"2026-04-12T08:58:01","modified_gmt":"2026-04-12T02:58:01","slug":"batman-knightfall-2","status":"publish","type":"product","link":"https:\/\/r2-toys.com\/index.php\/product\/batman-knightfall-2\/","title":{"rendered":"BATMAN (DC FUTURE STATE)"},"content":{"rendered":"<p class=\"p3\">Tim \u201cJace\u201d Fox, hijo separado del multimillonario Lucius Fox, regresa a Gotham City despu\u00e9s de haber desaparecido durante a\u00f1os. Tras un ataque a Arkham Asylum conocido como \u201cA-Day\u201d, el alcalde de Gotham City permite que un grupo privado encargado de hacer cumplir la ley conocido como Magistrate se haga cargo del vigilantismo policial en la ciudad, tomando medidas en\u00e9rgicas contra cualquiera que use una m\u00e1scara. Poco despu\u00e9s, Bruce Wayne y Batman no se ven por ning\u00fan lado y Gotham City r\u00e1pidamente va de mal en peor. Con el Magistrado gobernando la ciudad y el Caballero Oscuro desaparecido, Gotham necesita un nuevo h\u00e9roe: \u00a1entra Tim Fox, el pr\u00f3ximo Batman!<\/p>\n<p class=\"p3\">Esta figura de 17cm cuenta con m\u00e1s de 22 articulaciones, Tim Fox aparece en su look de DC Future State<\/p>\n<p class=\"p3\">Tim Fox viene con manos alternativas, un batarang y una base. Incluye tarjeta de arte coleccionable con fotograf\u00eda de<span class=\"Apple-converted-space\">\u00a0 <\/span>la figura en el frente y biograf\u00eda del personaje en el reverso.<\/p>\n<p class=\"p3\">Edad recomendada: 12 a\u00f1os en adelante<\/p>\n<p class=\"p3\"><span class=\"s1\">\u26a0\ufe0f<\/span>ADVERTENCIA: PELIGRO DE ASFIXIA &#8211; Piezas peque\u00f1as. No apto para ni\u00f1os menores de 12 a\u00f1os.<\/p>\n<p class=\"p3\">Los productos son producidos por McFarlane bajo licencia de DC comics.<\/p>\n<p class=\"p3\">McFarlane, DC Comics y<span class=\"Apple-converted-space\">\u00a0 <\/span>todos los t\u00e9rminos relacionados son marcas registradas de Mc Farlane y DC Comics.<\/p>\n","protected":false},"excerpt":{"rendered":"<p>Tim \u201cJace\u201d Fox, hijo separado del multimillonario Lucius Fox, regresa a Gotham City despu\u00e9s de haber desaparecido durante a\u00f1os. Tras un ataque a Arkham Asylum conocido como \u201cA-Day\u201d, el alcalde de Gotham City permite que un grupo privado encargado de hacer cumplir la ley conocido como Magistrate se haga cargo del vigilantismo policial en la ciudad, tomando medidas en\u00e9rgicas contra cualquiera que use una m\u00e1scara. Poco despu\u00e9s, Bruce Wayne y Batman no se ven por ning\u00fan lado y Gotham City r\u00e1pidamente va de mal en peor. Con el Magistrado gobernando la ciudad y el Caballero Oscuro desaparecido, Gotham necesita un nuevo h\u00e9roe: \u00a1entra Tim Fox, el pr\u00f3ximo Batman!<\/p>\n","protected":false},"featured_media":6543,"comment_status":"open","ping_status":"closed","template":"","meta":[],"product_brand":[],"product_cat":[21],"product_tag":[],"class_list":{"0":"post-6579","1":"product","2":"type-product","3":"status-publish","4":"has-post-thumbnail","6":"product_cat-retro","8":"first","9":"instock","10":"taxable","11":"shipping-taxable","12":"purchasable","13":"product-type-simple"},"_links":{"self":[{"href":"https:\/\/r2-toys.com\/index.php\/wp-json\/wp\/v2\/product\/6579","targetHints":{"allow":["GET"]}}],"collection":[{"href":"https:\/\/r2-toys.com\/index.php\/wp-json\/wp\/v2\/product"}],"about":[{"href":"https:\/\/r2-toys.com\/index.php\/wp-json\/wp\/v2\/types\/product"}],"replies":[{"embeddable":true,"href":"https:\/\/r2-toys.com\/index.php\/wp-json\/wp\/v2\/comments?post=6579"}],"wp:featuredmedia":[{"embeddable":true,"href":"https:\/\/r2-toys.com\/index.php\/wp-json\/wp\/v2\/media\/6543"}],"wp:attachment":[{"href":"https:\/\/r2-toys.com\/index.php\/wp-json\/wp\/v2\/media?parent=6579"}],"wp:term":[{"taxonomy":"product_brand","embeddable":true,"href":"https:\/\/r2-toys.com\/index.php\/wp-json\/wp\/v2\/product_brand?post=6579"},{"taxonomy":"product_cat","embeddable":true,"href":"https:\/\/r2-toys.com\/index.php\/wp-json\/wp\/v2\/product_cat?post=6579"},{"taxonomy":"product_tag","embeddable":true,"href":"https:\/\/r2-toys.com\/index.php\/wp-json\/wp\/v2\/product_tag?post=6579"}],"curies":[{"name":"wp","href":"https:\/\/api.w.org\/{rel}","templated":true}]}}