{"id":6581,"date":"2023-09-07T05:29:11","date_gmt":"2023-09-06T23:29:11","guid":{"rendered":"https:\/\/r2-toys.com\/?post_type=product&#038;p=6581"},"modified":"2024-02-21T00:54:10","modified_gmt":"2024-02-20T18:54:10","slug":"the-joker-sonar-vision-gold-label","status":"publish","type":"product","link":"https:\/\/r2-toys.com\/index.php\/product\/the-joker-sonar-vision-gold-label\/","title":{"rendered":"THE JOKER (SONAR VISION) GOLD LABEL"},"content":{"rendered":"<p class=\"p3\">Ning\u00fan nombre infunde tanto terror en los corazones de los ciudadanos de Gotham City como The Joker\u00b7. En una ciudad invadida por criminales descomunales, el villano que siempre r\u00ede est\u00e1 solo. Un completo psic\u00f3pata sin br\u00fajula moral alguna El Joker, cuyo verdadero nombre e identidad siguen siendo completamente desconocidos, se caracteriza por su piel blanca como la tiza, su cabello verde y una sonrisa rictus permanente en su rostro. Pero no hay nada divertido en este payaso en particular, que s\u00f3lo encuentra humor en el sufrimiento de los dem\u00e1s.<\/p>\n<p class=\"p3\">Esta figura de 17cm cuenta con m\u00e1s de 22 articulaciones, THE JOKER\u2122 (Sonar Vision) est\u00e1 basado en su apariencia en la pel\u00edcula teatral THE DARK KNIGHT\u2122.<\/p>\n<p class=\"p3\">THE JOKER\u2122 (Sonar Vision) viene con una base . Incluye tarjeta de arte coleccionable con fotograf\u00eda de<span class=\"Apple-converted-space\">\u00a0 <\/span>la figura en el frente y biograf\u00eda del personaje en el reverso.<\/p>\n<p class=\"p3\">Edad recomendada: 12 a\u00f1os en adelante<\/p>\n<p class=\"p3\"><span class=\"s1\">\u26a0\ufe0f<\/span>ADVERTENCIA: PELIGRO DE ASFIXIA &#8211; Piezas peque\u00f1as. No apto para ni\u00f1os menores de 12 a\u00f1os.<\/p>\n<p class=\"p3\">Los productos son producidos por McFarlane bajo licencia de DC comics.<\/p>\n<p class=\"p3\">McFarlane, DC Comics y<span class=\"Apple-converted-space\">\u00a0 <\/span>todos los t\u00e9rminos relacionados son marcas registradas de Mc Farlane y DC Comics.<\/p>\n","protected":false},"excerpt":{"rendered":"<p>Ning\u00fan nombre infunde tanto terror en los corazones de los ciudadanos de Gotham City como The Joker\u00b7. En una ciudad invadida por criminales descomunales, el villano que siempre r\u00ede est\u00e1 solo. Un completo psic\u00f3pata sin br\u00fajula moral alguna El Joker, cuyo verdadero nombre e identidad siguen siendo completamente desconocidos, se caracteriza por su piel blanca como la tiza, su cabello verde y una sonrisa rictus permanente en su rostro. Pero no hay nada divertido en este payaso en particular, que s\u00f3lo encuentra humor en el sufrimiento de los dem\u00e1s.<\/p>\n","protected":false},"featured_media":6540,"comment_status":"open","ping_status":"closed","template":"","meta":[],"product_brand":[],"product_cat":[21],"product_tag":[],"class_list":{"0":"post-6581","1":"product","2":"type-product","3":"status-publish","4":"has-post-thumbnail","6":"product_cat-retro","8":"first","9":"instock","10":"taxable","11":"shipping-taxable","12":"purchasable","13":"product-type-simple"},"_links":{"self":[{"href":"https:\/\/r2-toys.com\/index.php\/wp-json\/wp\/v2\/product\/6581","targetHints":{"allow":["GET"]}}],"collection":[{"href":"https:\/\/r2-toys.com\/index.php\/wp-json\/wp\/v2\/product"}],"about":[{"href":"https:\/\/r2-toys.com\/index.php\/wp-json\/wp\/v2\/types\/product"}],"replies":[{"embeddable":true,"href":"https:\/\/r2-toys.com\/index.php\/wp-json\/wp\/v2\/comments?post=6581"}],"wp:featuredmedia":[{"embeddable":true,"href":"https:\/\/r2-toys.com\/index.php\/wp-json\/wp\/v2\/media\/6540"}],"wp:attachment":[{"href":"https:\/\/r2-toys.com\/index.php\/wp-json\/wp\/v2\/media?parent=6581"}],"wp:term":[{"taxonomy":"product_brand","embeddable":true,"href":"https:\/\/r2-toys.com\/index.php\/wp-json\/wp\/v2\/product_brand?post=6581"},{"taxonomy":"product_cat","embeddable":true,"href":"https:\/\/r2-toys.com\/index.php\/wp-json\/wp\/v2\/product_cat?post=6581"},{"taxonomy":"product_tag","embeddable":true,"href":"https:\/\/r2-toys.com\/index.php\/wp-json\/wp\/v2\/product_tag?post=6581"}],"curies":[{"name":"wp","href":"https:\/\/api.w.org\/{rel}","templated":true}]}}