{"id":6582,"date":"2023-09-07T05:34:05","date_gmt":"2023-09-06T23:34:05","guid":{"rendered":"https:\/\/r2-toys.com\/?post_type=product&#038;p=6582"},"modified":"2025-11-04T20:44:56","modified_gmt":"2025-11-04T14:44:56","slug":"two-face-as-batman-batman-reborn","status":"publish","type":"product","link":"https:\/\/r2-toys.com\/index.php\/product\/two-face-as-batman-batman-reborn\/","title":{"rendered":"TWO-FACE AS BATMAN (BATMAN: REBORN)"},"content":{"rendered":"<p class=\"p3\">Harvey Dent\u2122, un fiscal de distrito prominente y bien educado, luch\u00f3 valientemente para hacer cumplir la ley y hacer de la ciudad un lugar mejor. En cualquier otra ciudad habr\u00eda funcionado. No en Gotham\u2122, un lugar donde la codicia y la corrupci\u00f3n se extienden desde las profundidades de Crime Alley\u2122 hasta las relucientes alturas de la oficina del alcalde. La espiral de Dent hacia la locura de Gotham se produjo r\u00e1pidamente despu\u00e9s de que un criminal le arroj\u00f3 \u00e1cido en la cara, dejando la mitad de ella horriblemente marcada. Buscando refugio en la parte m\u00e1s vulnerable de Gotham, el nombre Harvey Dent y todo lo bueno que representaba se perdi\u00f3&#8230; y Two-Face\u2122 surgi\u00f3 de la oscuridad.<\/p>\n<p class=\"p3\">Esta figura de 17cm cuenta con m\u00e1s de 22 articulaciones, Incluye dos juegos de manos y base adicionales. Incluye tarjeta de arte coleccionable con fotograf\u00eda de<span class=\"Apple-converted-space\">\u00a0 <\/span>la figura en el frente y biograf\u00eda del personaje en el reverso.<\/p>\n<p class=\"p3\">Edad recomendada: 12 a\u00f1os en adelante<\/p>\n<p class=\"p3\"><span class=\"s1\">\u26a0\ufe0f<\/span>ADVERTENCIA: PELIGRO DE ASFIXIA &#8211; Piezas peque\u00f1as. No apto para ni\u00f1os menores de 12 a\u00f1os.<\/p>\n<p class=\"p3\">Los productos son producidos por McFarlane bajo licencia de DC comics.<\/p>\n<p class=\"p3\">McFarlane, DC Comics y<span class=\"Apple-converted-space\">\u00a0 <\/span>todos los t\u00e9rminos relacionados son marcas registradas de Mc Farlane y DC Comics.<\/p>\n","protected":false},"excerpt":{"rendered":"<p>Harvey Dent\u2122, un fiscal de distrito prominente y bien educado, luch\u00f3 valientemente para hacer cumplir la ley y hacer de la ciudad un lugar mejor. En cualquier otra ciudad habr\u00eda funcionado. No en Gotham\u2122, un lugar donde la codicia y la corrupci\u00f3n se extienden desde las profundidades de Crime Alley\u2122 hasta las relucientes alturas de la oficina del alcalde. La espiral de Dent hacia la locura de Gotham se produjo r\u00e1pidamente despu\u00e9s de que un criminal le arroj\u00f3 \u00e1cido en la cara, dejando la mitad de ella horriblemente marcada. Buscando refugio en la parte m\u00e1s vulnerable de Gotham, el nombre Harvey Dent y todo lo bueno que representaba se perdi\u00f3&#8230; y Two-Face\u2122 surgi\u00f3 de la oscuridad.<\/p>\n","protected":false},"featured_media":6542,"comment_status":"open","ping_status":"closed","template":"","meta":[],"product_brand":[],"product_cat":[21],"product_tag":[],"class_list":{"0":"post-6582","1":"product","2":"type-product","3":"status-publish","4":"has-post-thumbnail","6":"product_cat-retro","8":"first","9":"instock","10":"taxable","11":"shipping-taxable","12":"purchasable","13":"product-type-simple"},"_links":{"self":[{"href":"https:\/\/r2-toys.com\/index.php\/wp-json\/wp\/v2\/product\/6582","targetHints":{"allow":["GET"]}}],"collection":[{"href":"https:\/\/r2-toys.com\/index.php\/wp-json\/wp\/v2\/product"}],"about":[{"href":"https:\/\/r2-toys.com\/index.php\/wp-json\/wp\/v2\/types\/product"}],"replies":[{"embeddable":true,"href":"https:\/\/r2-toys.com\/index.php\/wp-json\/wp\/v2\/comments?post=6582"}],"wp:featuredmedia":[{"embeddable":true,"href":"https:\/\/r2-toys.com\/index.php\/wp-json\/wp\/v2\/media\/6542"}],"wp:attachment":[{"href":"https:\/\/r2-toys.com\/index.php\/wp-json\/wp\/v2\/media?parent=6582"}],"wp:term":[{"taxonomy":"product_brand","embeddable":true,"href":"https:\/\/r2-toys.com\/index.php\/wp-json\/wp\/v2\/product_brand?post=6582"},{"taxonomy":"product_cat","embeddable":true,"href":"https:\/\/r2-toys.com\/index.php\/wp-json\/wp\/v2\/product_cat?post=6582"},{"taxonomy":"product_tag","embeddable":true,"href":"https:\/\/r2-toys.com\/index.php\/wp-json\/wp\/v2\/product_tag?post=6582"}],"curies":[{"name":"wp","href":"https:\/\/api.w.org\/{rel}","templated":true}]}}