{"id":6588,"date":"2023-09-07T06:10:06","date_gmt":"2023-09-07T00:10:06","guid":{"rendered":"https:\/\/r2-toys.com\/?post_type=product&#038;p=6588"},"modified":"2023-09-07T06:10:06","modified_gmt":"2023-09-07T00:10:06","slug":"bounty-collection-series-bd-1","status":"publish","type":"product","link":"https:\/\/r2-toys.com\/index.php\/product\/bounty-collection-series-bd-1\/","title":{"rendered":"Bounty Collection Series\u00a0 BD-1\u00a0"},"content":{"rendered":"<p class=\"p3\">Fue una\u00a0unidad BD\u00a0droide\u00a0que acompa\u00f1\u00f3 al\u00a0Maestro Jedi\u00a0Eno Cordova\u00a0durante los\u00a0\u00faltimos a\u00f1os\u00a0de la\u00a0Rep\u00fablica Gal\u00e1ctica. Despu\u00e9s de la\u00a0Orden 66\u00a0y el\u00a0surgimiento\u00a0del\u00a0Imperio Gal\u00e1ctico, el droide se hizo amigo de\u00a0Cal Kestis, un antiguo\u00a0padawan\u00a0que se esforz\u00f3 por\u00a0reconstruir\u00a0la\u00a0ca\u00edda\u00a0Orden Jedi.<\/p>\n<p class=\"p3\">Esta colecci\u00f3n de 5.5cm en diferentes posturas tienen detalles exclusivos.<\/p>\n<p class=\"p3\">Edad recomendada: 4 a\u00f1os en adelante<\/p>\n<p class=\"p3\"><span class=\"s1\">\u26a0\ufe0f<\/span> ADVERTENCIA: PELIGRO DE ASFIXIA &#8211; Piezas peque\u00f1as. No apto para ni\u00f1os menores de 4 a\u00f1os.<\/p>\n<p class=\"p3\">Los productos Star Wars son producidos por Hasbro bajo licencia de Lucasfilm Ltd. y Disney<\/p>\n<p class=\"p3\">Hasbro y todos los t\u00e9rminos relacionados son marcas registradas de Hasbro.<\/p>\n","protected":false},"excerpt":{"rendered":"<p>Fue una\u00a0unidad BD\u00a0droide\u00a0que acompa\u00f1\u00f3 al\u00a0Maestro Jedi\u00a0Eno Cordova\u00a0durante los\u00a0\u00faltimos a\u00f1os\u00a0de la\u00a0Rep\u00fablica Gal\u00e1ctica. Despu\u00e9s de la\u00a0Orden 66\u00a0y el\u00a0surgimiento\u00a0del\u00a0Imperio Gal\u00e1ctico, el droide se hizo amigo de\u00a0Cal Kestis, un antiguo\u00a0padawan\u00a0que se esforz\u00f3 por\u00a0reconstruir\u00a0la\u00a0ca\u00edda\u00a0Orden Jedi.<\/p>\n","protected":false},"featured_media":6511,"comment_status":"open","ping_status":"closed","template":"","meta":[],"product_brand":[],"product_cat":[33],"product_tag":[],"class_list":{"0":"post-6588","1":"product","2":"type-product","3":"status-publish","4":"has-post-thumbnail","6":"product_cat-otros","8":"first","9":"instock","10":"taxable","11":"shipping-taxable","12":"purchasable","13":"product-type-simple"},"_links":{"self":[{"href":"https:\/\/r2-toys.com\/index.php\/wp-json\/wp\/v2\/product\/6588","targetHints":{"allow":["GET"]}}],"collection":[{"href":"https:\/\/r2-toys.com\/index.php\/wp-json\/wp\/v2\/product"}],"about":[{"href":"https:\/\/r2-toys.com\/index.php\/wp-json\/wp\/v2\/types\/product"}],"replies":[{"embeddable":true,"href":"https:\/\/r2-toys.com\/index.php\/wp-json\/wp\/v2\/comments?post=6588"}],"wp:featuredmedia":[{"embeddable":true,"href":"https:\/\/r2-toys.com\/index.php\/wp-json\/wp\/v2\/media\/6511"}],"wp:attachment":[{"href":"https:\/\/r2-toys.com\/index.php\/wp-json\/wp\/v2\/media?parent=6588"}],"wp:term":[{"taxonomy":"product_brand","embeddable":true,"href":"https:\/\/r2-toys.com\/index.php\/wp-json\/wp\/v2\/product_brand?post=6588"},{"taxonomy":"product_cat","embeddable":true,"href":"https:\/\/r2-toys.com\/index.php\/wp-json\/wp\/v2\/product_cat?post=6588"},{"taxonomy":"product_tag","embeddable":true,"href":"https:\/\/r2-toys.com\/index.php\/wp-json\/wp\/v2\/product_tag?post=6588"}],"curies":[{"name":"wp","href":"https:\/\/api.w.org\/{rel}","templated":true}]}}