{"id":6595,"date":"2023-09-07T07:02:41","date_gmt":"2023-09-07T01:02:41","guid":{"rendered":"https:\/\/r2-toys.com\/?post_type=product&#038;p=6595"},"modified":"2025-01-13T09:28:09","modified_gmt":"2025-01-13T03:28:09","slug":"republic-commando-rc-1140-fixer-644","status":"publish","type":"product","link":"https:\/\/r2-toys.com\/index.php\/product\/republic-commando-rc-1140-fixer-644\/","title":{"rendered":"Republic Commando RC-1140 (Fixer) 644"},"content":{"rendered":"<p class=\"p3\">Un comando clon de \u00e9lite de la Rep\u00fablica Gal\u00e1ctica durante The Clone Wars, sirvi\u00f3 como segundo al mando del Delta Squad en misiones para aniquilar a sus enemigos.<\/p>\n<p class=\"p3\">Desde 1977 la saga de Star Wars ha sido un movimiento revolucionario de la cultura pop generaci\u00f3n tras generaci\u00f3n, reclutando fans y seguidores, creando para ellos diversas producciones del amplio universo. Gracias a FunkoPop podemos tener incre\u00edbles figuras de tus personajes favoritos con incre\u00edbles dise\u00f1os.<\/p>\n<p class=\"p3\">Altura aproximada de 11 cm<\/p>\n<p class=\"p3\">Empaque con ventana para su exhibici\u00f3n<\/p>\n<p class=\"p3\">Fabricados en Vinyl<\/p>\n<p class=\"p3\">Edad recomendada: 4 a\u00f1os en adelante<\/p>\n<p class=\"p3\"><span class=\"s1\">\u26a0\ufe0f<\/span>ADVERTENCIA: PELIGRO DE ASFIXIA &#8211; Piezas peque\u00f1as. No apto para ni\u00f1os menores de 4 a\u00f1os.<\/p>\n<p class=\"p3\">Los productos Star Wars son producidos por FUNKO bajo licencia de Lucasfilm Ltd. y Disney<\/p>\n<p class=\"p3\">FUNKO, Gamestop y todos los t\u00e9rminos relacionados son marcas registradas de Funko y Gamestop.<\/p>\n","protected":false},"excerpt":{"rendered":"<p>Un comando clon de \u00e9lite de la Rep\u00fablica Gal\u00e1ctica durante The Clone Wars, sirvi\u00f3 como segundo al mando del Delta Squad en misiones para aniquilar a sus enemigos.<\/p>\n","protected":false},"featured_media":6514,"comment_status":"open","ping_status":"closed","template":"","meta":[],"product_brand":[],"product_cat":[20],"product_tag":[],"class_list":{"0":"post-6595","1":"product","2":"type-product","3":"status-publish","4":"has-post-thumbnail","6":"product_cat-funko1","8":"first","9":"outofstock","10":"taxable","11":"shipping-taxable","12":"purchasable","13":"product-type-simple"},"_links":{"self":[{"href":"https:\/\/r2-toys.com\/index.php\/wp-json\/wp\/v2\/product\/6595","targetHints":{"allow":["GET"]}}],"collection":[{"href":"https:\/\/r2-toys.com\/index.php\/wp-json\/wp\/v2\/product"}],"about":[{"href":"https:\/\/r2-toys.com\/index.php\/wp-json\/wp\/v2\/types\/product"}],"replies":[{"embeddable":true,"href":"https:\/\/r2-toys.com\/index.php\/wp-json\/wp\/v2\/comments?post=6595"}],"wp:featuredmedia":[{"embeddable":true,"href":"https:\/\/r2-toys.com\/index.php\/wp-json\/wp\/v2\/media\/6514"}],"wp:attachment":[{"href":"https:\/\/r2-toys.com\/index.php\/wp-json\/wp\/v2\/media?parent=6595"}],"wp:term":[{"taxonomy":"product_brand","embeddable":true,"href":"https:\/\/r2-toys.com\/index.php\/wp-json\/wp\/v2\/product_brand?post=6595"},{"taxonomy":"product_cat","embeddable":true,"href":"https:\/\/r2-toys.com\/index.php\/wp-json\/wp\/v2\/product_cat?post=6595"},{"taxonomy":"product_tag","embeddable":true,"href":"https:\/\/r2-toys.com\/index.php\/wp-json\/wp\/v2\/product_tag?post=6595"}],"curies":[{"name":"wp","href":"https:\/\/api.w.org\/{rel}","templated":true}]}}