{"id":6598,"date":"2023-09-07T07:19:51","date_gmt":"2023-09-07T01:19:51","guid":{"rendered":"https:\/\/r2-toys.com\/?post_type=product&#038;p=6598"},"modified":"2023-09-16T23:05:20","modified_gmt":"2023-09-16T17:05:20","slug":"clone-commando","status":"publish","type":"product","link":"https:\/\/r2-toys.com\/index.php\/product\/clone-commando\/","title":{"rendered":"Clone Commando"},"content":{"rendered":"<p class=\"p3\">Con su pesada armadura reforzada, su visor t\u00e1ctico avanzado, y su poderoso bl\u00e1ster DC-17M. Los Clone Commando est\u00e1n entre los mejores soldados del Ej\u00e9rcito Clon.<\/p>\n<p class=\"p3\">Esta figura de 15 cm cuenta con un excelente<span class=\"Apple-converted-space\">\u00a0 <\/span>dise\u00f1o, en empaques inspirados en la l\u00ednea original e incluye accesorios.<\/p>\n<p class=\"p3\">Edad recomendada: 4 a\u00f1os en adelante<\/p>\n<p class=\"p3\"><span class=\"s1\">\u26a0\ufe0f<\/span>ADVERTENCIA: PELIGRO DE ASFIXIA &#8211; Piezas peque\u00f1as. No apto para ni\u00f1os menores de 4 a\u00f1os.<\/p>\n<p class=\"p3\">Los productos Star Wars son producidos por Hasbro bajo licencia de Lucasfilm Ltd.<\/p>\n<p class=\"p3\">Hasbro y todos los t\u00e9rminos relacionados son marcas registradas de Hasbro.<\/p>\n","protected":false},"excerpt":{"rendered":"<p>Con su pesada armadura reforzada, su visor t\u00e1ctico avanzado, y su poderoso bl\u00e1ster DC-17M. Los Clone Commando est\u00e1n entre los mejores soldados del Ej\u00e9rcito Clon.<\/p>\n","protected":false},"featured_media":6463,"comment_status":"open","ping_status":"closed","template":"","meta":[],"product_brand":[],"product_cat":[28],"product_tag":[],"class_list":{"0":"post-6598","1":"product","2":"type-product","3":"status-publish","4":"has-post-thumbnail","6":"product_cat-black-series","8":"first","9":"instock","10":"taxable","11":"shipping-taxable","12":"purchasable","13":"product-type-simple"},"_links":{"self":[{"href":"https:\/\/r2-toys.com\/index.php\/wp-json\/wp\/v2\/product\/6598","targetHints":{"allow":["GET"]}}],"collection":[{"href":"https:\/\/r2-toys.com\/index.php\/wp-json\/wp\/v2\/product"}],"about":[{"href":"https:\/\/r2-toys.com\/index.php\/wp-json\/wp\/v2\/types\/product"}],"replies":[{"embeddable":true,"href":"https:\/\/r2-toys.com\/index.php\/wp-json\/wp\/v2\/comments?post=6598"}],"wp:featuredmedia":[{"embeddable":true,"href":"https:\/\/r2-toys.com\/index.php\/wp-json\/wp\/v2\/media\/6463"}],"wp:attachment":[{"href":"https:\/\/r2-toys.com\/index.php\/wp-json\/wp\/v2\/media?parent=6598"}],"wp:term":[{"taxonomy":"product_brand","embeddable":true,"href":"https:\/\/r2-toys.com\/index.php\/wp-json\/wp\/v2\/product_brand?post=6598"},{"taxonomy":"product_cat","embeddable":true,"href":"https:\/\/r2-toys.com\/index.php\/wp-json\/wp\/v2\/product_cat?post=6598"},{"taxonomy":"product_tag","embeddable":true,"href":"https:\/\/r2-toys.com\/index.php\/wp-json\/wp\/v2\/product_tag?post=6598"}],"curies":[{"name":"wp","href":"https:\/\/api.w.org\/{rel}","templated":true}]}}