{"id":661,"date":"2022-03-30T05:06:11","date_gmt":"2022-03-29T23:06:11","guid":{"rendered":"https:\/\/r2-toys.com\/?post_type=product&#038;p=661"},"modified":"2025-12-11T01:31:31","modified_gmt":"2025-12-10T19:31:31","slug":"heavy-infantry-mandalorian-2","status":"publish","type":"product","link":"https:\/\/r2-toys.com\/index.php\/product\/heavy-infantry-mandalorian-2\/","title":{"rendered":"HEAVY INFANTRY MANDALORIAN"},"content":{"rendered":"<p>Sobreviviente innato, este guerrero custodia un arsenal de gran valor y ayuda a mantener vivo el legado mandaloriano en tiempos de caos en la galaxia.<\/p>\n<p>Esta figura Star Wars \u00a0viene con un accesorio basado en el mandaloriano de infanter\u00eda pesada.<\/p>\n<p>Esta figura de 15 cm de mandaloriano de infanter\u00eda pesada fue dise\u00f1ada con lujo de detalles para verse igual al personaje de la serie The Mandalorian, y cuenta con m\u00faltiples puntos de articulaci\u00f3n.<\/p>\n<div>\n<p>Edad recomendada: 4 a\u00f1os en adelante<\/p>\n<\/div>\n<div>\n<p>\u26a0\ufe0f ADVERTENCIA: PELIGRO DE ASFIXIA &#8211; Piezas peque\u00f1as. No apto para ni\u00f1os menores de 4 a\u00f1os.<\/p>\n<\/div>\n<div>\n<p>Los productos Star Wars son producidos por Hasbro bajo licencia de Lucasfilm Ltd.<\/p>\n<\/div>\n<div>\n<p>Hasbro y todos los t\u00e9rminos relacionados son marcas de comercio de Hasbro.<\/p>\n<\/div>\n","protected":false},"excerpt":{"rendered":"<p>Sobreviviente innato, este guerrero custodia un arsenal de gran valor y ayuda a mantener vivo el legado mandaloriano en tiempos de caos en la galaxia<\/p>\n","protected":false},"featured_media":3050,"comment_status":"open","ping_status":"closed","template":"","meta":[],"product_brand":[],"product_cat":[29],"product_tag":[],"class_list":{"0":"post-661","1":"product","2":"type-product","3":"status-publish","4":"has-post-thumbnail","6":"product_cat-vintage","8":"first","9":"instock","10":"taxable","11":"shipping-taxable","12":"purchasable","13":"product-type-simple"},"_links":{"self":[{"href":"https:\/\/r2-toys.com\/index.php\/wp-json\/wp\/v2\/product\/661","targetHints":{"allow":["GET"]}}],"collection":[{"href":"https:\/\/r2-toys.com\/index.php\/wp-json\/wp\/v2\/product"}],"about":[{"href":"https:\/\/r2-toys.com\/index.php\/wp-json\/wp\/v2\/types\/product"}],"replies":[{"embeddable":true,"href":"https:\/\/r2-toys.com\/index.php\/wp-json\/wp\/v2\/comments?post=661"}],"wp:featuredmedia":[{"embeddable":true,"href":"https:\/\/r2-toys.com\/index.php\/wp-json\/wp\/v2\/media\/3050"}],"wp:attachment":[{"href":"https:\/\/r2-toys.com\/index.php\/wp-json\/wp\/v2\/media?parent=661"}],"wp:term":[{"taxonomy":"product_brand","embeddable":true,"href":"https:\/\/r2-toys.com\/index.php\/wp-json\/wp\/v2\/product_brand?post=661"},{"taxonomy":"product_cat","embeddable":true,"href":"https:\/\/r2-toys.com\/index.php\/wp-json\/wp\/v2\/product_cat?post=661"},{"taxonomy":"product_tag","embeddable":true,"href":"https:\/\/r2-toys.com\/index.php\/wp-json\/wp\/v2\/product_tag?post=661"}],"curies":[{"name":"wp","href":"https:\/\/api.w.org\/{rel}","templated":true}]}}