{"id":6628,"date":"2023-09-16T11:39:12","date_gmt":"2023-09-16T05:39:12","guid":{"rendered":"https:\/\/r2-toys.com\/?post_type=product&#038;p=6628"},"modified":"2023-09-16T11:39:12","modified_gmt":"2023-09-16T05:39:12","slug":"tech-mercenary-gear","status":"publish","type":"product","link":"https:\/\/r2-toys.com\/index.php\/product\/tech-mercenary-gear\/","title":{"rendered":"Tech Mercenary Gear"},"content":{"rendered":"<p>Tech es el especialista en inform\u00e1tica y armas.\u00a0Su cerebro mejorado gen\u00e9ticamente puede descifrar problemas t\u00e9cnicos a velocidades incluso m\u00e1s r\u00e1pidas que algunos droides.\u00a0The Bad Batch, t\u00e9cnicamente conocido como Clone Force 99, es el resultado de los experimentos kaminoanos para crear comandos de clones especializados, m\u00faltiples puntos de articulaci\u00f3n e incluye<span class=\"Apple-converted-space\">\u00a0 <\/span>accesorios.<\/p>\n<p>\u26a0\ufe0f ADVERTENCIA: PELIGRO DE ASFIXIA &#8211; Piezas peque\u00f1as. No apto para ni\u00f1os menores de 4 a\u00f1os.<\/p>\n<p>Los productos Star Wars son producidos por Hasbro bajo licencia de Lucasfilm Ltd.<\/p>\n<p>Hasbro y todos los t\u00e9rminos relacionados son marcas registradas de Hasbro.<\/p>\n<p>&nbsp;<\/p>\n","protected":false},"excerpt":{"rendered":"<p>Tech es el especialista en inform\u00e1tica y armas.\u00a0Su cerebro mejorado gen\u00e9ticamente puede descifrar problemas t\u00e9cnicos a velocidades incluso m\u00e1s r\u00e1pidas que algunos droides.<\/p>\n","protected":false},"featured_media":6624,"comment_status":"open","ping_status":"closed","template":"","meta":[],"product_brand":[],"product_cat":[28],"product_tag":[],"class_list":{"0":"post-6628","1":"product","2":"type-product","3":"status-publish","4":"has-post-thumbnail","6":"product_cat-black-series","8":"first","9":"instock","10":"taxable","11":"shipping-taxable","12":"purchasable","13":"product-type-simple"},"_links":{"self":[{"href":"https:\/\/r2-toys.com\/index.php\/wp-json\/wp\/v2\/product\/6628","targetHints":{"allow":["GET"]}}],"collection":[{"href":"https:\/\/r2-toys.com\/index.php\/wp-json\/wp\/v2\/product"}],"about":[{"href":"https:\/\/r2-toys.com\/index.php\/wp-json\/wp\/v2\/types\/product"}],"replies":[{"embeddable":true,"href":"https:\/\/r2-toys.com\/index.php\/wp-json\/wp\/v2\/comments?post=6628"}],"wp:featuredmedia":[{"embeddable":true,"href":"https:\/\/r2-toys.com\/index.php\/wp-json\/wp\/v2\/media\/6624"}],"wp:attachment":[{"href":"https:\/\/r2-toys.com\/index.php\/wp-json\/wp\/v2\/media?parent=6628"}],"wp:term":[{"taxonomy":"product_brand","embeddable":true,"href":"https:\/\/r2-toys.com\/index.php\/wp-json\/wp\/v2\/product_brand?post=6628"},{"taxonomy":"product_cat","embeddable":true,"href":"https:\/\/r2-toys.com\/index.php\/wp-json\/wp\/v2\/product_cat?post=6628"},{"taxonomy":"product_tag","embeddable":true,"href":"https:\/\/r2-toys.com\/index.php\/wp-json\/wp\/v2\/product_tag?post=6628"}],"curies":[{"name":"wp","href":"https:\/\/api.w.org\/{rel}","templated":true}]}}