{"id":6634,"date":"2023-09-16T12:25:43","date_gmt":"2023-09-16T06:25:43","guid":{"rendered":"https:\/\/r2-toys.com\/?post_type=product&#038;p=6634"},"modified":"2023-09-16T12:25:43","modified_gmt":"2023-09-16T06:25:43","slug":"micro-galaxy-republic-gunship","status":"publish","type":"product","link":"https:\/\/r2-toys.com\/index.php\/product\/micro-galaxy-republic-gunship\/","title":{"rendered":"Micro Galaxy Republic Gunship"},"content":{"rendered":"<p class=\"p2\">El Transporte\/infanter\u00eda de Asalto a Baja Altitud , tambi\u00e9n conocido como Ca\u00f1onera de la Rep\u00fablica, Ca\u00f1onera de Ataque de la Rep\u00fablica, Ca\u00f1onera de Asalto o LAATi,y apodado larty, fue uno de los varios modelos del Ej\u00e9rcito de Baja Altitud. L\u00ednea de naves espaciales de Transporte de Asalto de Altitud que sirvieron principalmente como ca\u00f1oneras y transporte de tropas para el Gran Ej\u00e9rcito de la Rep\u00fablica durante las Guerras Clon. Su funci\u00f3n era transportar soldados clon y ofrecer apoyo aire-tierra y aire-aire a la Rep\u00fablica Gal\u00e1ctica contra la Confederaci\u00f3n de Sistemas Independientes.<\/p>\n<p class=\"p2\">Este modelo de pl\u00e1stico a escala de 15cm aproximadamente esta incre\u00edblemente detallado.<\/p>\n<p class=\"p2\">Edad recomendada: 8 a\u00f1os en adelante<\/p>\n<p class=\"p2\"><span class=\"s1\">\u26a0\ufe0f<\/span>ADVERTENCIA: PELIGRO DE ASFIXIA &#8211; Piezas peque\u00f1as. No apto para ni\u00f1os menores de 3 a\u00f1os.<\/p>\n<p class=\"p2\">Los productos Star Wars son producidos por Jazwares LLC bajo licencia de Lucasfilm Ltd y Disney.<\/p>\n<p class=\"p2\">Jazwares LLC y todos los t\u00e9rminos relacionados son marcas registradas de Jazwares.<\/p>\n","protected":false},"excerpt":{"rendered":"<p>El Transporte\/infanter\u00eda de Asalto a Baja Altitud , tambi\u00e9n conocido como Ca\u00f1onera de la Rep\u00fablica, Ca\u00f1onera de Ataque de la Rep\u00fablica, Ca\u00f1onera de Asalto o LAATi,y apodado larty, fue uno de los varios modelos del Ej\u00e9rcito de Baja Altitud. L\u00ednea de naves espaciales de Transporte de Asalto de Altitud que sirvieron principalmente como ca\u00f1oneras y transporte de tropas para el Gran Ej\u00e9rcito de la Rep\u00fablica durante las Guerras Clon. Su funci\u00f3n era transportar soldados clon y ofrecer apoyo aire-tierra y aire-aire a la Rep\u00fablica Gal\u00e1ctica contra la Confederaci\u00f3n de Sistemas Independientes.<\/p>\n","protected":false},"featured_media":6613,"comment_status":"open","ping_status":"closed","template":"","meta":[],"product_brand":[],"product_cat":[33],"product_tag":[],"class_list":{"0":"post-6634","1":"product","2":"type-product","3":"status-publish","4":"has-post-thumbnail","6":"product_cat-otros","8":"first","9":"instock","10":"taxable","11":"shipping-taxable","12":"purchasable","13":"product-type-simple"},"_links":{"self":[{"href":"https:\/\/r2-toys.com\/index.php\/wp-json\/wp\/v2\/product\/6634","targetHints":{"allow":["GET"]}}],"collection":[{"href":"https:\/\/r2-toys.com\/index.php\/wp-json\/wp\/v2\/product"}],"about":[{"href":"https:\/\/r2-toys.com\/index.php\/wp-json\/wp\/v2\/types\/product"}],"replies":[{"embeddable":true,"href":"https:\/\/r2-toys.com\/index.php\/wp-json\/wp\/v2\/comments?post=6634"}],"wp:featuredmedia":[{"embeddable":true,"href":"https:\/\/r2-toys.com\/index.php\/wp-json\/wp\/v2\/media\/6613"}],"wp:attachment":[{"href":"https:\/\/r2-toys.com\/index.php\/wp-json\/wp\/v2\/media?parent=6634"}],"wp:term":[{"taxonomy":"product_brand","embeddable":true,"href":"https:\/\/r2-toys.com\/index.php\/wp-json\/wp\/v2\/product_brand?post=6634"},{"taxonomy":"product_cat","embeddable":true,"href":"https:\/\/r2-toys.com\/index.php\/wp-json\/wp\/v2\/product_cat?post=6634"},{"taxonomy":"product_tag","embeddable":true,"href":"https:\/\/r2-toys.com\/index.php\/wp-json\/wp\/v2\/product_tag?post=6634"}],"curies":[{"name":"wp","href":"https:\/\/api.w.org\/{rel}","templated":true}]}}