{"id":6636,"date":"2023-09-16T23:54:31","date_gmt":"2023-09-16T17:54:31","guid":{"rendered":"https:\/\/r2-toys.com\/?post_type=product&#038;p=6636"},"modified":"2026-01-13T05:29:30","modified_gmt":"2026-01-12T23:29:30","slug":"rey-power-of-the-galaxy-577","status":"publish","type":"product","link":"https:\/\/r2-toys.com\/index.php\/product\/rey-power-of-the-galaxy-577\/","title":{"rendered":"Rey Power of the Galaxy 577"},"content":{"rendered":"<p>Humana sensible a la Fuerza, fue una Jedi que luch\u00f3 por la Resistencia contra la Primera Orden durante la Era de la Nueva Rep\u00fablica. Aunque naci\u00f3 como Rey Palpatine, no era consciente de su linaje como nieta del Emperador Sheev Palpatine y se refiri\u00f3 a s\u00ed misma simplemente como Rey, creyendo que no era nadie.<\/p>\n<div>\n<p>Desde 1977 la saga de Star Wars ha sido un movimiento revolucionario de la cultura pop generaci\u00f3n tras generaci\u00f3n, reclutando fans y seguidores, creando para ellos diversas producciones del amplio universo. Gracias a FunkoPop podemos tener incre\u00edbles figuras de tus personajes favoritos con incre\u00edbles dise\u00f1os.<\/p>\n<\/div>\n<div>\n<p>Esta figura de vinilo mide aproximadamente 11 cent\u00edmetros.<\/p>\n<\/div>\n<div>\n<p>Edad recomendada: 4 a\u00f1os en adelante<\/p>\n<\/div>\n<div>\n<p>\u26a0\ufe0f ADVERTENCIA: PELIGRO DE ASFIXIA &#8211; Piezas peque\u00f1as. No apto para ni\u00f1os menores de 4 a\u00f1os.<\/p>\n<\/div>\n<div>\n<p>Los productos Star Wars son producidos por FUNKO bajo licencia de Lucasfilm Ltd. y Disney<\/p>\n<\/div>\n<p>FUNKO y todos los t\u00e9rminos relacionados son marcas registradas Funko.<\/p>\n","protected":false},"excerpt":{"rendered":"<p>Humana sensible a la Fuerza, fue una Jedi que luch\u00f3 por la Resistencia contra la Primera Orden durante la Era de la Nueva Rep\u00fablica. Aunque naci\u00f3 como Rey Palpatine, no era consciente de su linaje como nieta del Emperador Sheev Palpatine y se refiri\u00f3 a s\u00ed misma simplemente como Rey, creyendo que no era nadie.<\/p>\n<div>\n<p>&nbsp;<\/p>\n<\/div>\n","protected":false},"featured_media":6610,"comment_status":"open","ping_status":"closed","template":"","meta":[],"product_brand":[],"product_cat":[20],"product_tag":[],"class_list":{"0":"post-6636","1":"product","2":"type-product","3":"status-publish","4":"has-post-thumbnail","6":"product_cat-funko1","8":"first","9":"instock","10":"taxable","11":"shipping-taxable","12":"purchasable","13":"product-type-simple"},"_links":{"self":[{"href":"https:\/\/r2-toys.com\/index.php\/wp-json\/wp\/v2\/product\/6636","targetHints":{"allow":["GET"]}}],"collection":[{"href":"https:\/\/r2-toys.com\/index.php\/wp-json\/wp\/v2\/product"}],"about":[{"href":"https:\/\/r2-toys.com\/index.php\/wp-json\/wp\/v2\/types\/product"}],"replies":[{"embeddable":true,"href":"https:\/\/r2-toys.com\/index.php\/wp-json\/wp\/v2\/comments?post=6636"}],"wp:featuredmedia":[{"embeddable":true,"href":"https:\/\/r2-toys.com\/index.php\/wp-json\/wp\/v2\/media\/6610"}],"wp:attachment":[{"href":"https:\/\/r2-toys.com\/index.php\/wp-json\/wp\/v2\/media?parent=6636"}],"wp:term":[{"taxonomy":"product_brand","embeddable":true,"href":"https:\/\/r2-toys.com\/index.php\/wp-json\/wp\/v2\/product_brand?post=6636"},{"taxonomy":"product_cat","embeddable":true,"href":"https:\/\/r2-toys.com\/index.php\/wp-json\/wp\/v2\/product_cat?post=6636"},{"taxonomy":"product_tag","embeddable":true,"href":"https:\/\/r2-toys.com\/index.php\/wp-json\/wp\/v2\/product_tag?post=6636"}],"curies":[{"name":"wp","href":"https:\/\/api.w.org\/{rel}","templated":true}]}}