{"id":6666,"date":"2023-10-04T07:12:14","date_gmt":"2023-10-04T01:12:14","guid":{"rendered":"https:\/\/r2-toys.com\/?post_type=product&#038;p=6666"},"modified":"2025-12-10T08:06:38","modified_gmt":"2025-12-10T02:06:38","slug":"boba-fett-vintage-comic-art","status":"publish","type":"product","link":"https:\/\/r2-toys.com\/index.php\/product\/boba-fett-vintage-comic-art\/","title":{"rendered":"Boba Fett\u00a0(Vintage Comic Art)"},"content":{"rendered":"<p>Una vez considerado como uno de los cazarrecompensas m\u00e1s temibles y capaces de la galaxia, Boba Fett aparentemente muri\u00f3 en el pozo Sarlacc en Tatooine y cinco a\u00f1os despu\u00e9s de la ca\u00edda del Imperio, reaparece de las sombras en Tatooine para reclamar su lugar en la galaxia.<\/p>\n<p>\u00a1Conmemora el 40.\u00ba aniversario de El retorno del Jedi con figuras con dise\u00f1o y empaque cl\u00e1sicos!<\/p>\n<p>Figura de acci\u00f3n de 15cm, cuenta con m\u00faltiples puntos de articulaci\u00f3n y accesorios de combate.<\/p>\n<p>Edad recomendada: 4 a\u00f1os en adelante<\/p>\n<p>\u26a0\ufe0fADVERTENCIA: PELIGRO DE ASFIXIA &#8211; Piezas peque\u00f1as. No apto para ni\u00f1os menores de 4 a\u00f1os.<\/p>\n<p>Los productos Star Wars son producidos por Hasbro bajo licencia de Lucasfilm Ltd.<\/p>\n<p>Hasbro y todos los t\u00e9rminos relacionados son marcas registradas de Hasbro.<\/p>\n","protected":false},"excerpt":{"rendered":"<p>Una vez considerado como uno de los cazarrecompensas m\u00e1s temibles y capaces de la galaxia, Boba Fett aparentemente muri\u00f3 en el pozo Sarlacc en Tatooine y cinco a\u00f1os despu\u00e9s de la ca\u00edda del Imperio, reaparece de las sombras en Tatooine para reclamar su lugar en la galaxia.<\/p>\n","protected":false},"featured_media":6642,"comment_status":"open","ping_status":"closed","template":"","meta":[],"product_brand":[],"product_cat":[29],"product_tag":[],"class_list":{"0":"post-6666","1":"product","2":"type-product","3":"status-publish","4":"has-post-thumbnail","6":"product_cat-vintage","8":"first","9":"outofstock","10":"taxable","11":"shipping-taxable","12":"purchasable","13":"product-type-simple"},"_links":{"self":[{"href":"https:\/\/r2-toys.com\/index.php\/wp-json\/wp\/v2\/product\/6666","targetHints":{"allow":["GET"]}}],"collection":[{"href":"https:\/\/r2-toys.com\/index.php\/wp-json\/wp\/v2\/product"}],"about":[{"href":"https:\/\/r2-toys.com\/index.php\/wp-json\/wp\/v2\/types\/product"}],"replies":[{"embeddable":true,"href":"https:\/\/r2-toys.com\/index.php\/wp-json\/wp\/v2\/comments?post=6666"}],"wp:featuredmedia":[{"embeddable":true,"href":"https:\/\/r2-toys.com\/index.php\/wp-json\/wp\/v2\/media\/6642"}],"wp:attachment":[{"href":"https:\/\/r2-toys.com\/index.php\/wp-json\/wp\/v2\/media?parent=6666"}],"wp:term":[{"taxonomy":"product_brand","embeddable":true,"href":"https:\/\/r2-toys.com\/index.php\/wp-json\/wp\/v2\/product_brand?post=6666"},{"taxonomy":"product_cat","embeddable":true,"href":"https:\/\/r2-toys.com\/index.php\/wp-json\/wp\/v2\/product_cat?post=6666"},{"taxonomy":"product_tag","embeddable":true,"href":"https:\/\/r2-toys.com\/index.php\/wp-json\/wp\/v2\/product_tag?post=6666"}],"curies":[{"name":"wp","href":"https:\/\/api.w.org\/{rel}","templated":true}]}}