{"id":676,"date":"2022-03-30T05:55:28","date_gmt":"2022-03-29T23:55:28","guid":{"rendered":"https:\/\/r2-toys.com\/?post_type=product&#038;p=676"},"modified":"2025-04-29T02:16:43","modified_gmt":"2025-04-28T20:16:43","slug":"incinerator-trooper","status":"publish","type":"product","link":"https:\/\/r2-toys.com\/index.php\/product\/incinerator-trooper\/","title":{"rendered":"INCINERATOR TROOPER"},"content":{"rendered":"<p>La armadura del Stormtrooper del incinerador era excepcionalmente resistente al calor y ten\u00eda marcas rojas, similares a las de los soldados de choque, para indicar su especialidad.<\/p>\n<p>Los fan\u00e1ticos y coleccionistas pueden imaginar escenas de Star Wars Galaxy con este juguete premium Incinerator Trooper, inspirado en la serie de televisi\u00f3n de acci\u00f3n en vivo The Mandalorian en Disney Plus.<\/p>\n<p>Esta figura de acci\u00f3n de Star Wars The Black Series viene con un accesorio inspirado en Incinerator Trooper que es una gran adici\u00f3n a cualquier colecci\u00f3n de Star Wars. Esta figura, de 9.5 cm aproximadamente,\u00a0\u00a0altamente articulada (4 extremidades completamente articuladas), con decoraci\u00f3n premium, en su figura de acci\u00f3n y colecci\u00f3n de veh\u00edculos.<\/p>\n<p>Incluye: figura y accesorio.<\/p>\n<div>\n<p>Edad recomendada: 4 a\u00f1os en adelante<\/p>\n<\/div>\n<div>\n<p>\u26a0\ufe0f ADVERTENCIA: PELIGRO DE ASFIXIA &#8211; Piezas peque\u00f1as. No apto para ni\u00f1os menores de 4 a\u00f1os.<\/p>\n<\/div>\n<div>\n<p>Los productos Star Wars son producidos por Hasbro bajo licencia de Lucasfilm Ltd.<\/p>\n<\/div>\n<div>\n<p>Hasbro y todos los t\u00e9rminos relacionados son marcas de comercio de Hasbro.<\/p>\n<\/div>\n","protected":false},"excerpt":{"rendered":"<p>La armadura del Stormtrooper del incinerador era excepcionalmente resistente al calor y ten\u00eda marcas rojas, similares a las de los soldados de choque, para indicar su especialidad.<\/p>\n","protected":false},"featured_media":3073,"comment_status":"open","ping_status":"closed","template":"","meta":[],"product_brand":[],"product_cat":[29],"product_tag":[],"class_list":{"0":"post-676","1":"product","2":"type-product","3":"status-publish","4":"has-post-thumbnail","6":"product_cat-vintage","8":"first","9":"outofstock","10":"taxable","11":"shipping-taxable","12":"purchasable","13":"product-type-simple"},"_links":{"self":[{"href":"https:\/\/r2-toys.com\/index.php\/wp-json\/wp\/v2\/product\/676","targetHints":{"allow":["GET"]}}],"collection":[{"href":"https:\/\/r2-toys.com\/index.php\/wp-json\/wp\/v2\/product"}],"about":[{"href":"https:\/\/r2-toys.com\/index.php\/wp-json\/wp\/v2\/types\/product"}],"replies":[{"embeddable":true,"href":"https:\/\/r2-toys.com\/index.php\/wp-json\/wp\/v2\/comments?post=676"}],"wp:featuredmedia":[{"embeddable":true,"href":"https:\/\/r2-toys.com\/index.php\/wp-json\/wp\/v2\/media\/3073"}],"wp:attachment":[{"href":"https:\/\/r2-toys.com\/index.php\/wp-json\/wp\/v2\/media?parent=676"}],"wp:term":[{"taxonomy":"product_brand","embeddable":true,"href":"https:\/\/r2-toys.com\/index.php\/wp-json\/wp\/v2\/product_brand?post=676"},{"taxonomy":"product_cat","embeddable":true,"href":"https:\/\/r2-toys.com\/index.php\/wp-json\/wp\/v2\/product_cat?post=676"},{"taxonomy":"product_tag","embeddable":true,"href":"https:\/\/r2-toys.com\/index.php\/wp-json\/wp\/v2\/product_tag?post=676"}],"curies":[{"name":"wp","href":"https:\/\/api.w.org\/{rel}","templated":true}]}}