{"id":679,"date":"2022-03-30T05:56:29","date_gmt":"2022-03-29T23:56:29","guid":{"rendered":"https:\/\/r2-toys.com\/?post_type=product&#038;p=679"},"modified":"2025-12-11T01:09:10","modified_gmt":"2025-12-10T19:09:10","slug":"jawa-50th-anniversary","status":"publish","type":"product","link":"https:\/\/r2-toys.com\/index.php\/product\/jawa-50th-anniversary\/","title":{"rendered":"JAWA 50TH ANNIVERSARY"},"content":{"rendered":"<p>Los jawas peinan los desiertos de Tatooine en busca de chatarra desechada, vendiendo chatarra restaurada apresuradamente, incluidos los droides, a los granjeros de humedad, con \u00a0inmensos veh\u00edculos conocidos como Sandcrawlers.<\/p>\n<p>\u00a1Celebra los 50 a\u00f1os de Lucasfilm con este lanzamiento especial de figuras de acci\u00f3n de Star Wars!<\/p>\n<p>Jawa est\u00e1 estilizado como la figura retro de Kenner con el esquema de pintura marr\u00f3n y la capa de tela.<\/p>\n<p>Con detalles y dise\u00f1o de primera calidad en m\u00faltiples puntos de articulaci\u00f3n inspirados en Star Wars: A New Hope, esta figura coleccionable de escala de 15 cm aproximadamente de Star Wars.<\/p>\n<p>Cuenta con la tarjeta de estilo vintage Star Wars Kenner.<\/p>\n<p>Incluye: figura y 2 accesorios.<\/p>\n<div>\n<p>Edad recomendada: 4 a\u00f1os en adelante<\/p>\n<\/div>\n<div>\n<p>\u26a0\ufe0f ADVERTENCIA: PELIGRO DE ASFIXIA &#8211; Piezas peque\u00f1as. No apto para ni\u00f1os menores de 4 a\u00f1os.<\/p>\n<\/div>\n<div>\n<p>Los productos Star Wars son producidos por Hasbro bajo licencia de Lucasfilm Ltd.<\/p>\n<\/div>\n<div>\n<p>Hasbro y todos los t\u00e9rminos relacionados son marcas de comercio de Hasbro.<\/p>\n<\/div>\n","protected":false},"excerpt":{"rendered":"<p>Los jawas peinan los desiertos de Tatooine en busca de chatarra desechada, vendiendo chatarra restaurada apresuradamente, incluidos los droides, a los granjeros de humedad, con \u00a0inmensos veh\u00edculos conocidos como Sandcrawlers.<\/p>\n","protected":false},"featured_media":3074,"comment_status":"open","ping_status":"closed","template":"","meta":[],"product_brand":[],"product_cat":[29],"product_tag":[],"class_list":{"0":"post-679","1":"product","2":"type-product","3":"status-publish","4":"has-post-thumbnail","6":"product_cat-vintage","8":"first","9":"instock","10":"taxable","11":"shipping-taxable","12":"purchasable","13":"product-type-simple"},"_links":{"self":[{"href":"https:\/\/r2-toys.com\/index.php\/wp-json\/wp\/v2\/product\/679","targetHints":{"allow":["GET"]}}],"collection":[{"href":"https:\/\/r2-toys.com\/index.php\/wp-json\/wp\/v2\/product"}],"about":[{"href":"https:\/\/r2-toys.com\/index.php\/wp-json\/wp\/v2\/types\/product"}],"replies":[{"embeddable":true,"href":"https:\/\/r2-toys.com\/index.php\/wp-json\/wp\/v2\/comments?post=679"}],"wp:featuredmedia":[{"embeddable":true,"href":"https:\/\/r2-toys.com\/index.php\/wp-json\/wp\/v2\/media\/3074"}],"wp:attachment":[{"href":"https:\/\/r2-toys.com\/index.php\/wp-json\/wp\/v2\/media?parent=679"}],"wp:term":[{"taxonomy":"product_brand","embeddable":true,"href":"https:\/\/r2-toys.com\/index.php\/wp-json\/wp\/v2\/product_brand?post=679"},{"taxonomy":"product_cat","embeddable":true,"href":"https:\/\/r2-toys.com\/index.php\/wp-json\/wp\/v2\/product_cat?post=679"},{"taxonomy":"product_tag","embeddable":true,"href":"https:\/\/r2-toys.com\/index.php\/wp-json\/wp\/v2\/product_tag?post=679"}],"curies":[{"name":"wp","href":"https:\/\/api.w.org\/{rel}","templated":true}]}}